{"id":1759,"date":"2020-05-17T13:15:41","date_gmt":"2020-05-17T11:15:41","guid":{"rendered":"https:\/\/gymnasiumnordenhamtest.live-website.com\/?page_id=1759"},"modified":"2021-01-04T08:57:58","modified_gmt":"2021-01-04T07:57:58","slug":"deutsch-curricula","status":"publish","type":"page","link":"https:\/\/gymnasium-nordenham.de\/en\/deutsch-curricula","title":{"rendered":"Deutsch &#8211; Curricula"},"content":{"rendered":"<div data-elementor-type=\"wp-page\" data-elementor-id=\"1759\" class=\"elementor elementor-1759\" data-elementor-post-type=\"page\">\n\t\t\t\t\t\t<section class=\"elementor-section elementor-top-section elementor-element elementor-element-5257c4b elementor-section-full_width elementor-section-height-default elementor-section-height-default\" data-id=\"5257c4b\" data-element_type=\"section\" data-e-type=\"section\">\n\t\t\t\t\t\t<div class=\"elementor-container elementor-column-gap-default\">\n\t\t\t\t\t<div class=\"elementor-column elementor-col-100 elementor-top-column elementor-element elementor-element-929ce8f\" data-id=\"929ce8f\" data-element_type=\"column\" data-e-type=\"column\" data-settings=\"{&quot;background_background&quot;:&quot;classic&quot;}\">\n\t\t\t<div class=\"elementor-widget-wrap elementor-element-populated\">\n\t\t\t\t\t\t<div class=\"elementor-element elementor-element-de78d44 elementor-widget elementor-widget-heading\" data-id=\"de78d44\" data-element_type=\"widget\" data-e-type=\"widget\" data-widget_type=\"heading.default\">\n\t\t\t\t<div class=\"elementor-widget-container\">\n\t\t\t\t\t<h2 class=\"elementor-heading-title elementor-size-large\">Curricula<\/h2>\t\t\t\t<\/div>\n\t\t\t\t<\/div>\n\t\t\t\t\t<\/div>\n\t\t<\/div>\n\t\t\t\t\t<\/div>\n\t\t<\/section>\n\t\t\t\t<section class=\"elementor-section elementor-top-section elementor-element elementor-element-9215942 elementor-section-full_width elementor-section-height-default elementor-section-height-default\" data-id=\"9215942\" data-element_type=\"section\" data-e-type=\"section\">\n\t\t\t\t\t\t<div class=\"elementor-container elementor-column-gap-default\">\n\t\t\t\t\t<div class=\"elementor-column elementor-col-66 elementor-top-column elementor-element elementor-element-bc4bb8e\" data-id=\"bc4bb8e\" data-element_type=\"column\" data-e-type=\"column\">\n\t\t\t<div class=\"elementor-widget-wrap elementor-element-populated\">\n\t\t\t\t\t\t<div class=\"elementor-element elementor-element-809aad3 elementor-widget elementor-widget-text-editor\" data-id=\"809aad3\" data-element_type=\"widget\" data-e-type=\"widget\" data-widget_type=\"text-editor.default\">\n\t\t\t\t<div class=\"elementor-widget-container\">\n\t\t\t\t\t\t\t\t\t<p style=\"text-align: justify;\"><span style=\"font-size: 12pt; font-family: georgia, palatino, serif;\">Der Unterricht in allgemein bildenden Schulen wird auf der Grundlage von Lehrpl\u00e4nen des Nieders\u00e4chsischen Kultusministeriums (Kerncurricula, Rahmenrichtlinien und Curricularen Vorgaben) erteilt. Weitere Grundlage f\u00fcr den Unterricht bilden die Bildungsstandards, die einheitlichen Pr\u00fcfungsanforderungen f\u00fcr das Abitur (EPA) und die Themen f\u00fcr das Zentralabitur.<\/span><\/p><p style=\"text-align: justify;\"><span style=\"font-size: 12pt; font-family: georgia, palatino, serif;\">Fachgruppen in den Schulen erarbeiten zudem schulinterne Curricula, die speziell auf die jeweiligen Schulformen und Schulen zugeschnitten sind und Inhalte der vom Land Niedersachsen vorgegebenen curricularen Vorgaben erg\u00e4nzen.<\/span><\/p><p style=\"text-align: justify;\"><span style=\"font-size: 12pt; font-family: georgia, palatino, serif;\">Hier ein \u00dcberblick \u00fcber relevante Dokumente:<\/span><\/p><p style=\"text-align: justify;\"><span style=\"font-size: 12pt; font-family: georgia, palatino, serif;\"><a href=\"https:\/\/gymnasium-nordenham.de\/wp-content\/uploads\/2020\/10\/2012_10_18-bildungsstandards-deutsch-abi.pdf\" target=\"_blank\" rel=\"noopener\">Bildungsstandards im Fach Deutsch f\u00fcr die Allgemeine Hochschulreife (2012)<\/a><br \/><\/span><\/p><p style=\"text-align: justify;\"><span style=\"font-size: 12pt; font-family: georgia, palatino, serif;\"><a href=\"https:\/\/gymnasium-nordenham.de\/wp-content\/uploads\/2020\/10\/de_gym_go_kc_2016.pdf\" target=\"_blank\" rel=\"noopener\">KC f\u00fcr das Gymnasium (gymnasiale Oberstufe) (2016)<\/a><\/span><\/p><p><span style=\"font-family: georgia, palatino, serif; font-size: 12pt;\"><a href=\"https:\/\/gymnasium-nordenham.de\/wp-content\/uploads\/2020\/10\/de_gym_si_kc_druck.pdf\" target=\"_blank\" rel=\"noopener\">KC f\u00fcr das Gymnasium Schuljahrg\u00e4nge 5 bis 10 (2015)<\/a><\/span><\/p><p style=\"text-align: justify;\"><span style=\"font-size: 12pt; font-family: georgia, palatino, serif;\"><a href=\"https:\/\/gymnasium-nordenham.de\/wp-content\/uploads\/2020\/05\/DEUTSCH_Schulinterner-Lehrplan-2015.pdf\" target=\"_blank\" rel=\"noopener\">Schulinternes Curriculum f\u00fcr das Fach Deutsch am Gymnasium Nordenham (2015)\u00a0<\/a><\/span><\/p>\t\t\t\t\t\t\t\t<\/div>\n\t\t\t\t<\/div>\n\t\t\t\t\t<\/div>\n\t\t<\/div>\n\t\t\t\t<div class=\"elementor-column elementor-col-33 elementor-top-column elementor-element elementor-element-c25fcbf\" data-id=\"c25fcbf\" data-element_type=\"column\" data-e-type=\"column\">\n\t\t\t<div class=\"elementor-widget-wrap elementor-element-populated\">\n\t\t\t\t\t\t<div class=\"elementor-element elementor-element-497df0a elementor-invisible elementor-widget elementor-widget-wp-widget-nav_menu\" data-id=\"497df0a\" data-element_type=\"widget\" data-e-type=\"widget\" data-settings=\"{&quot;_animation&quot;:&quot;fadeInUp&quot;}\" data-widget_type=\"wp-widget-nav_menu.default\">\n\t\t\t\t<div class=\"elementor-widget-container\">\n\t\t\t\t\t<div class=\"menu-fachmenue-deutsch-container\"><ul id=\"menu-fachmenue-deutsch\" class=\"menu\"><li id=\"menu-item-1769\" class=\"menu-item menu-item-type-post_type menu-item-object-page menu-item-1769\"><a href=\"https:\/\/gymnasium-nordenham.de\/en\/deutsch-am-gn\">Deutsch am GN<\/a><\/li>\n<li id=\"menu-item-1770\" class=\"menu-item menu-item-type-post_type menu-item-object-page menu-item-1770\"><a href=\"https:\/\/gymnasium-nordenham.de\/en\/deutsch-lehrwerke\">Lehrwerke<\/a><\/li>\n<li id=\"menu-item-1767\" class=\"menu-item menu-item-type-post_type menu-item-object-page menu-item-1767\"><a href=\"https:\/\/gymnasium-nordenham.de\/en\/deutsch-curricula\">Curricula<\/a><\/li>\n<li id=\"menu-item-1766\" class=\"menu-item menu-item-type-post_type menu-item-object-page menu-item-1766\"><a href=\"https:\/\/gymnasium-nordenham.de\/en\/deutsch-klassenarbeiten-und-klausuren\">Klassenarbeiten und Klausuren<\/a><\/li>\n<li id=\"menu-item-1765\" class=\"menu-item menu-item-type-post_type menu-item-object-page menu-item-1765\"><a href=\"https:\/\/gymnasium-nordenham.de\/en\/deutsch-weitere-angebote\">Weitere Angebote<\/a><\/li>\n<\/ul><\/div>\t\t\t\t<\/div>\n\t\t\t\t<\/div>\n\t\t\t\t\t<\/div>\n\t\t<\/div>\n\t\t\t\t\t<\/div>\n\t\t<\/section>\n\t\t\t\t<\/div>","protected":false},"excerpt":{"rendered":"<p>Curricula Der Unterricht in allgemein bildenden Schulen wird auf der Grundlage von Lehrpl\u00e4nen des Nieders\u00e4chsischen Kultusministeriums (Kerncurricula, Rahmenrichtlinien und Curricularen Vorgaben) erteilt. Weitere Grundlage f\u00fcr den Unterricht bilden die Bildungsstandards, die einheitlichen Pr\u00fcfungsanforderungen f\u00fcr das Abitur (EPA) und die Themen &hellip; <a href=\"https:\/\/gymnasium-nordenham.de\/en\/deutsch-curricula\">Continue reading <span class=\"meta-nav\">&rarr;<\/span><\/a><\/p>","protected":false},"author":4,"featured_media":0,"parent":0,"menu_order":0,"comment_status":"closed","ping_status":"closed","template":"elementor_header_footer","meta":{"_crdt_document":"","footnotes":""},"class_list":["post-1759","page","type-page","status-publish","hentry"],"yoast_head":"<!-- This site is optimized with the Yoast SEO plugin v27.3 - https:\/\/yoast.com\/product\/yoast-seo-wordpress\/ -->\n<title>Deutsch - Curricula - Gymnasium Nordenham<\/title>\n<meta name=\"robots\" content=\"index, follow, max-snippet:-1, max-image-preview:large, max-video-preview:-1\" \/>\n<link rel=\"canonical\" href=\"https:\/\/gymnasium-nordenham.de\/en\/deutsch-curricula\/\" \/>\n<meta property=\"og:locale\" content=\"en_GB\" \/>\n<meta property=\"og:type\" content=\"article\" \/>\n<meta property=\"og:title\" content=\"Deutsch - Curricula - Gymnasium Nordenham\" \/>\n<meta property=\"og:description\" content=\"Curricula Der Unterricht in allgemein bildenden Schulen wird auf der Grundlage von Lehrpl\u00e4nen des Nieders\u00e4chsischen Kultusministeriums (Kerncurricula, Rahmenrichtlinien und Curricularen Vorgaben) erteilt. Weitere Grundlage f\u00fcr den Unterricht bilden die Bildungsstandards, die einheitlichen Pr\u00fcfungsanforderungen f\u00fcr das Abitur (EPA) und die Themen &hellip; Continue reading &rarr;\" \/>\n<meta property=\"og:url\" content=\"https:\/\/gymnasium-nordenham.de\/en\/deutsch-curricula\/\" \/>\n<meta property=\"og:site_name\" content=\"Gymnasium Nordenham\" \/>\n<meta property=\"article:modified_time\" content=\"2021-01-04T07:57:58+00:00\" \/>\n<meta name=\"twitter:card\" content=\"summary_large_image\" \/>\n<meta name=\"twitter:label1\" content=\"Estimated reading time\" \/>\n\t<meta name=\"twitter:data1\" content=\"1 minute\" \/>\n<script type=\"application\/ld+json\" class=\"yoast-schema-graph\">{\"@context\":\"https:\\\/\\\/schema.org\",\"@graph\":[{\"@type\":\"WebPage\",\"@id\":\"https:\\\/\\\/gymnasium-nordenham.de\\\/deutsch-curricula\",\"url\":\"https:\\\/\\\/gymnasium-nordenham.de\\\/deutsch-curricula\",\"name\":\"Deutsch - Curricula - Gymnasium Nordenham\",\"isPartOf\":{\"@id\":\"https:\\\/\\\/gymnasium-nordenham.de\\\/#website\"},\"datePublished\":\"2020-05-17T11:15:41+00:00\",\"dateModified\":\"2021-01-04T07:57:58+00:00\",\"breadcrumb\":{\"@id\":\"https:\\\/\\\/gymnasium-nordenham.de\\\/deutsch-curricula#breadcrumb\"},\"inLanguage\":\"en-GB\",\"potentialAction\":[{\"@type\":\"ReadAction\",\"target\":[\"https:\\\/\\\/gymnasium-nordenham.de\\\/deutsch-curricula\"]}]},{\"@type\":\"BreadcrumbList\",\"@id\":\"https:\\\/\\\/gymnasium-nordenham.de\\\/deutsch-curricula#breadcrumb\",\"itemListElement\":[{\"@type\":\"ListItem\",\"position\":1,\"name\":\"Startseite\",\"item\":\"https:\\\/\\\/gymnasium-nordenham.de\\\/\"},{\"@type\":\"ListItem\",\"position\":2,\"name\":\"Deutsch &#8211; Curricula\"}]},{\"@type\":\"WebSite\",\"@id\":\"https:\\\/\\\/gymnasium-nordenham.de\\\/#website\",\"url\":\"https:\\\/\\\/gymnasium-nordenham.de\\\/\",\"name\":\"Gymnasium Nordenham\",\"description\":\"Miteinander, voneinander und f\u00fcreinander lernen\",\"potentialAction\":[{\"@type\":\"SearchAction\",\"target\":{\"@type\":\"EntryPoint\",\"urlTemplate\":\"https:\\\/\\\/gymnasium-nordenham.de\\\/?s={search_term_string}\"},\"query-input\":{\"@type\":\"PropertyValueSpecification\",\"valueRequired\":true,\"valueName\":\"search_term_string\"}}],\"inLanguage\":\"en-GB\"}]}<\/script>\n<!-- \/ Yoast SEO plugin. -->","yoast_head_json":{"title":"Deutsch - Curricula - Gymnasium Nordenham","robots":{"index":"index","follow":"follow","max-snippet":"max-snippet:-1","max-image-preview":"max-image-preview:large","max-video-preview":"max-video-preview:-1"},"canonical":"https:\/\/gymnasium-nordenham.de\/en\/deutsch-curricula\/","og_locale":"en_GB","og_type":"article","og_title":"Deutsch - Curricula - Gymnasium Nordenham","og_description":"Curricula Der Unterricht in allgemein bildenden Schulen wird auf der Grundlage von Lehrpl\u00e4nen des Nieders\u00e4chsischen Kultusministeriums (Kerncurricula, Rahmenrichtlinien und Curricularen Vorgaben) erteilt. Weitere Grundlage f\u00fcr den Unterricht bilden die Bildungsstandards, die einheitlichen Pr\u00fcfungsanforderungen f\u00fcr das Abitur (EPA) und die Themen &hellip; Continue reading &rarr;","og_url":"https:\/\/gymnasium-nordenham.de\/en\/deutsch-curricula\/","og_site_name":"Gymnasium Nordenham","article_modified_time":"2021-01-04T07:57:58+00:00","twitter_card":"summary_large_image","twitter_misc":{"Estimated reading time":"1 minute"},"schema":{"@context":"https:\/\/schema.org","@graph":[{"@type":"WebPage","@id":"https:\/\/gymnasium-nordenham.de\/deutsch-curricula","url":"https:\/\/gymnasium-nordenham.de\/deutsch-curricula","name":"Deutsch - Curricula - Gymnasium Nordenham","isPartOf":{"@id":"https:\/\/gymnasium-nordenham.de\/#website"},"datePublished":"2020-05-17T11:15:41+00:00","dateModified":"2021-01-04T07:57:58+00:00","breadcrumb":{"@id":"https:\/\/gymnasium-nordenham.de\/deutsch-curricula#breadcrumb"},"inLanguage":"en-GB","potentialAction":[{"@type":"ReadAction","target":["https:\/\/gymnasium-nordenham.de\/deutsch-curricula"]}]},{"@type":"BreadcrumbList","@id":"https:\/\/gymnasium-nordenham.de\/deutsch-curricula#breadcrumb","itemListElement":[{"@type":"ListItem","position":1,"name":"Startseite","item":"https:\/\/gymnasium-nordenham.de\/"},{"@type":"ListItem","position":2,"name":"Deutsch &#8211; Curricula"}]},{"@type":"WebSite","@id":"https:\/\/gymnasium-nordenham.de\/#website","url":"https:\/\/gymnasium-nordenham.de\/","name":"Gymnasium Nordenham","description":"Miteinander, voneinander und f\u00fcreinander lernen","potentialAction":[{"@type":"SearchAction","target":{"@type":"EntryPoint","urlTemplate":"https:\/\/gymnasium-nordenham.de\/?s={search_term_string}"},"query-input":{"@type":"PropertyValueSpecification","valueRequired":true,"valueName":"search_term_string"}}],"inLanguage":"en-GB"}]}},"_links":{"self":[{"href":"https:\/\/gymnasium-nordenham.de\/en\/wp-json\/wp\/v2\/pages\/1759","targetHints":{"allow":["GET"]}}],"collection":[{"href":"https:\/\/gymnasium-nordenham.de\/en\/wp-json\/wp\/v2\/pages"}],"about":[{"href":"https:\/\/gymnasium-nordenham.de\/en\/wp-json\/wp\/v2\/types\/page"}],"author":[{"embeddable":true,"href":"https:\/\/gymnasium-nordenham.de\/en\/wp-json\/wp\/v2\/users\/4"}],"replies":[{"embeddable":true,"href":"https:\/\/gymnasium-nordenham.de\/en\/wp-json\/wp\/v2\/comments?post=1759"}],"version-history":[{"count":0,"href":"https:\/\/gymnasium-nordenham.de\/en\/wp-json\/wp\/v2\/pages\/1759\/revisions"}],"wp:attachment":[{"href":"https:\/\/gymnasium-nordenham.de\/en\/wp-json\/wp\/v2\/media?parent=1759"}],"curies":[{"name":"wp","href":"https:\/\/api.w.org\/{rel}","templated":true}]}}