{"id":1754,"date":"2020-05-17T13:13:57","date_gmt":"2020-05-17T11:13:57","guid":{"rendered":"https:\/\/gymnasiumnordenhamtest.live-website.com\/?page_id=1754"},"modified":"2021-12-06T07:26:01","modified_gmt":"2021-12-06T06:26:01","slug":"deutsch-lehrwerke","status":"publish","type":"page","link":"https:\/\/gymnasium-nordenham.de\/en\/deutsch-lehrwerke","title":{"rendered":"Deutsch &#8211; Lehrwerke"},"content":{"rendered":"<div data-elementor-type=\"wp-page\" data-elementor-id=\"1754\" class=\"elementor elementor-1754\" data-elementor-post-type=\"page\">\n\t\t\t\t\t\t<section class=\"elementor-section elementor-top-section elementor-element elementor-element-5257c4b elementor-section-full_width elementor-section-height-default elementor-section-height-default\" data-id=\"5257c4b\" data-element_type=\"section\" data-e-type=\"section\">\n\t\t\t\t\t\t<div class=\"elementor-container elementor-column-gap-default\">\n\t\t\t\t\t<div class=\"elementor-column elementor-col-100 elementor-top-column elementor-element elementor-element-929ce8f\" data-id=\"929ce8f\" data-element_type=\"column\" data-e-type=\"column\" data-settings=\"{&quot;background_background&quot;:&quot;classic&quot;}\">\n\t\t\t<div class=\"elementor-widget-wrap elementor-element-populated\">\n\t\t\t\t\t\t<div class=\"elementor-element elementor-element-de78d44 elementor-widget elementor-widget-heading\" data-id=\"de78d44\" data-element_type=\"widget\" data-e-type=\"widget\" data-widget_type=\"heading.default\">\n\t\t\t\t<div class=\"elementor-widget-container\">\n\t\t\t\t\t<h2 class=\"elementor-heading-title elementor-size-large\">Lehrwerke<\/h2>\t\t\t\t<\/div>\n\t\t\t\t<\/div>\n\t\t\t\t\t<\/div>\n\t\t<\/div>\n\t\t\t\t\t<\/div>\n\t\t<\/section>\n\t\t\t\t<section class=\"elementor-section elementor-top-section elementor-element elementor-element-9215942 elementor-section-full_width elementor-section-height-default elementor-section-height-default\" data-id=\"9215942\" data-element_type=\"section\" data-e-type=\"section\">\n\t\t\t\t\t\t<div class=\"elementor-container elementor-column-gap-default\">\n\t\t\t\t\t<div class=\"elementor-column elementor-col-66 elementor-top-column elementor-element elementor-element-bc4bb8e\" data-id=\"bc4bb8e\" data-element_type=\"column\" data-e-type=\"column\">\n\t\t\t<div class=\"elementor-widget-wrap elementor-element-populated\">\n\t\t\t\t\t\t<div class=\"elementor-element elementor-element-809aad3 elementor-widget elementor-widget-text-editor\" data-id=\"809aad3\" data-element_type=\"widget\" data-e-type=\"widget\" data-widget_type=\"text-editor.default\">\n\t\t\t\t<div class=\"elementor-widget-container\">\n\t\t\t\t\t\t\t\t\t<p style=\"text-align: justify;\"><span style=\"font-size: 12pt; font-family: georgia, palatino, serif;\">Der Fachbereich Deutsch arbeitet in den Jahrg\u00e4ngen 5 bis 10 mit dem Lehrwerk \u00a0<strong>Deutschbuch<\/strong> aus dem Cornelsen-Verlag. F\u00fcr die Jahrg\u00e4nge 5 und 6 kommt das auf das Lehrbuch zugeschnittene Arbeitsheft (ohne CD-ROM) jeweils verpflichtend hinzu. Ab Jahrgang 7 kann die unterrichtende Lehrkraft entscheiden, ob eine Anschaffung des Arbeitsheftes\u00a0 f\u00fcr die Lerngruppe sinnvoll erscheint.<\/span><\/p><p style=\"text-align: justify;\"><span style=\"font-size: 12pt; font-family: georgia, palatino, serif;\">In der Einf\u00fchrungsphase (Jahrgang 11) und in der Qualifikationsphase der Oberstufe (Jahrg\u00e4nge 12 und 13) k\u00f6nnen Materialien verschiedener Verlage eingesetzt werden. Die unterrichtenden Lehrkr\u00e4fte entscheiden, welches Lehrwerk inhaltlich anzuschaffen ist und teilen dies den Sch\u00fclerinnen und Sch\u00fclern bzw. deren Erziehungsberechtigten am Anfang des Halbjahres bzw. Schuljahres mit.\u00a0 Ab dem Schuljahr 2019\/20 ist zudem ein f\u00fcr die Jahrg\u00e4nge 11 bis 13 nutzbares Arbeitsheft von Klett anzuschaffen, welches Kernkompetenzen f\u00fcr das Fach Deutsch trainieren und sichern soll (ISBN 978-3-12-350517-1).<\/span><\/p><p style=\"text-align: justify;\"><span style=\"font-size: 12pt; font-family: georgia, palatino, serif;\">Zudem gelten f\u00fcr die gymnasiale Oberstufe die Vorgaben des nieders\u00e4chsischen Kultusministeriums, welche auf der Website von <a href=\"https:\/\/bildungsportal-niedersachsen.de\/unterricht-mehr\/unterrichtsfaecher\/deutsch-sek-i\" target=\"_blank\" rel=\"noopener\">nibis<\/a> abrufbar sind.<\/span><\/p><p style=\"text-align: justify;\"><span style=\"font-family: georgia, palatino, serif; font-size: 12pt;\"><strong>Lehrwerke im Fach Deutsch nach Jahrg\u00e4ngen 5 bis 11:<\/strong><\/span><\/p><ul><li style=\"text-align: justify;\"><span style=\"font-size: 12pt; font-family: georgia, palatino, serif;\">Deutschbuch 5 (ISBN: 978-3-06-062413-3)<\/span><br \/><span style=\"font-size: 12pt; font-family: georgia, palatino, serif;\">Arbeitsheft (ISBN: 978-3-06-062493-5)<\/span><\/li><li style=\"text-align: justify;\"><span style=\"font-size: 12pt; font-family: georgia, palatino, serif;\">Deutschbuch 6 (ISBN: 978-3-06-062414-0)<\/span><br \/><span style=\"font-size: 12pt; font-family: georgia, palatino, serif;\">Arbeitsheft (ISBN: 978-3-06-062494-2)<\/span><\/li><li style=\"text-align: justify;\"><span style=\"font-size: 12pt; font-family: georgia, palatino, serif;\">Deutschbuch 7 (ISBN: 978-3-06-062415-7)<\/span><\/li><li style=\"text-align: justify;\"><span style=\"font-size: 12pt; font-family: georgia, palatino, serif;\">Deutschbuch 8 (ISBN: 978-3-06-062416-4)<\/span><\/li><li style=\"text-align: justify;\"><span style=\"font-size: 12pt; font-family: georgia, palatino, serif;\">Deutschbuch 9 (ISBN: 978-3-06-062417-1)<\/span><\/li><li style=\"text-align: justify;\"><span style=\"font-size: 12pt; font-family: georgia, palatino, serif;\">Deutschbuch 10 (ISBN: 978-3-06-062418-8)<\/span><\/li><li style=\"text-align: justify;\"><span style=\"font-size: 12pt;\"><span style=\"font-family: georgia, palatino, serif;\">deutsch.kompetent (ISBN: 978-3-12350517-1) <\/span><span style=\"font-family: georgia, palatino, serif;\">(Arbeitsheft)<\/span><\/span><\/li><\/ul>\t\t\t\t\t\t\t\t<\/div>\n\t\t\t\t<\/div>\n\t\t\t\t\t<\/div>\n\t\t<\/div>\n\t\t\t\t<div class=\"elementor-column elementor-col-33 elementor-top-column elementor-element elementor-element-c25fcbf\" data-id=\"c25fcbf\" data-element_type=\"column\" data-e-type=\"column\">\n\t\t\t<div class=\"elementor-widget-wrap elementor-element-populated\">\n\t\t\t\t\t\t<div class=\"elementor-element elementor-element-497df0a elementor-invisible elementor-widget elementor-widget-wp-widget-nav_menu\" data-id=\"497df0a\" data-element_type=\"widget\" data-e-type=\"widget\" data-settings=\"{&quot;_animation&quot;:&quot;fadeInUp&quot;}\" data-widget_type=\"wp-widget-nav_menu.default\">\n\t\t\t\t<div class=\"elementor-widget-container\">\n\t\t\t\t\t<div class=\"menu-fachmenue-deutsch-container\"><ul id=\"menu-fachmenue-deutsch\" class=\"menu\"><li id=\"menu-item-1769\" class=\"menu-item menu-item-type-post_type menu-item-object-page menu-item-1769\"><a href=\"https:\/\/gymnasium-nordenham.de\/en\/deutsch-am-gn\">Deutsch am GN<\/a><\/li>\n<li id=\"menu-item-1770\" class=\"menu-item menu-item-type-post_type menu-item-object-page menu-item-1770\"><a href=\"https:\/\/gymnasium-nordenham.de\/en\/deutsch-lehrwerke\">Lehrwerke<\/a><\/li>\n<li id=\"menu-item-1767\" class=\"menu-item menu-item-type-post_type menu-item-object-page menu-item-1767\"><a href=\"https:\/\/gymnasium-nordenham.de\/en\/deutsch-curricula\">Curricula<\/a><\/li>\n<li id=\"menu-item-1766\" class=\"menu-item menu-item-type-post_type menu-item-object-page menu-item-1766\"><a href=\"https:\/\/gymnasium-nordenham.de\/en\/deutsch-klassenarbeiten-und-klausuren\">Klassenarbeiten und Klausuren<\/a><\/li>\n<li id=\"menu-item-1765\" class=\"menu-item menu-item-type-post_type menu-item-object-page menu-item-1765\"><a href=\"https:\/\/gymnasium-nordenham.de\/en\/deutsch-weitere-angebote\">Weitere Angebote<\/a><\/li>\n<\/ul><\/div>\t\t\t\t<\/div>\n\t\t\t\t<\/div>\n\t\t\t\t\t<\/div>\n\t\t<\/div>\n\t\t\t\t\t<\/div>\n\t\t<\/section>\n\t\t\t\t<\/div>","protected":false},"excerpt":{"rendered":"<p>Lehrwerke Der Fachbereich Deutsch arbeitet in den Jahrg\u00e4ngen 5 bis 10 mit dem Lehrwerk \u00a0Deutschbuch aus dem Cornelsen-Verlag. F\u00fcr die Jahrg\u00e4nge 5 und 6 kommt das auf das Lehrbuch zugeschnittene Arbeitsheft (ohne CD-ROM) jeweils verpflichtend hinzu. Ab Jahrgang 7 kann &hellip; <a href=\"https:\/\/gymnasium-nordenham.de\/en\/deutsch-lehrwerke\">Continue reading <span class=\"meta-nav\">&rarr;<\/span><\/a><\/p>","protected":false},"author":4,"featured_media":0,"parent":0,"menu_order":0,"comment_status":"closed","ping_status":"closed","template":"elementor_header_footer","meta":{"_crdt_document":"","footnotes":""},"class_list":["post-1754","page","type-page","status-publish","hentry"],"yoast_head":"<!-- This site is optimized with the Yoast SEO plugin v27.3 - https:\/\/yoast.com\/product\/yoast-seo-wordpress\/ -->\n<title>Deutsch - Lehrwerke - Gymnasium Nordenham<\/title>\n<meta name=\"robots\" content=\"index, follow, max-snippet:-1, max-image-preview:large, max-video-preview:-1\" \/>\n<link rel=\"canonical\" href=\"https:\/\/gymnasium-nordenham.de\/en\/deutsch-lehrwerke\/\" \/>\n<meta property=\"og:locale\" content=\"en_GB\" \/>\n<meta property=\"og:type\" content=\"article\" \/>\n<meta property=\"og:title\" content=\"Deutsch - Lehrwerke - Gymnasium Nordenham\" \/>\n<meta property=\"og:description\" content=\"Lehrwerke Der Fachbereich Deutsch arbeitet in den Jahrg\u00e4ngen 5 bis 10 mit dem Lehrwerk \u00a0Deutschbuch aus dem Cornelsen-Verlag. F\u00fcr die Jahrg\u00e4nge 5 und 6 kommt das auf das Lehrbuch zugeschnittene Arbeitsheft (ohne CD-ROM) jeweils verpflichtend hinzu. Ab Jahrgang 7 kann &hellip; Continue reading &rarr;\" \/>\n<meta property=\"og:url\" content=\"https:\/\/gymnasium-nordenham.de\/en\/deutsch-lehrwerke\/\" \/>\n<meta property=\"og:site_name\" content=\"Gymnasium Nordenham\" \/>\n<meta property=\"article:modified_time\" content=\"2021-12-06T06:26:01+00:00\" \/>\n<meta name=\"twitter:card\" content=\"summary_large_image\" \/>\n<meta name=\"twitter:label1\" content=\"Estimated reading time\" \/>\n\t<meta name=\"twitter:data1\" content=\"1 minute\" \/>\n<script type=\"application\/ld+json\" class=\"yoast-schema-graph\">{\"@context\":\"https:\\\/\\\/schema.org\",\"@graph\":[{\"@type\":\"WebPage\",\"@id\":\"https:\\\/\\\/gymnasium-nordenham.de\\\/deutsch-lehrwerke\",\"url\":\"https:\\\/\\\/gymnasium-nordenham.de\\\/deutsch-lehrwerke\",\"name\":\"Deutsch - Lehrwerke - Gymnasium Nordenham\",\"isPartOf\":{\"@id\":\"https:\\\/\\\/gymnasium-nordenham.de\\\/#website\"},\"datePublished\":\"2020-05-17T11:13:57+00:00\",\"dateModified\":\"2021-12-06T06:26:01+00:00\",\"breadcrumb\":{\"@id\":\"https:\\\/\\\/gymnasium-nordenham.de\\\/deutsch-lehrwerke#breadcrumb\"},\"inLanguage\":\"en-GB\",\"potentialAction\":[{\"@type\":\"ReadAction\",\"target\":[\"https:\\\/\\\/gymnasium-nordenham.de\\\/deutsch-lehrwerke\"]}]},{\"@type\":\"BreadcrumbList\",\"@id\":\"https:\\\/\\\/gymnasium-nordenham.de\\\/deutsch-lehrwerke#breadcrumb\",\"itemListElement\":[{\"@type\":\"ListItem\",\"position\":1,\"name\":\"Startseite\",\"item\":\"https:\\\/\\\/gymnasium-nordenham.de\\\/\"},{\"@type\":\"ListItem\",\"position\":2,\"name\":\"Deutsch &#8211; Lehrwerke\"}]},{\"@type\":\"WebSite\",\"@id\":\"https:\\\/\\\/gymnasium-nordenham.de\\\/#website\",\"url\":\"https:\\\/\\\/gymnasium-nordenham.de\\\/\",\"name\":\"Gymnasium Nordenham\",\"description\":\"Miteinander, voneinander und f\u00fcreinander lernen\",\"potentialAction\":[{\"@type\":\"SearchAction\",\"target\":{\"@type\":\"EntryPoint\",\"urlTemplate\":\"https:\\\/\\\/gymnasium-nordenham.de\\\/?s={search_term_string}\"},\"query-input\":{\"@type\":\"PropertyValueSpecification\",\"valueRequired\":true,\"valueName\":\"search_term_string\"}}],\"inLanguage\":\"en-GB\"}]}<\/script>\n<!-- \/ Yoast SEO plugin. -->","yoast_head_json":{"title":"Deutsch - Lehrwerke - Gymnasium Nordenham","robots":{"index":"index","follow":"follow","max-snippet":"max-snippet:-1","max-image-preview":"max-image-preview:large","max-video-preview":"max-video-preview:-1"},"canonical":"https:\/\/gymnasium-nordenham.de\/en\/deutsch-lehrwerke\/","og_locale":"en_GB","og_type":"article","og_title":"Deutsch - Lehrwerke - Gymnasium Nordenham","og_description":"Lehrwerke Der Fachbereich Deutsch arbeitet in den Jahrg\u00e4ngen 5 bis 10 mit dem Lehrwerk \u00a0Deutschbuch aus dem Cornelsen-Verlag. F\u00fcr die Jahrg\u00e4nge 5 und 6 kommt das auf das Lehrbuch zugeschnittene Arbeitsheft (ohne CD-ROM) jeweils verpflichtend hinzu. Ab Jahrgang 7 kann &hellip; Continue reading &rarr;","og_url":"https:\/\/gymnasium-nordenham.de\/en\/deutsch-lehrwerke\/","og_site_name":"Gymnasium Nordenham","article_modified_time":"2021-12-06T06:26:01+00:00","twitter_card":"summary_large_image","twitter_misc":{"Estimated reading time":"1 minute"},"schema":{"@context":"https:\/\/schema.org","@graph":[{"@type":"WebPage","@id":"https:\/\/gymnasium-nordenham.de\/deutsch-lehrwerke","url":"https:\/\/gymnasium-nordenham.de\/deutsch-lehrwerke","name":"Deutsch - Lehrwerke - Gymnasium Nordenham","isPartOf":{"@id":"https:\/\/gymnasium-nordenham.de\/#website"},"datePublished":"2020-05-17T11:13:57+00:00","dateModified":"2021-12-06T06:26:01+00:00","breadcrumb":{"@id":"https:\/\/gymnasium-nordenham.de\/deutsch-lehrwerke#breadcrumb"},"inLanguage":"en-GB","potentialAction":[{"@type":"ReadAction","target":["https:\/\/gymnasium-nordenham.de\/deutsch-lehrwerke"]}]},{"@type":"BreadcrumbList","@id":"https:\/\/gymnasium-nordenham.de\/deutsch-lehrwerke#breadcrumb","itemListElement":[{"@type":"ListItem","position":1,"name":"Startseite","item":"https:\/\/gymnasium-nordenham.de\/"},{"@type":"ListItem","position":2,"name":"Deutsch &#8211; Lehrwerke"}]},{"@type":"WebSite","@id":"https:\/\/gymnasium-nordenham.de\/#website","url":"https:\/\/gymnasium-nordenham.de\/","name":"Gymnasium Nordenham","description":"Miteinander, voneinander und f\u00fcreinander lernen","potentialAction":[{"@type":"SearchAction","target":{"@type":"EntryPoint","urlTemplate":"https:\/\/gymnasium-nordenham.de\/?s={search_term_string}"},"query-input":{"@type":"PropertyValueSpecification","valueRequired":true,"valueName":"search_term_string"}}],"inLanguage":"en-GB"}]}},"_links":{"self":[{"href":"https:\/\/gymnasium-nordenham.de\/en\/wp-json\/wp\/v2\/pages\/1754","targetHints":{"allow":["GET"]}}],"collection":[{"href":"https:\/\/gymnasium-nordenham.de\/en\/wp-json\/wp\/v2\/pages"}],"about":[{"href":"https:\/\/gymnasium-nordenham.de\/en\/wp-json\/wp\/v2\/types\/page"}],"author":[{"embeddable":true,"href":"https:\/\/gymnasium-nordenham.de\/en\/wp-json\/wp\/v2\/users\/4"}],"replies":[{"embeddable":true,"href":"https:\/\/gymnasium-nordenham.de\/en\/wp-json\/wp\/v2\/comments?post=1754"}],"version-history":[{"count":0,"href":"https:\/\/gymnasium-nordenham.de\/en\/wp-json\/wp\/v2\/pages\/1754\/revisions"}],"wp:attachment":[{"href":"https:\/\/gymnasium-nordenham.de\/en\/wp-json\/wp\/v2\/media?parent=1754"}],"curies":[{"name":"wp","href":"https:\/\/api.w.org\/{rel}","templated":true}]}}