{"id":1751,"date":"2020-05-17T13:14:17","date_gmt":"2020-05-17T11:14:17","guid":{"rendered":"https:\/\/gymnasiumnordenhamtest.live-website.com\/?page_id=1751"},"modified":"2021-02-04T10:58:59","modified_gmt":"2021-02-04T09:58:59","slug":"deutsch-am-gn","status":"publish","type":"page","link":"https:\/\/gymnasium-nordenham.de\/en\/deutsch-am-gn","title":{"rendered":"Deutsch am GN"},"content":{"rendered":"<div data-elementor-type=\"wp-page\" data-elementor-id=\"1751\" class=\"elementor elementor-1751\" data-elementor-post-type=\"page\">\n\t\t\t\t\t\t<section class=\"elementor-section elementor-top-section elementor-element elementor-element-5257c4b elementor-section-full_width elementor-section-height-default elementor-section-height-default\" data-id=\"5257c4b\" data-element_type=\"section\" data-e-type=\"section\">\n\t\t\t\t\t\t<div class=\"elementor-container elementor-column-gap-default\">\n\t\t\t\t\t<div class=\"elementor-column elementor-col-100 elementor-top-column elementor-element elementor-element-929ce8f\" data-id=\"929ce8f\" data-element_type=\"column\" data-e-type=\"column\" data-settings=\"{&quot;background_background&quot;:&quot;classic&quot;}\">\n\t\t\t<div class=\"elementor-widget-wrap elementor-element-populated\">\n\t\t\t\t\t\t<div class=\"elementor-element elementor-element-de78d44 elementor-widget elementor-widget-heading\" data-id=\"de78d44\" data-element_type=\"widget\" data-e-type=\"widget\" data-widget_type=\"heading.default\">\n\t\t\t\t<div class=\"elementor-widget-container\">\n\t\t\t\t\t<h2 class=\"elementor-heading-title elementor-size-large\">Deutsch<\/h2>\t\t\t\t<\/div>\n\t\t\t\t<\/div>\n\t\t\t\t\t<\/div>\n\t\t<\/div>\n\t\t\t\t\t<\/div>\n\t\t<\/section>\n\t\t\t\t<section class=\"elementor-section elementor-top-section elementor-element elementor-element-9215942 elementor-section-full_width elementor-section-height-default elementor-section-height-default\" data-id=\"9215942\" data-element_type=\"section\" data-e-type=\"section\">\n\t\t\t\t\t\t<div class=\"elementor-container elementor-column-gap-default\">\n\t\t\t\t\t<div class=\"elementor-column elementor-col-66 elementor-top-column elementor-element elementor-element-bc4bb8e\" data-id=\"bc4bb8e\" data-element_type=\"column\" data-e-type=\"column\">\n\t\t\t<div class=\"elementor-widget-wrap elementor-element-populated\">\n\t\t\t\t\t\t<div class=\"elementor-element elementor-element-8aad852 elementor-widget elementor-widget-image\" data-id=\"8aad852\" data-element_type=\"widget\" data-e-type=\"widget\" data-widget_type=\"image.default\">\n\t\t\t\t<div class=\"elementor-widget-container\">\n\t\t\t\t\t\t\t\t\t\t\t\t\t\t\t<img decoding=\"async\" src=\"https:\/\/gymnasium-nordenham.de\/wp-content\/uploads\/2021\/01\/Fachgruppe-deutsch-rotated.jpg\" title=\"Fachgruppe deutsch\" alt=\"Fachgruppe deutsch\" loading=\"lazy\" \/>\t\t\t\t\t\t\t\t\t\t\t\t\t\t\t<\/div>\n\t\t\t\t<\/div>\n\t\t\t\t<div class=\"elementor-element elementor-element-809aad3 elementor-widget elementor-widget-text-editor\" data-id=\"809aad3\" data-element_type=\"widget\" data-e-type=\"widget\" data-widget_type=\"text-editor.default\">\n\t\t\t\t<div class=\"elementor-widget-container\">\n\t\t\t\t\t\t\t\t\t<p style=\"text-align: justify;\"><span style=\"font-size: 12pt; font-family: georgia, palatino, serif;\">Im Deutschunterricht stehen Aspekte einer sprachlichen, literarischen und medialen Bildung der Sch\u00fclerinnen und Sch\u00fcler im Vordergrund. Sch\u00fclerinnen und Sch\u00fcler sollen im Unterricht Kompetenzen im Hinblick auf Textverstehens- und Schreibprozesse sowie die Gespr\u00e4chsf\u00fchrung erwerben. Dar\u00fcber hinaus soll ein literarhistorisches und \u00e4sthetisches Bewusstsein entwickelt und die eigene Reflexionsf\u00e4higkeit ausgebaut werden. Die Rezeption literarischer Werke aus unterschiedlichen Epochen und Kontexten er\u00f6ffnet dabei Zug\u00e4nge zu verschiedenen Weltsichten und leistet damit einen fachspezifischen Beitrag zum Verstehen fremder Identit\u00e4ten als auch zur Ausbildung der eigenen Identit\u00e4t. Sprachliche, kommunikative und \u00e4sthetische Kompetenzen, die u.a. im Deutschunterricht erworben werden, bilden die Grundlage konstruktiver Auseinandersetzung und kulturellen Austausches und er\u00f6ffnen so eine Chance auf nachhaltige Teilhabe am gesellschaftlichen Leben.<\/span><\/p><p style=\"text-align: justify;\"><span style=\"font-size: 12pt; font-family: georgia, palatino, serif;\">Die im Sekundarbereich I erworbenen Kenntnisse, F\u00e4higkeiten und Fertigkeiten werden in der Einf\u00fchrungsphase und Qualifikationsphase vertieft und erweitert, um Sch\u00fclerinnen und Sch\u00fcler wissenschaftsprop\u00e4deutisch auf die allgemeinen und spezifischen Anforderungen eines Hochschulstudiums, aber auch auf einen \u00dcbergang in einen berufsbezogenen Bildungsweg vorzubereiten.<\/span><\/p><p style=\"text-align: justify;\"><span style=\"font-size: 12pt; font-family: georgia, palatino, serif;\">Das Fach Deutsch unterst\u00fctzt die Sch\u00fclerinnen und Sch\u00fcler zudem im Bereich des zielgerichteten und selbstorganisierten Arbeitens als auch der kreativen Bew\u00e4ltigung komplexer Aufgabenstellungen, was auch fach\u00fcbergreifend und \u00fcber die schulische Bildung hinaus bedeutsam ist.<\/span><\/p>\t\t\t\t\t\t\t\t<\/div>\n\t\t\t\t<\/div>\n\t\t\t\t\t<\/div>\n\t\t<\/div>\n\t\t\t\t<div class=\"elementor-column elementor-col-33 elementor-top-column elementor-element elementor-element-c25fcbf\" data-id=\"c25fcbf\" data-element_type=\"column\" data-e-type=\"column\">\n\t\t\t<div class=\"elementor-widget-wrap elementor-element-populated\">\n\t\t\t\t\t\t<div class=\"elementor-element elementor-element-497df0a elementor-invisible elementor-widget elementor-widget-wp-widget-nav_menu\" data-id=\"497df0a\" data-element_type=\"widget\" data-e-type=\"widget\" data-settings=\"{&quot;_animation&quot;:&quot;fadeInUp&quot;}\" data-widget_type=\"wp-widget-nav_menu.default\">\n\t\t\t\t<div class=\"elementor-widget-container\">\n\t\t\t\t\t<div class=\"menu-fachmenue-deutsch-container\"><ul id=\"menu-fachmenue-deutsch\" class=\"menu\"><li id=\"menu-item-1769\" class=\"menu-item menu-item-type-post_type menu-item-object-page menu-item-1769\"><a href=\"https:\/\/gymnasium-nordenham.de\/en\/deutsch-am-gn\">Deutsch am GN<\/a><\/li>\n<li id=\"menu-item-1770\" class=\"menu-item menu-item-type-post_type menu-item-object-page menu-item-1770\"><a href=\"https:\/\/gymnasium-nordenham.de\/en\/deutsch-lehrwerke\">Lehrwerke<\/a><\/li>\n<li id=\"menu-item-1767\" class=\"menu-item menu-item-type-post_type menu-item-object-page menu-item-1767\"><a href=\"https:\/\/gymnasium-nordenham.de\/en\/deutsch-curricula\">Curricula<\/a><\/li>\n<li id=\"menu-item-1766\" class=\"menu-item menu-item-type-post_type menu-item-object-page menu-item-1766\"><a href=\"https:\/\/gymnasium-nordenham.de\/en\/deutsch-klassenarbeiten-und-klausuren\">Klassenarbeiten und Klausuren<\/a><\/li>\n<li id=\"menu-item-1765\" class=\"menu-item menu-item-type-post_type menu-item-object-page menu-item-1765\"><a href=\"https:\/\/gymnasium-nordenham.de\/en\/deutsch-weitere-angebote\">Weitere Angebote<\/a><\/li>\n<\/ul><\/div>\t\t\t\t<\/div>\n\t\t\t\t<\/div>\n\t\t\t\t\t<\/div>\n\t\t<\/div>\n\t\t\t\t\t<\/div>\n\t\t<\/section>\n\t\t\t\t<\/div>","protected":false},"excerpt":{"rendered":"<p>Deutsch Im Deutschunterricht stehen Aspekte einer sprachlichen, literarischen und medialen Bildung der Sch\u00fclerinnen und Sch\u00fcler im Vordergrund. Sch\u00fclerinnen und Sch\u00fcler sollen im Unterricht Kompetenzen im Hinblick auf Textverstehens- und Schreibprozesse sowie die Gespr\u00e4chsf\u00fchrung erwerben. Dar\u00fcber hinaus soll ein literarhistorisches und &hellip; <a href=\"https:\/\/gymnasium-nordenham.de\/en\/deutsch-am-gn\">Continue reading <span class=\"meta-nav\">&rarr;<\/span><\/a><\/p>","protected":false},"author":4,"featured_media":0,"parent":0,"menu_order":0,"comment_status":"closed","ping_status":"closed","template":"elementor_header_footer","meta":{"_crdt_document":"","footnotes":""},"class_list":["post-1751","page","type-page","status-publish","hentry"],"yoast_head":"<!-- This site is optimized with the Yoast SEO plugin v27.3 - https:\/\/yoast.com\/product\/yoast-seo-wordpress\/ -->\n<title>Deutsch am GN - Gymnasium Nordenham<\/title>\n<meta name=\"robots\" content=\"index, follow, max-snippet:-1, max-image-preview:large, max-video-preview:-1\" \/>\n<link rel=\"canonical\" href=\"https:\/\/gymnasium-nordenham.de\/en\/deutsch-am-gn\/\" \/>\n<meta property=\"og:locale\" content=\"en_GB\" \/>\n<meta property=\"og:type\" content=\"article\" \/>\n<meta property=\"og:title\" content=\"Deutsch am GN - Gymnasium Nordenham\" \/>\n<meta property=\"og:description\" content=\"Deutsch Im Deutschunterricht stehen Aspekte einer sprachlichen, literarischen und medialen Bildung der Sch\u00fclerinnen und Sch\u00fcler im Vordergrund. Sch\u00fclerinnen und Sch\u00fcler sollen im Unterricht Kompetenzen im Hinblick auf Textverstehens- und Schreibprozesse sowie die Gespr\u00e4chsf\u00fchrung erwerben. Dar\u00fcber hinaus soll ein literarhistorisches und &hellip; Continue reading &rarr;\" \/>\n<meta property=\"og:url\" content=\"https:\/\/gymnasium-nordenham.de\/en\/deutsch-am-gn\/\" \/>\n<meta property=\"og:site_name\" content=\"Gymnasium Nordenham\" \/>\n<meta property=\"article:modified_time\" content=\"2021-02-04T09:58:59+00:00\" \/>\n<meta property=\"og:image\" content=\"https:\/\/gymnasium-nordenham.de\/wp-content\/uploads\/2021\/01\/Fachgruppe-deutsch-rotated.jpg\" \/>\n<meta name=\"twitter:card\" content=\"summary_large_image\" \/>\n<meta name=\"twitter:label1\" content=\"Estimated reading time\" \/>\n\t<meta name=\"twitter:data1\" content=\"2 minutes\" \/>\n<script type=\"application\/ld+json\" class=\"yoast-schema-graph\">{\"@context\":\"https:\\\/\\\/schema.org\",\"@graph\":[{\"@type\":\"WebPage\",\"@id\":\"https:\\\/\\\/gymnasium-nordenham.de\\\/deutsch-am-gn\",\"url\":\"https:\\\/\\\/gymnasium-nordenham.de\\\/deutsch-am-gn\",\"name\":\"Deutsch am GN - Gymnasium Nordenham\",\"isPartOf\":{\"@id\":\"https:\\\/\\\/gymnasium-nordenham.de\\\/#website\"},\"primaryImageOfPage\":{\"@id\":\"https:\\\/\\\/gymnasium-nordenham.de\\\/deutsch-am-gn#primaryimage\"},\"image\":{\"@id\":\"https:\\\/\\\/gymnasium-nordenham.de\\\/deutsch-am-gn#primaryimage\"},\"thumbnailUrl\":\"https:\\\/\\\/gymnasium-nordenham.de\\\/wp-content\\\/uploads\\\/2021\\\/01\\\/Fachgruppe-deutsch-rotated.jpg\",\"datePublished\":\"2020-05-17T11:14:17+00:00\",\"dateModified\":\"2021-02-04T09:58:59+00:00\",\"breadcrumb\":{\"@id\":\"https:\\\/\\\/gymnasium-nordenham.de\\\/deutsch-am-gn#breadcrumb\"},\"inLanguage\":\"en-GB\",\"potentialAction\":[{\"@type\":\"ReadAction\",\"target\":[\"https:\\\/\\\/gymnasium-nordenham.de\\\/deutsch-am-gn\"]}]},{\"@type\":\"ImageObject\",\"inLanguage\":\"en-GB\",\"@id\":\"https:\\\/\\\/gymnasium-nordenham.de\\\/deutsch-am-gn#primaryimage\",\"url\":\"https:\\\/\\\/gymnasium-nordenham.de\\\/wp-content\\\/uploads\\\/2021\\\/01\\\/Fachgruppe-deutsch-rotated.jpg\",\"contentUrl\":\"https:\\\/\\\/gymnasium-nordenham.de\\\/wp-content\\\/uploads\\\/2021\\\/01\\\/Fachgruppe-deutsch-rotated.jpg\"},{\"@type\":\"BreadcrumbList\",\"@id\":\"https:\\\/\\\/gymnasium-nordenham.de\\\/deutsch-am-gn#breadcrumb\",\"itemListElement\":[{\"@type\":\"ListItem\",\"position\":1,\"name\":\"Startseite\",\"item\":\"https:\\\/\\\/gymnasium-nordenham.de\\\/\"},{\"@type\":\"ListItem\",\"position\":2,\"name\":\"Deutsch am GN\"}]},{\"@type\":\"WebSite\",\"@id\":\"https:\\\/\\\/gymnasium-nordenham.de\\\/#website\",\"url\":\"https:\\\/\\\/gymnasium-nordenham.de\\\/\",\"name\":\"Gymnasium Nordenham\",\"description\":\"Miteinander, voneinander und f\u00fcreinander lernen\",\"potentialAction\":[{\"@type\":\"SearchAction\",\"target\":{\"@type\":\"EntryPoint\",\"urlTemplate\":\"https:\\\/\\\/gymnasium-nordenham.de\\\/?s={search_term_string}\"},\"query-input\":{\"@type\":\"PropertyValueSpecification\",\"valueRequired\":true,\"valueName\":\"search_term_string\"}}],\"inLanguage\":\"en-GB\"}]}<\/script>\n<!-- \/ Yoast SEO plugin. -->","yoast_head_json":{"title":"Deutsch am GN - Gymnasium Nordenham","robots":{"index":"index","follow":"follow","max-snippet":"max-snippet:-1","max-image-preview":"max-image-preview:large","max-video-preview":"max-video-preview:-1"},"canonical":"https:\/\/gymnasium-nordenham.de\/en\/deutsch-am-gn\/","og_locale":"en_GB","og_type":"article","og_title":"Deutsch am GN - Gymnasium Nordenham","og_description":"Deutsch Im Deutschunterricht stehen Aspekte einer sprachlichen, literarischen und medialen Bildung der Sch\u00fclerinnen und Sch\u00fcler im Vordergrund. Sch\u00fclerinnen und Sch\u00fcler sollen im Unterricht Kompetenzen im Hinblick auf Textverstehens- und Schreibprozesse sowie die Gespr\u00e4chsf\u00fchrung erwerben. Dar\u00fcber hinaus soll ein literarhistorisches und &hellip; Continue reading &rarr;","og_url":"https:\/\/gymnasium-nordenham.de\/en\/deutsch-am-gn\/","og_site_name":"Gymnasium Nordenham","article_modified_time":"2021-02-04T09:58:59+00:00","og_image":[{"url":"https:\/\/gymnasium-nordenham.de\/wp-content\/uploads\/2021\/01\/Fachgruppe-deutsch-rotated.jpg","type":"","width":"","height":""}],"twitter_card":"summary_large_image","twitter_misc":{"Estimated reading time":"2 minutes"},"schema":{"@context":"https:\/\/schema.org","@graph":[{"@type":"WebPage","@id":"https:\/\/gymnasium-nordenham.de\/deutsch-am-gn","url":"https:\/\/gymnasium-nordenham.de\/deutsch-am-gn","name":"Deutsch am GN - Gymnasium Nordenham","isPartOf":{"@id":"https:\/\/gymnasium-nordenham.de\/#website"},"primaryImageOfPage":{"@id":"https:\/\/gymnasium-nordenham.de\/deutsch-am-gn#primaryimage"},"image":{"@id":"https:\/\/gymnasium-nordenham.de\/deutsch-am-gn#primaryimage"},"thumbnailUrl":"https:\/\/gymnasium-nordenham.de\/wp-content\/uploads\/2021\/01\/Fachgruppe-deutsch-rotated.jpg","datePublished":"2020-05-17T11:14:17+00:00","dateModified":"2021-02-04T09:58:59+00:00","breadcrumb":{"@id":"https:\/\/gymnasium-nordenham.de\/deutsch-am-gn#breadcrumb"},"inLanguage":"en-GB","potentialAction":[{"@type":"ReadAction","target":["https:\/\/gymnasium-nordenham.de\/deutsch-am-gn"]}]},{"@type":"ImageObject","inLanguage":"en-GB","@id":"https:\/\/gymnasium-nordenham.de\/deutsch-am-gn#primaryimage","url":"https:\/\/gymnasium-nordenham.de\/wp-content\/uploads\/2021\/01\/Fachgruppe-deutsch-rotated.jpg","contentUrl":"https:\/\/gymnasium-nordenham.de\/wp-content\/uploads\/2021\/01\/Fachgruppe-deutsch-rotated.jpg"},{"@type":"BreadcrumbList","@id":"https:\/\/gymnasium-nordenham.de\/deutsch-am-gn#breadcrumb","itemListElement":[{"@type":"ListItem","position":1,"name":"Startseite","item":"https:\/\/gymnasium-nordenham.de\/"},{"@type":"ListItem","position":2,"name":"Deutsch am GN"}]},{"@type":"WebSite","@id":"https:\/\/gymnasium-nordenham.de\/#website","url":"https:\/\/gymnasium-nordenham.de\/","name":"Gymnasium Nordenham","description":"Miteinander, voneinander und f\u00fcreinander lernen","potentialAction":[{"@type":"SearchAction","target":{"@type":"EntryPoint","urlTemplate":"https:\/\/gymnasium-nordenham.de\/?s={search_term_string}"},"query-input":{"@type":"PropertyValueSpecification","valueRequired":true,"valueName":"search_term_string"}}],"inLanguage":"en-GB"}]}},"_links":{"self":[{"href":"https:\/\/gymnasium-nordenham.de\/en\/wp-json\/wp\/v2\/pages\/1751","targetHints":{"allow":["GET"]}}],"collection":[{"href":"https:\/\/gymnasium-nordenham.de\/en\/wp-json\/wp\/v2\/pages"}],"about":[{"href":"https:\/\/gymnasium-nordenham.de\/en\/wp-json\/wp\/v2\/types\/page"}],"author":[{"embeddable":true,"href":"https:\/\/gymnasium-nordenham.de\/en\/wp-json\/wp\/v2\/users\/4"}],"replies":[{"embeddable":true,"href":"https:\/\/gymnasium-nordenham.de\/en\/wp-json\/wp\/v2\/comments?post=1751"}],"version-history":[{"count":0,"href":"https:\/\/gymnasium-nordenham.de\/en\/wp-json\/wp\/v2\/pages\/1751\/revisions"}],"wp:attachment":[{"href":"https:\/\/gymnasium-nordenham.de\/en\/wp-json\/wp\/v2\/media?parent=1751"}],"curies":[{"name":"wp","href":"https:\/\/api.w.org\/{rel}","templated":true}]}}