{"id":1506,"date":"2020-04-17T10:59:35","date_gmt":"2020-04-17T08:59:35","guid":{"rendered":"https:\/\/gymnasiumnordenhamtest.live-website.com\/?page_id=1506"},"modified":"2020-12-22T10:30:46","modified_gmt":"2020-12-22T09:30:46","slug":"physik-klassenarbeiten-und-klausuren","status":"publish","type":"page","link":"https:\/\/gymnasium-nordenham.de\/en\/physik-klassenarbeiten-und-klausuren","title":{"rendered":"Physik &#8211; Klassenarbeiten und Klausuren"},"content":{"rendered":"<div data-elementor-type=\"wp-page\" data-elementor-id=\"1506\" class=\"elementor elementor-1506\" data-elementor-post-type=\"page\">\n\t\t\t\t\t\t<section class=\"elementor-section elementor-top-section elementor-element elementor-element-5257c4b elementor-section-full_width elementor-section-height-default elementor-section-height-default\" data-id=\"5257c4b\" data-element_type=\"section\" data-e-type=\"section\">\n\t\t\t\t\t\t<div class=\"elementor-container elementor-column-gap-default\">\n\t\t\t\t\t<div class=\"elementor-column elementor-col-100 elementor-top-column elementor-element elementor-element-929ce8f\" data-id=\"929ce8f\" data-element_type=\"column\" data-e-type=\"column\" data-settings=\"{&quot;background_background&quot;:&quot;classic&quot;}\">\n\t\t\t<div class=\"elementor-widget-wrap elementor-element-populated\">\n\t\t\t\t\t\t<div class=\"elementor-element elementor-element-de78d44 elementor-widget elementor-widget-heading\" data-id=\"de78d44\" data-element_type=\"widget\" data-e-type=\"widget\" data-widget_type=\"heading.default\">\n\t\t\t\t<div class=\"elementor-widget-container\">\n\t\t\t\t\t<h2 class=\"elementor-heading-title elementor-size-large\">Klassenarbeiten und Klausuren<\/h2>\t\t\t\t<\/div>\n\t\t\t\t<\/div>\n\t\t\t\t\t<\/div>\n\t\t<\/div>\n\t\t\t\t\t<\/div>\n\t\t<\/section>\n\t\t\t\t<section class=\"elementor-section elementor-top-section elementor-element elementor-element-9215942 elementor-section-full_width elementor-section-height-default elementor-section-height-default\" data-id=\"9215942\" data-element_type=\"section\" data-e-type=\"section\">\n\t\t\t\t\t\t<div class=\"elementor-container elementor-column-gap-default\">\n\t\t\t\t\t<div class=\"elementor-column elementor-col-66 elementor-top-column elementor-element elementor-element-bc4bb8e\" data-id=\"bc4bb8e\" data-element_type=\"column\" data-e-type=\"column\">\n\t\t\t<div class=\"elementor-widget-wrap elementor-element-populated\">\n\t\t\t\t\t\t<div class=\"elementor-element elementor-element-809aad3 elementor-widget elementor-widget-text-editor\" data-id=\"809aad3\" data-element_type=\"widget\" data-e-type=\"widget\" data-widget_type=\"text-editor.default\">\n\t\t\t\t<div class=\"elementor-widget-container\">\n\t\t\t\t\t\t\t\t\t<p style=\"text-align: justify;\"><span style=\"font-size: 12pt; font-family: georgia, palatino, serif;\"><strong>Sekundarstufe I<br \/><\/strong><\/span><\/p><p style=\"text-align: justify;\"><span style=\"font-size: 12pt; font-family: georgia, palatino, serif;\">In den Jahrg\u00e4ngen 5, 6, 7 und 9 mit epochalem Unterricht (das Fach wird nur ein Halbjahr unterrichtet) ist vorgesehen, dass eine Klassenarbeit im Schuljahr geschrieben wird. In den Klassen 8 und 10 wird pro Halbjahr eine Klassenarbeit (insgesamt somit zwei im Schuljahr) geschrieben. In allen Jahrg\u00e4ngen der Sekundarstufe I findet der Physik-Unterricht jeweils mit 2 Wochenstunden statt.<\/span><\/p><p style=\"text-align: justify;\"><span style=\"font-size: 12pt; font-family: georgia, palatino, serif;\"><strong>Einf\u00fchrungsphase<\/strong><\/span><\/p><p style=\"text-align: justify;\"><span style=\"font-size: 12pt; font-family: georgia, palatino, serif;\">In der Einf\u00fchrungsphase wird Physik mit 2 Wochenstunden (wenn m\u00f6glich in Doppelstunden) ganzj\u00e4hrig unterrichtet. Es ist vorgesehen pro Halbjahr eine Klausur mit einem Umfang von 90 Minuten zu schreiben.<\/span><\/p><p style=\"text-align: justify;\"><span style=\"font-size: 12pt; font-family: georgia, palatino, serif;\"><strong>Qualifikationsphase<\/strong><\/span><\/p><p style=\"text-align: justify;\"><span style=\"font-size: 12pt; font-family: georgia, palatino, serif;\">In der Qualifikationsstufe findet der Physik-Unterricht in Kursen auf grundlegendem Anforderungsniveau (g.A.) mit 3 Wochenstunden und in Kursen auf erh\u00f6htem Anforderungsniveau (e.A.) mit 5 Wochenstunden statt. Die Verteilung der Klausuren mit Zeiten stellt sich wie folgt dar:<br \/><\/span><\/p>\t\t\t\t\t\t\t\t<\/div>\n\t\t\t\t<\/div>\n\t\t\t\t<div class=\"elementor-element elementor-element-230cd23 elementor-widget elementor-widget-image\" data-id=\"230cd23\" data-element_type=\"widget\" data-e-type=\"widget\" data-widget_type=\"image.default\">\n\t\t\t\t<div class=\"elementor-widget-container\">\n\t\t\t\t\t\t\t\t\t\t\t\t\t\t\t<img fetchpriority=\"high\" decoding=\"async\" width=\"608\" height=\"472\" src=\"https:\/\/gymnasium-nordenham.de\/wp-content\/uploads\/2020\/04\/PHYSIK-Klausuren.jpg\" class=\"attachment-1536x1536 size-1536x1536 wp-image-1535\" alt=\"\" srcset=\"https:\/\/gymnasium-nordenham.de\/wp-content\/uploads\/2020\/04\/PHYSIK-Klausuren.jpg 608w, https:\/\/gymnasium-nordenham.de\/wp-content\/uploads\/2020\/04\/PHYSIK-Klausuren-300x233.jpg 300w\" sizes=\"(max-width: 608px) 100vw, 608px\" \/>\t\t\t\t\t\t\t\t\t\t\t\t\t\t\t<\/div>\n\t\t\t\t<\/div>\n\t\t\t\t<div class=\"elementor-element elementor-element-51d16a7 elementor-widget elementor-widget-text-editor\" data-id=\"51d16a7\" data-element_type=\"widget\" data-e-type=\"widget\" data-widget_type=\"text-editor.default\">\n\t\t\t\t<div class=\"elementor-widget-container\">\n\t\t\t\t\t\t\t\t\t<p style=\"text-align: justify;\"><span style=\"font-size: 12pt; font-family: georgia, palatino, serif;\"><strong>Kriterien der Notenvergabe<\/strong><\/span><\/p><p style=\"text-align: justify;\"><span style=\"font-size: 12pt; font-family: georgia, palatino, serif;\">Die Kriterien f\u00fcr die Notenvergabe orientieren sich an den Hinweisen in den Kerncurricula.\u00a0<\/span><\/p><p style=\"text-align: justify;\"><span style=\"font-size: 12pt; font-family: georgia, palatino, serif;\">F\u00fcr die Klassen 5 \u2013 10 gilt:\u00a0<\/span><\/p><p style=\"text-align: justify;\"><span style=\"font-size: 12pt; font-family: georgia, palatino, serif;\">M\u00fcndliche und fachspezifische Leistungen besitzen bei der Bestimmung der Gesamtzensur in Physik ein h\u00f6heres Gewicht als die schriftlichen Leistungen. M\u00fcndliche und fachspezifische Leistungen sind zum Beispiel:<\/span><\/p><ul style=\"text-align: justify;\"><li><span style=\"font-size: 12pt; font-family: georgia, palatino, serif;\">\u00a0Beitr\u00e4ge zum Unterrichtsgespr\u00e4ch\u00a0<\/span><\/li><li><span style=\"font-size: 12pt; font-family: georgia, palatino, serif;\">\u00a0m\u00fcndliche \u00dcberpr\u00fcfungen\u00a0<\/span><\/li><li><span style=\"font-size: 12pt; font-family: georgia, palatino, serif;\">\u00a0kurze schriftliche Tests, schriftliche Kontrolle der Hausaufgaben\u00a0<\/span><\/li><li><span style=\"font-size: 12pt; font-family: georgia, palatino, serif;\">\u00a0Unterrichtsdokumentationen (Heft, Protokoll, Mappe)\u00a0<\/span><\/li><li><span style=\"font-size: 12pt; font-family: georgia, palatino, serif;\">\u00a0Qualit\u00e4t der Bearbeitung von Hausaufgaben und Pr\u00e4sentationen (Referat, Plakat, Modell)\u00a0<\/span><\/li><li><span style=\"font-size: 12pt; font-family: georgia, palatino, serif;\">\u00a0Mitarbeit bei Gruppenarbeiten (z. B. Sch\u00fclerversuchen)\u00a0<\/span><\/li><\/ul><p style=\"text-align: justify;\"><span style=\"font-size: 12pt; font-family: georgia, palatino, serif;\">Bei der Feststellung der Gesamtleistung ist zwischen epochalen und ganzj\u00e4hrigen Jahrg\u00e4ngen zu unterscheiden.<\/span><\/p><p style=\"text-align: justify;\"><span style=\"font-size: 12pt; font-family: georgia, palatino, serif;\">In epochalen Jahrg\u00e4ngen (in der Regel 5, 6, 7 und 9) gilt:<\/span><\/p><p style=\"text-align: justify;\"><span style=\"font-size: 12pt; font-family: georgia, palatino, serif;\">In der ersten H\u00e4lfte des Schulhalbjahres soll eine schriftliche Lernzielkontrolle erfolgen, welche in die m\u00fcndliche und fachspezifische Leistung mit einflie\u00dft. In diesen Jahren soll ann\u00e4hernd ein Verh\u00e4ltnis zwischen schriftlicher Leistung (33,3%) und m\u00fcndliche und fachspezifischer Leistung (66,6%) Bei der Festlegung der Gesamtleistung beachtet werden.<\/span><\/p><p style=\"text-align: justify;\"><span style=\"font-size: 12pt; font-family: georgia, palatino, serif;\">In nicht epochalen Jahrg\u00e4ngen (in der Regel 8 und 10) gilt:<\/span><\/p><p style=\"text-align: justify;\"><span style=\"font-size: 12pt; font-family: georgia, palatino, serif;\">M\u00fcndliche und fachspezifische und schriftliche Leistungen sind in diesen Jahrg\u00e4ngen ann\u00e4hernd gleich zu gewichten.<\/span><\/p><p style=\"text-align: justify;\"><span style=\"font-size: 12pt; font-family: georgia, palatino, serif;\">F\u00fcr die Einf\u00fchrungs- und Qualifikationsphase gilt:<\/span><\/p><p style=\"text-align: justify;\"><span style=\"font-size: 12pt; font-family: georgia, palatino, serif;\">Zur Ermittlung der Gesamtzensur sind die Ergebnisse der Klausuren und die Bewertung der Mitarbeit im Unterricht (m\u00fcndliche und andere fachspezifische Leistungen) heranzuziehen. Wird in einem Semester eine schriftliche Arbeit geschrieben, so soll die Gewichtung (schriftlich: m\u00fcndlich und fachspezifisch) 40 : 60, bei zwei schriftlichen Arbeiten 50 : 50 vorgenommen werden. .<\/span><\/p><p style=\"text-align: justify;\"><span style=\"font-size: 12pt; font-family: georgia, palatino, serif;\"><strong>Festlegung der Noten bei schriftlichen Leistungs\u00fcberpr\u00fcfungen<\/strong><\/span><\/p><p style=\"text-align: justify;\"><span style=\"font-size: 12pt; font-family: georgia, palatino, serif;\">In jeder Klassenarbeit sollen die Anforderungsbereiche I (Reproduktion), II (Reorganisation) und III (Transfer) vorhanden sein. Der Schwerpunkt ist in den Bereichen I und II zu setzen. Die von der Fachkonferenz festgelegte Einteilung der Noten ist f\u00fcr alle Lehrkr\u00e4fte verpflichtend. Hierbei gilt, dass mit vorwiegend reproduktiven Leistungen die Note \u201eausreichend\u201c erreicht werden kann.<\/span><\/p><p style=\"text-align: justify;\">\u00a0<\/p><p style=\"text-align: justify;\"><span style=\"font-size: 12pt; font-family: georgia, palatino, serif;\">F\u00fcr die Sekundarstufe I gilt:<\/span><\/p>\t\t\t\t\t\t\t\t<\/div>\n\t\t\t\t<\/div>\n\t\t\t\t<div class=\"elementor-element elementor-element-c420bc1 elementor-widget elementor-widget-image\" data-id=\"c420bc1\" data-element_type=\"widget\" data-e-type=\"widget\" data-widget_type=\"image.default\">\n\t\t\t\t<div class=\"elementor-widget-container\">\n\t\t\t\t\t\t\t\t\t\t\t\t\t\t\t<img decoding=\"async\" width=\"609\" height=\"58\" src=\"https:\/\/gymnasium-nordenham.de\/wp-content\/uploads\/2020\/02\/MaT1.jpg\" class=\"attachment-large size-large wp-image-1027\" alt=\"\" srcset=\"https:\/\/gymnasium-nordenham.de\/wp-content\/uploads\/2020\/02\/MaT1.jpg 609w, https:\/\/gymnasium-nordenham.de\/wp-content\/uploads\/2020\/02\/MaT1-300x29.jpg 300w\" sizes=\"(max-width: 609px) 100vw, 609px\" \/>\t\t\t\t\t\t\t\t\t\t\t\t\t\t\t<\/div>\n\t\t\t\t<\/div>\n\t\t\t\t<div class=\"elementor-element elementor-element-65fd0b0 elementor-widget elementor-widget-text-editor\" data-id=\"65fd0b0\" data-element_type=\"widget\" data-e-type=\"widget\" data-widget_type=\"text-editor.default\">\n\t\t\t\t<div class=\"elementor-widget-container\">\n\t\t\t\t\t\t\t\t\t<p style=\"text-align: justify;\"><span style=\"font-size: 12pt; font-family: georgia, palatino, serif;\">Der Bewertungsma\u00dfstab der schriftlichen Leistungs\u00fcberpr\u00fcfungen in der Sekundarstufe II ist per Erlass festgelegt:<\/span><\/p>\t\t\t\t\t\t\t\t<\/div>\n\t\t\t\t<\/div>\n\t\t\t\t<div class=\"elementor-element elementor-element-8c346f4 elementor-widget elementor-widget-image\" data-id=\"8c346f4\" data-element_type=\"widget\" data-e-type=\"widget\" data-widget_type=\"image.default\">\n\t\t\t\t<div class=\"elementor-widget-container\">\n\t\t\t\t\t\t\t\t\t\t\t\t\t\t\t<img decoding=\"async\" width=\"608\" height=\"60\" src=\"https:\/\/gymnasium-nordenham.de\/wp-content\/uploads\/2020\/02\/MaT3.jpg\" class=\"attachment-large size-large wp-image-1028\" alt=\"\" srcset=\"https:\/\/gymnasium-nordenham.de\/wp-content\/uploads\/2020\/02\/MaT3.jpg 608w, https:\/\/gymnasium-nordenham.de\/wp-content\/uploads\/2020\/02\/MaT3-300x30.jpg 300w\" sizes=\"(max-width: 608px) 100vw, 608px\" \/>\t\t\t\t\t\t\t\t\t\t\t\t\t\t\t<\/div>\n\t\t\t\t<\/div>\n\t\t\t\t\t<\/div>\n\t\t<\/div>\n\t\t\t\t<div class=\"elementor-column elementor-col-33 elementor-top-column elementor-element elementor-element-c25fcbf\" data-id=\"c25fcbf\" data-element_type=\"column\" data-e-type=\"column\">\n\t\t\t<div class=\"elementor-widget-wrap elementor-element-populated\">\n\t\t\t\t\t\t<div class=\"elementor-element elementor-element-497df0a elementor-invisible elementor-widget elementor-widget-wp-widget-nav_menu\" data-id=\"497df0a\" data-element_type=\"widget\" data-e-type=\"widget\" data-settings=\"{&quot;_animation&quot;:&quot;fadeInUp&quot;}\" data-widget_type=\"wp-widget-nav_menu.default\">\n\t\t\t\t<div class=\"elementor-widget-container\">\n\t\t\t\t\t<div class=\"menu-fachmenue-physik-container\"><ul id=\"menu-fachmenue-physik\" class=\"menu\"><li id=\"menu-item-1516\" class=\"menu-item menu-item-type-post_type menu-item-object-page menu-item-1516\"><a href=\"https:\/\/gymnasium-nordenham.de\/en\/physik-am-gn\">Physik am GN<\/a><\/li>\n<li id=\"menu-item-1514\" class=\"menu-item menu-item-type-post_type menu-item-object-page menu-item-1514\"><a href=\"https:\/\/gymnasium-nordenham.de\/en\/physik-lehrwerke\">Lehrwerke<\/a><\/li>\n<li id=\"menu-item-1513\" class=\"menu-item menu-item-type-post_type menu-item-object-page menu-item-1513\"><a href=\"https:\/\/gymnasium-nordenham.de\/en\/physik-curricula\">Curricula<\/a><\/li>\n<li id=\"menu-item-1512\" class=\"menu-item menu-item-type-post_type menu-item-object-page menu-item-1512\"><a href=\"https:\/\/gymnasium-nordenham.de\/en\/physik-klassenarbeiten-und-klausuren\">Klassenarbeiten und Klausuren<\/a><\/li>\n<li id=\"menu-item-1511\" class=\"menu-item menu-item-type-post_type menu-item-object-page menu-item-1511\"><a href=\"https:\/\/gymnasium-nordenham.de\/en\/physik-weitere-angebote\">Weitere Angebote<\/a><\/li>\n<\/ul><\/div>\t\t\t\t<\/div>\n\t\t\t\t<\/div>\n\t\t\t\t\t<\/div>\n\t\t<\/div>\n\t\t\t\t\t<\/div>\n\t\t<\/section>\n\t\t\t\t<\/div>","protected":false},"excerpt":{"rendered":"<p>Klassenarbeiten und Klausuren Sekundarstufe I In den Jahrg\u00e4ngen 5, 6, 7 und 9 mit epochalem Unterricht (das Fach wird nur ein Halbjahr unterrichtet) ist vorgesehen, dass eine Klassenarbeit im Schuljahr geschrieben wird. In den Klassen 8 und 10 wird pro &hellip; <a href=\"https:\/\/gymnasium-nordenham.de\/en\/physik-klassenarbeiten-und-klausuren\">Continue reading <span class=\"meta-nav\">&rarr;<\/span><\/a><\/p>","protected":false},"author":4,"featured_media":0,"parent":0,"menu_order":0,"comment_status":"closed","ping_status":"closed","template":"elementor_header_footer","meta":{"_crdt_document":"","footnotes":""},"class_list":["post-1506","page","type-page","status-publish","hentry"],"yoast_head":"<!-- This site is optimized with the Yoast SEO plugin v27.3 - https:\/\/yoast.com\/product\/yoast-seo-wordpress\/ -->\n<title>Physik - Klassenarbeiten und Klausuren - Gymnasium Nordenham<\/title>\n<meta name=\"robots\" content=\"index, follow, max-snippet:-1, max-image-preview:large, max-video-preview:-1\" \/>\n<link rel=\"canonical\" href=\"https:\/\/gymnasium-nordenham.de\/en\/physik-klassenarbeiten-und-klausuren\/\" \/>\n<meta property=\"og:locale\" content=\"en_GB\" \/>\n<meta property=\"og:type\" content=\"article\" \/>\n<meta property=\"og:title\" content=\"Physik - Klassenarbeiten und Klausuren - Gymnasium Nordenham\" \/>\n<meta property=\"og:description\" content=\"Klassenarbeiten und Klausuren Sekundarstufe I In den Jahrg\u00e4ngen 5, 6, 7 und 9 mit epochalem Unterricht (das Fach wird nur ein Halbjahr unterrichtet) ist vorgesehen, dass eine Klassenarbeit im Schuljahr geschrieben wird. In den Klassen 8 und 10 wird pro &hellip; Continue reading &rarr;\" \/>\n<meta property=\"og:url\" content=\"https:\/\/gymnasium-nordenham.de\/en\/physik-klassenarbeiten-und-klausuren\/\" \/>\n<meta property=\"og:site_name\" content=\"Gymnasium Nordenham\" \/>\n<meta property=\"article:modified_time\" content=\"2020-12-22T09:30:46+00:00\" \/>\n<meta property=\"og:image\" content=\"https:\/\/gymnasium-nordenham.de\/wp-content\/uploads\/2020\/04\/PHYSIK-Klausuren.jpg\" \/>\n<meta name=\"twitter:card\" content=\"summary_large_image\" \/>\n<meta name=\"twitter:label1\" content=\"Estimated reading time\" \/>\n\t<meta name=\"twitter:data1\" content=\"2 minutes\" \/>\n<script type=\"application\/ld+json\" class=\"yoast-schema-graph\">{\"@context\":\"https:\\\/\\\/schema.org\",\"@graph\":[{\"@type\":\"WebPage\",\"@id\":\"https:\\\/\\\/gymnasium-nordenham.de\\\/physik-klassenarbeiten-und-klausuren\",\"url\":\"https:\\\/\\\/gymnasium-nordenham.de\\\/physik-klassenarbeiten-und-klausuren\",\"name\":\"Physik - Klassenarbeiten und Klausuren - Gymnasium Nordenham\",\"isPartOf\":{\"@id\":\"https:\\\/\\\/gymnasium-nordenham.de\\\/#website\"},\"primaryImageOfPage\":{\"@id\":\"https:\\\/\\\/gymnasium-nordenham.de\\\/physik-klassenarbeiten-und-klausuren#primaryimage\"},\"image\":{\"@id\":\"https:\\\/\\\/gymnasium-nordenham.de\\\/physik-klassenarbeiten-und-klausuren#primaryimage\"},\"thumbnailUrl\":\"https:\\\/\\\/gymnasium-nordenham.de\\\/wp-content\\\/uploads\\\/2020\\\/04\\\/PHYSIK-Klausuren.jpg\",\"datePublished\":\"2020-04-17T08:59:35+00:00\",\"dateModified\":\"2020-12-22T09:30:46+00:00\",\"breadcrumb\":{\"@id\":\"https:\\\/\\\/gymnasium-nordenham.de\\\/physik-klassenarbeiten-und-klausuren#breadcrumb\"},\"inLanguage\":\"en-GB\",\"potentialAction\":[{\"@type\":\"ReadAction\",\"target\":[\"https:\\\/\\\/gymnasium-nordenham.de\\\/physik-klassenarbeiten-und-klausuren\"]}]},{\"@type\":\"ImageObject\",\"inLanguage\":\"en-GB\",\"@id\":\"https:\\\/\\\/gymnasium-nordenham.de\\\/physik-klassenarbeiten-und-klausuren#primaryimage\",\"url\":\"https:\\\/\\\/gymnasium-nordenham.de\\\/wp-content\\\/uploads\\\/2020\\\/04\\\/PHYSIK-Klausuren.jpg\",\"contentUrl\":\"https:\\\/\\\/gymnasium-nordenham.de\\\/wp-content\\\/uploads\\\/2020\\\/04\\\/PHYSIK-Klausuren.jpg\"},{\"@type\":\"BreadcrumbList\",\"@id\":\"https:\\\/\\\/gymnasium-nordenham.de\\\/physik-klassenarbeiten-und-klausuren#breadcrumb\",\"itemListElement\":[{\"@type\":\"ListItem\",\"position\":1,\"name\":\"Startseite\",\"item\":\"https:\\\/\\\/gymnasium-nordenham.de\\\/\"},{\"@type\":\"ListItem\",\"position\":2,\"name\":\"Physik &#8211; Klassenarbeiten und Klausuren\"}]},{\"@type\":\"WebSite\",\"@id\":\"https:\\\/\\\/gymnasium-nordenham.de\\\/#website\",\"url\":\"https:\\\/\\\/gymnasium-nordenham.de\\\/\",\"name\":\"Gymnasium Nordenham\",\"description\":\"Miteinander, voneinander und f\u00fcreinander lernen\",\"potentialAction\":[{\"@type\":\"SearchAction\",\"target\":{\"@type\":\"EntryPoint\",\"urlTemplate\":\"https:\\\/\\\/gymnasium-nordenham.de\\\/?s={search_term_string}\"},\"query-input\":{\"@type\":\"PropertyValueSpecification\",\"valueRequired\":true,\"valueName\":\"search_term_string\"}}],\"inLanguage\":\"en-GB\"}]}<\/script>\n<!-- \/ Yoast SEO plugin. -->","yoast_head_json":{"title":"Physik - Klassenarbeiten und Klausuren - Gymnasium Nordenham","robots":{"index":"index","follow":"follow","max-snippet":"max-snippet:-1","max-image-preview":"max-image-preview:large","max-video-preview":"max-video-preview:-1"},"canonical":"https:\/\/gymnasium-nordenham.de\/en\/physik-klassenarbeiten-und-klausuren\/","og_locale":"en_GB","og_type":"article","og_title":"Physik - Klassenarbeiten und Klausuren - Gymnasium Nordenham","og_description":"Klassenarbeiten und Klausuren Sekundarstufe I In den Jahrg\u00e4ngen 5, 6, 7 und 9 mit epochalem Unterricht (das Fach wird nur ein Halbjahr unterrichtet) ist vorgesehen, dass eine Klassenarbeit im Schuljahr geschrieben wird. In den Klassen 8 und 10 wird pro &hellip; Continue reading &rarr;","og_url":"https:\/\/gymnasium-nordenham.de\/en\/physik-klassenarbeiten-und-klausuren\/","og_site_name":"Gymnasium Nordenham","article_modified_time":"2020-12-22T09:30:46+00:00","og_image":[{"url":"https:\/\/gymnasium-nordenham.de\/wp-content\/uploads\/2020\/04\/PHYSIK-Klausuren.jpg","type":"","width":"","height":""}],"twitter_card":"summary_large_image","twitter_misc":{"Estimated reading time":"2 minutes"},"schema":{"@context":"https:\/\/schema.org","@graph":[{"@type":"WebPage","@id":"https:\/\/gymnasium-nordenham.de\/physik-klassenarbeiten-und-klausuren","url":"https:\/\/gymnasium-nordenham.de\/physik-klassenarbeiten-und-klausuren","name":"Physik - Klassenarbeiten und Klausuren - Gymnasium Nordenham","isPartOf":{"@id":"https:\/\/gymnasium-nordenham.de\/#website"},"primaryImageOfPage":{"@id":"https:\/\/gymnasium-nordenham.de\/physik-klassenarbeiten-und-klausuren#primaryimage"},"image":{"@id":"https:\/\/gymnasium-nordenham.de\/physik-klassenarbeiten-und-klausuren#primaryimage"},"thumbnailUrl":"https:\/\/gymnasium-nordenham.de\/wp-content\/uploads\/2020\/04\/PHYSIK-Klausuren.jpg","datePublished":"2020-04-17T08:59:35+00:00","dateModified":"2020-12-22T09:30:46+00:00","breadcrumb":{"@id":"https:\/\/gymnasium-nordenham.de\/physik-klassenarbeiten-und-klausuren#breadcrumb"},"inLanguage":"en-GB","potentialAction":[{"@type":"ReadAction","target":["https:\/\/gymnasium-nordenham.de\/physik-klassenarbeiten-und-klausuren"]}]},{"@type":"ImageObject","inLanguage":"en-GB","@id":"https:\/\/gymnasium-nordenham.de\/physik-klassenarbeiten-und-klausuren#primaryimage","url":"https:\/\/gymnasium-nordenham.de\/wp-content\/uploads\/2020\/04\/PHYSIK-Klausuren.jpg","contentUrl":"https:\/\/gymnasium-nordenham.de\/wp-content\/uploads\/2020\/04\/PHYSIK-Klausuren.jpg"},{"@type":"BreadcrumbList","@id":"https:\/\/gymnasium-nordenham.de\/physik-klassenarbeiten-und-klausuren#breadcrumb","itemListElement":[{"@type":"ListItem","position":1,"name":"Startseite","item":"https:\/\/gymnasium-nordenham.de\/"},{"@type":"ListItem","position":2,"name":"Physik &#8211; Klassenarbeiten und Klausuren"}]},{"@type":"WebSite","@id":"https:\/\/gymnasium-nordenham.de\/#website","url":"https:\/\/gymnasium-nordenham.de\/","name":"Gymnasium Nordenham","description":"Miteinander, voneinander und f\u00fcreinander lernen","potentialAction":[{"@type":"SearchAction","target":{"@type":"EntryPoint","urlTemplate":"https:\/\/gymnasium-nordenham.de\/?s={search_term_string}"},"query-input":{"@type":"PropertyValueSpecification","valueRequired":true,"valueName":"search_term_string"}}],"inLanguage":"en-GB"}]}},"_links":{"self":[{"href":"https:\/\/gymnasium-nordenham.de\/en\/wp-json\/wp\/v2\/pages\/1506","targetHints":{"allow":["GET"]}}],"collection":[{"href":"https:\/\/gymnasium-nordenham.de\/en\/wp-json\/wp\/v2\/pages"}],"about":[{"href":"https:\/\/gymnasium-nordenham.de\/en\/wp-json\/wp\/v2\/types\/page"}],"author":[{"embeddable":true,"href":"https:\/\/gymnasium-nordenham.de\/en\/wp-json\/wp\/v2\/users\/4"}],"replies":[{"embeddable":true,"href":"https:\/\/gymnasium-nordenham.de\/en\/wp-json\/wp\/v2\/comments?post=1506"}],"version-history":[{"count":0,"href":"https:\/\/gymnasium-nordenham.de\/en\/wp-json\/wp\/v2\/pages\/1506\/revisions"}],"wp:attachment":[{"href":"https:\/\/gymnasium-nordenham.de\/en\/wp-json\/wp\/v2\/media?parent=1506"}],"curies":[{"name":"wp","href":"https:\/\/api.w.org\/{rel}","templated":true}]}}