{"id":1502,"date":"2020-04-17T10:57:01","date_gmt":"2020-04-17T08:57:01","guid":{"rendered":"https:\/\/gymnasiumnordenhamtest.live-website.com\/?page_id=1502"},"modified":"2021-01-11T16:04:16","modified_gmt":"2021-01-11T15:04:16","slug":"physik-lehrwerke","status":"publish","type":"page","link":"https:\/\/gymnasium-nordenham.de\/en\/physik-lehrwerke","title":{"rendered":"Physik &#8211; Lehrwerke"},"content":{"rendered":"<div data-elementor-type=\"wp-page\" data-elementor-id=\"1502\" class=\"elementor elementor-1502\" data-elementor-post-type=\"page\">\n\t\t\t\t\t\t<section class=\"elementor-section elementor-top-section elementor-element elementor-element-5257c4b elementor-section-full_width elementor-section-height-default elementor-section-height-default\" data-id=\"5257c4b\" data-element_type=\"section\" data-e-type=\"section\">\n\t\t\t\t\t\t<div class=\"elementor-container elementor-column-gap-default\">\n\t\t\t\t\t<div class=\"elementor-column elementor-col-100 elementor-top-column elementor-element elementor-element-929ce8f\" data-id=\"929ce8f\" data-element_type=\"column\" data-e-type=\"column\" data-settings=\"{&quot;background_background&quot;:&quot;classic&quot;}\">\n\t\t\t<div class=\"elementor-widget-wrap elementor-element-populated\">\n\t\t\t\t\t\t<div class=\"elementor-element elementor-element-de78d44 elementor-widget elementor-widget-heading\" data-id=\"de78d44\" data-element_type=\"widget\" data-e-type=\"widget\" data-widget_type=\"heading.default\">\n\t\t\t\t<div class=\"elementor-widget-container\">\n\t\t\t\t\t<h2 class=\"elementor-heading-title elementor-size-large\">Lehrwerke<\/h2>\t\t\t\t<\/div>\n\t\t\t\t<\/div>\n\t\t\t\t\t<\/div>\n\t\t<\/div>\n\t\t\t\t\t<\/div>\n\t\t<\/section>\n\t\t\t\t<section class=\"elementor-section elementor-top-section elementor-element elementor-element-9215942 elementor-section-full_width elementor-section-height-default elementor-section-height-default\" data-id=\"9215942\" data-element_type=\"section\" data-e-type=\"section\">\n\t\t\t\t\t\t<div class=\"elementor-container elementor-column-gap-default\">\n\t\t\t\t\t<div class=\"elementor-column elementor-col-66 elementor-top-column elementor-element elementor-element-bc4bb8e\" data-id=\"bc4bb8e\" data-element_type=\"column\" data-e-type=\"column\">\n\t\t\t<div class=\"elementor-widget-wrap elementor-element-populated\">\n\t\t\t\t\t\t<div class=\"elementor-element elementor-element-809aad3 elementor-widget elementor-widget-text-editor\" data-id=\"809aad3\" data-element_type=\"widget\" data-e-type=\"widget\" data-widget_type=\"text-editor.default\">\n\t\t\t\t<div class=\"elementor-widget-container\">\n\t\t\t\t\t\t\t\t\t<p style=\"text-align: justify;\"><span style=\"font-size: 12pt;\">Die Fachkonferenz Physik vom 12.06.2017 hat die Anschaffung eines neuen Lehrwerks f\u00fcr die Jahrg\u00e4nge der Sekundarstufe I beschlossen. Anstelle des bisher verwendeten Lehrwerks Dorn Bader soll das Lehrwerk Universum Physik verwendet werden.<\/span><\/p><p style=\"text-align: justify;\"><span style=\"font-size: 12pt;\">Die folgenden Lehrwerke k\u00f6nnen selbst beschafft werden oder sind \u00fcber das Ausleihverfahren der Schule erh\u00e4ltlich:\u00a0<\/span><\/p><p style=\"text-align: justify;\"><strong><span style=\"font-size: 12pt;\">Klasse 5\/6: <\/span><\/strong><span style=\"font-size: 12pt;\"><em>Universum Physik\/Chemie<\/em>, Niedersachsen G9 5\/6, Cornelsen Verlag (ISBN 978-3-06-420215-3)<\/span><\/p><p style=\"text-align: justify;\"><strong><span style=\"font-size: 12pt;\">Klasse 7\/8: <\/span><\/strong><span style=\"font-size: 12pt;\"><em>Universum Physik<\/em>, Niedersachsen G9 7\/8, Cornelsen Verlag (ISBN 978-3-06-420198-3)<\/span><\/p><p style=\"text-align: justify;\"><strong><span style=\"font-size: 12pt;\">Klasse 9\/10: <\/span><\/strong><span style=\"font-size: 12pt;\"><em>Universum Physik<\/em>, Niedersachsen G9 9\/10, Cornelsen Verlag <\/span><span style=\"font-size: 12pt;\">(ISBN 978-3-06-420091-3)<\/span><\/p><p style=\"text-align: justify;\"><strong><span style=\"font-size: 12pt;\">Klasse 11 (Einf\u00fchrungsphase): <\/span><\/strong><span style=\"font-size: 12pt;\"><em>Einf\u00fchrung eines Lehrwerks in Absprache mit der betreuenden Lehrkraft.<br \/><\/em><\/span><span style=\"font-size: 12pt;\"><em>(2018\/19 Impulse Physik) (2019\/20 Dorn Bader) <\/em><\/span><\/p><p style=\"text-align: justify;\"><strong><span style=\"font-size: 12pt;\">Klasse 12\/13 (Qualifikationsphase): <\/span><\/strong><span style=\"font-size: 12pt;\"><em>Einf\u00fchrung eines Lehrwerks in Absprache mit der betreuenden Lehrkraft.<\/em><\/span><\/p><p style=\"text-align: justify;\"><span style=\"font-size: 12pt;\"><em>In beiden Kursformen wird das gleiche Unterrichtswerk verwendet.<\/em><br \/><\/span><\/p><p style=\"text-align: justify;\"><span style=\"font-size: 12pt;\"><br \/>Ab <strong>Klasse 9<\/strong> wird eine Formelsammlung ben\u00f6tigt, die selbst angeschafft werden muss (Die Formelsammlung wird gemeinsam mit der Mathematik und den anderen Naturwissenschaften verwendet.):\u00a0<\/span><\/p><p style=\"text-align: justify;\"><span style=\"font-size: 12pt;\"><em>Das gro\u00dfe Tafelwerk interaktiv 2.0<\/em>, Formelsammlung f\u00fcr Niedersachsen, Cornelsen Verlag (<\/span><span style=\"font-size: 12pt;\">ISBN 978-3-06-001615-0)<\/span><\/p><p style=\"text-align: justify;\"><span style=\"font-size: 12pt;\">F\u00fcr die Oberstufe kommt eine fachspezifische Formelsammlung hinzu, welche ebenfalls selbst angeschafft werden muss.<\/span><\/p><p style=\"text-align: justify;\"><span style=\"font-size: 12pt;\"><em>Physik Formeln Sekundarstufe II<\/em>, Mirow, Bildungsverlag Eins (<\/span><span style=\"font-size: 12pt;\">ISBN 978-3-427-41770-5)<\/span><\/p>\t\t\t\t\t\t\t\t<\/div>\n\t\t\t\t<\/div>\n\t\t\t\t\t<\/div>\n\t\t<\/div>\n\t\t\t\t<div class=\"elementor-column elementor-col-33 elementor-top-column elementor-element elementor-element-c25fcbf\" data-id=\"c25fcbf\" data-element_type=\"column\" data-e-type=\"column\">\n\t\t\t<div class=\"elementor-widget-wrap elementor-element-populated\">\n\t\t\t\t\t\t<div class=\"elementor-element elementor-element-497df0a elementor-invisible elementor-widget elementor-widget-wp-widget-nav_menu\" data-id=\"497df0a\" data-element_type=\"widget\" data-e-type=\"widget\" data-settings=\"{&quot;_animation&quot;:&quot;fadeInUp&quot;}\" data-widget_type=\"wp-widget-nav_menu.default\">\n\t\t\t\t<div class=\"elementor-widget-container\">\n\t\t\t\t\t<div class=\"menu-fachmenue-physik-container\"><ul id=\"menu-fachmenue-physik\" class=\"menu\"><li id=\"menu-item-1516\" class=\"menu-item menu-item-type-post_type menu-item-object-page menu-item-1516\"><a href=\"https:\/\/gymnasium-nordenham.de\/en\/physik-am-gn\">Physik am GN<\/a><\/li>\n<li id=\"menu-item-1514\" class=\"menu-item menu-item-type-post_type menu-item-object-page menu-item-1514\"><a href=\"https:\/\/gymnasium-nordenham.de\/en\/physik-lehrwerke\">Lehrwerke<\/a><\/li>\n<li id=\"menu-item-1513\" class=\"menu-item menu-item-type-post_type menu-item-object-page menu-item-1513\"><a href=\"https:\/\/gymnasium-nordenham.de\/en\/physik-curricula\">Curricula<\/a><\/li>\n<li id=\"menu-item-1512\" class=\"menu-item menu-item-type-post_type menu-item-object-page menu-item-1512\"><a href=\"https:\/\/gymnasium-nordenham.de\/en\/physik-klassenarbeiten-und-klausuren\">Klassenarbeiten und Klausuren<\/a><\/li>\n<li id=\"menu-item-1511\" class=\"menu-item menu-item-type-post_type menu-item-object-page menu-item-1511\"><a href=\"https:\/\/gymnasium-nordenham.de\/en\/physik-weitere-angebote\">Weitere Angebote<\/a><\/li>\n<\/ul><\/div>\t\t\t\t<\/div>\n\t\t\t\t<\/div>\n\t\t\t\t\t<\/div>\n\t\t<\/div>\n\t\t\t\t\t<\/div>\n\t\t<\/section>\n\t\t\t\t<\/div>","protected":false},"excerpt":{"rendered":"<p>Lehrwerke Die Fachkonferenz Physik vom 12.06.2017 hat die Anschaffung eines neuen Lehrwerks f\u00fcr die Jahrg\u00e4nge der Sekundarstufe I beschlossen. Anstelle des bisher verwendeten Lehrwerks Dorn Bader soll das Lehrwerk Universum Physik verwendet werden. Die folgenden Lehrwerke k\u00f6nnen selbst beschafft werden &hellip; <a href=\"https:\/\/gymnasium-nordenham.de\/en\/physik-lehrwerke\">Continue reading <span class=\"meta-nav\">&rarr;<\/span><\/a><\/p>","protected":false},"author":4,"featured_media":0,"parent":0,"menu_order":0,"comment_status":"closed","ping_status":"closed","template":"elementor_header_footer","meta":{"_crdt_document":"","footnotes":""},"class_list":["post-1502","page","type-page","status-publish","hentry"],"yoast_head":"<!-- This site is optimized with the Yoast SEO plugin v27.3 - https:\/\/yoast.com\/product\/yoast-seo-wordpress\/ -->\n<title>Physik - Lehrwerke - Gymnasium Nordenham<\/title>\n<meta name=\"robots\" content=\"index, follow, max-snippet:-1, max-image-preview:large, max-video-preview:-1\" \/>\n<link rel=\"canonical\" href=\"https:\/\/gymnasium-nordenham.de\/en\/physik-lehrwerke\/\" \/>\n<meta property=\"og:locale\" content=\"en_GB\" \/>\n<meta property=\"og:type\" content=\"article\" \/>\n<meta property=\"og:title\" content=\"Physik - Lehrwerke - Gymnasium Nordenham\" \/>\n<meta property=\"og:description\" content=\"Lehrwerke Die Fachkonferenz Physik vom 12.06.2017 hat die Anschaffung eines neuen Lehrwerks f\u00fcr die Jahrg\u00e4nge der Sekundarstufe I beschlossen. Anstelle des bisher verwendeten Lehrwerks Dorn Bader soll das Lehrwerk Universum Physik verwendet werden. Die folgenden Lehrwerke k\u00f6nnen selbst beschafft werden &hellip; Continue reading &rarr;\" \/>\n<meta property=\"og:url\" content=\"https:\/\/gymnasium-nordenham.de\/en\/physik-lehrwerke\/\" \/>\n<meta property=\"og:site_name\" content=\"Gymnasium Nordenham\" \/>\n<meta property=\"article:modified_time\" content=\"2021-01-11T15:04:16+00:00\" \/>\n<meta name=\"twitter:card\" content=\"summary_large_image\" \/>\n<meta name=\"twitter:label1\" content=\"Estimated reading time\" \/>\n\t<meta name=\"twitter:data1\" content=\"1 minute\" \/>\n<script type=\"application\/ld+json\" class=\"yoast-schema-graph\">{\"@context\":\"https:\\\/\\\/schema.org\",\"@graph\":[{\"@type\":\"WebPage\",\"@id\":\"https:\\\/\\\/gymnasium-nordenham.de\\\/physik-lehrwerke\",\"url\":\"https:\\\/\\\/gymnasium-nordenham.de\\\/physik-lehrwerke\",\"name\":\"Physik - Lehrwerke - Gymnasium Nordenham\",\"isPartOf\":{\"@id\":\"https:\\\/\\\/gymnasium-nordenham.de\\\/#website\"},\"datePublished\":\"2020-04-17T08:57:01+00:00\",\"dateModified\":\"2021-01-11T15:04:16+00:00\",\"breadcrumb\":{\"@id\":\"https:\\\/\\\/gymnasium-nordenham.de\\\/physik-lehrwerke#breadcrumb\"},\"inLanguage\":\"en-GB\",\"potentialAction\":[{\"@type\":\"ReadAction\",\"target\":[\"https:\\\/\\\/gymnasium-nordenham.de\\\/physik-lehrwerke\"]}]},{\"@type\":\"BreadcrumbList\",\"@id\":\"https:\\\/\\\/gymnasium-nordenham.de\\\/physik-lehrwerke#breadcrumb\",\"itemListElement\":[{\"@type\":\"ListItem\",\"position\":1,\"name\":\"Startseite\",\"item\":\"https:\\\/\\\/gymnasium-nordenham.de\\\/\"},{\"@type\":\"ListItem\",\"position\":2,\"name\":\"Physik &#8211; Lehrwerke\"}]},{\"@type\":\"WebSite\",\"@id\":\"https:\\\/\\\/gymnasium-nordenham.de\\\/#website\",\"url\":\"https:\\\/\\\/gymnasium-nordenham.de\\\/\",\"name\":\"Gymnasium Nordenham\",\"description\":\"Miteinander, voneinander und f\u00fcreinander lernen\",\"potentialAction\":[{\"@type\":\"SearchAction\",\"target\":{\"@type\":\"EntryPoint\",\"urlTemplate\":\"https:\\\/\\\/gymnasium-nordenham.de\\\/?s={search_term_string}\"},\"query-input\":{\"@type\":\"PropertyValueSpecification\",\"valueRequired\":true,\"valueName\":\"search_term_string\"}}],\"inLanguage\":\"en-GB\"}]}<\/script>\n<!-- \/ Yoast SEO plugin. -->","yoast_head_json":{"title":"Physik - Lehrwerke - Gymnasium Nordenham","robots":{"index":"index","follow":"follow","max-snippet":"max-snippet:-1","max-image-preview":"max-image-preview:large","max-video-preview":"max-video-preview:-1"},"canonical":"https:\/\/gymnasium-nordenham.de\/en\/physik-lehrwerke\/","og_locale":"en_GB","og_type":"article","og_title":"Physik - Lehrwerke - Gymnasium Nordenham","og_description":"Lehrwerke Die Fachkonferenz Physik vom 12.06.2017 hat die Anschaffung eines neuen Lehrwerks f\u00fcr die Jahrg\u00e4nge der Sekundarstufe I beschlossen. Anstelle des bisher verwendeten Lehrwerks Dorn Bader soll das Lehrwerk Universum Physik verwendet werden. Die folgenden Lehrwerke k\u00f6nnen selbst beschafft werden &hellip; Continue reading &rarr;","og_url":"https:\/\/gymnasium-nordenham.de\/en\/physik-lehrwerke\/","og_site_name":"Gymnasium Nordenham","article_modified_time":"2021-01-11T15:04:16+00:00","twitter_card":"summary_large_image","twitter_misc":{"Estimated reading time":"1 minute"},"schema":{"@context":"https:\/\/schema.org","@graph":[{"@type":"WebPage","@id":"https:\/\/gymnasium-nordenham.de\/physik-lehrwerke","url":"https:\/\/gymnasium-nordenham.de\/physik-lehrwerke","name":"Physik - Lehrwerke - Gymnasium Nordenham","isPartOf":{"@id":"https:\/\/gymnasium-nordenham.de\/#website"},"datePublished":"2020-04-17T08:57:01+00:00","dateModified":"2021-01-11T15:04:16+00:00","breadcrumb":{"@id":"https:\/\/gymnasium-nordenham.de\/physik-lehrwerke#breadcrumb"},"inLanguage":"en-GB","potentialAction":[{"@type":"ReadAction","target":["https:\/\/gymnasium-nordenham.de\/physik-lehrwerke"]}]},{"@type":"BreadcrumbList","@id":"https:\/\/gymnasium-nordenham.de\/physik-lehrwerke#breadcrumb","itemListElement":[{"@type":"ListItem","position":1,"name":"Startseite","item":"https:\/\/gymnasium-nordenham.de\/"},{"@type":"ListItem","position":2,"name":"Physik &#8211; Lehrwerke"}]},{"@type":"WebSite","@id":"https:\/\/gymnasium-nordenham.de\/#website","url":"https:\/\/gymnasium-nordenham.de\/","name":"Gymnasium Nordenham","description":"Miteinander, voneinander und f\u00fcreinander lernen","potentialAction":[{"@type":"SearchAction","target":{"@type":"EntryPoint","urlTemplate":"https:\/\/gymnasium-nordenham.de\/?s={search_term_string}"},"query-input":{"@type":"PropertyValueSpecification","valueRequired":true,"valueName":"search_term_string"}}],"inLanguage":"en-GB"}]}},"_links":{"self":[{"href":"https:\/\/gymnasium-nordenham.de\/en\/wp-json\/wp\/v2\/pages\/1502","targetHints":{"allow":["GET"]}}],"collection":[{"href":"https:\/\/gymnasium-nordenham.de\/en\/wp-json\/wp\/v2\/pages"}],"about":[{"href":"https:\/\/gymnasium-nordenham.de\/en\/wp-json\/wp\/v2\/types\/page"}],"author":[{"embeddable":true,"href":"https:\/\/gymnasium-nordenham.de\/en\/wp-json\/wp\/v2\/users\/4"}],"replies":[{"embeddable":true,"href":"https:\/\/gymnasium-nordenham.de\/en\/wp-json\/wp\/v2\/comments?post=1502"}],"version-history":[{"count":0,"href":"https:\/\/gymnasium-nordenham.de\/en\/wp-json\/wp\/v2\/pages\/1502\/revisions"}],"wp:attachment":[{"href":"https:\/\/gymnasium-nordenham.de\/en\/wp-json\/wp\/v2\/media?parent=1502"}],"curies":[{"name":"wp","href":"https:\/\/api.w.org\/{rel}","templated":true}]}}