{"id":1500,"date":"2020-04-17T10:56:23","date_gmt":"2020-04-17T08:56:23","guid":{"rendered":"https:\/\/gymnasiumnordenhamtest.live-website.com\/?page_id=1500"},"modified":"2020-05-21T12:18:49","modified_gmt":"2020-05-21T10:18:49","slug":"physik-die-fachgruppe","status":"publish","type":"page","link":"https:\/\/gymnasium-nordenham.de\/en\/physik-die-fachgruppe","title":{"rendered":"Physik &#8211; Die Fachgruppe"},"content":{"rendered":"<div data-elementor-type=\"wp-page\" data-elementor-id=\"1500\" class=\"elementor elementor-1500\" data-elementor-post-type=\"page\">\n\t\t\t\t\t\t<section class=\"elementor-section elementor-top-section elementor-element elementor-element-5257c4b elementor-section-full_width elementor-section-height-default elementor-section-height-default\" data-id=\"5257c4b\" data-element_type=\"section\" data-e-type=\"section\">\n\t\t\t\t\t\t<div class=\"elementor-container elementor-column-gap-default\">\n\t\t\t\t\t<div class=\"elementor-column elementor-col-100 elementor-top-column elementor-element elementor-element-929ce8f\" data-id=\"929ce8f\" data-element_type=\"column\" data-e-type=\"column\" data-settings=\"{&quot;background_background&quot;:&quot;classic&quot;}\">\n\t\t\t<div class=\"elementor-widget-wrap elementor-element-populated\">\n\t\t\t\t\t\t<div class=\"elementor-element elementor-element-de78d44 elementor-widget elementor-widget-heading\" data-id=\"de78d44\" data-element_type=\"widget\" data-e-type=\"widget\" data-widget_type=\"heading.default\">\n\t\t\t\t<div class=\"elementor-widget-container\">\n\t\t\t\t\t<h2 class=\"elementor-heading-title elementor-size-large\">Physik - Die Fachgruppe<\/h2>\t\t\t\t<\/div>\n\t\t\t\t<\/div>\n\t\t\t\t\t<\/div>\n\t\t<\/div>\n\t\t\t\t\t<\/div>\n\t\t<\/section>\n\t\t\t\t<section class=\"elementor-section elementor-top-section elementor-element elementor-element-9215942 elementor-section-full_width elementor-section-height-default elementor-section-height-default\" data-id=\"9215942\" data-element_type=\"section\" data-e-type=\"section\">\n\t\t\t\t\t\t<div class=\"elementor-container elementor-column-gap-default\">\n\t\t\t\t\t<div class=\"elementor-column elementor-col-66 elementor-top-column elementor-element elementor-element-bc4bb8e\" data-id=\"bc4bb8e\" data-element_type=\"column\" data-e-type=\"column\">\n\t\t\t<div class=\"elementor-widget-wrap elementor-element-populated\">\n\t\t\t\t\t\t<div class=\"elementor-element elementor-element-809aad3 elementor-widget elementor-widget-text-editor\" data-id=\"809aad3\" data-element_type=\"widget\" data-e-type=\"widget\" data-widget_type=\"text-editor.default\">\n\t\t\t\t<div class=\"elementor-widget-container\">\n\t\t\t\t\t\t\t\t\t<p><span style=\"font-size: 14pt;\"><strong>Folgende Kolleginnen und Kollegen geh\u00f6ren der Fachgruppe Physik an:<\/strong><\/span><\/p><p><span style=\"font-size: 12pt;\">Viktor Buchholz (BC) (Physik, Chemie):<\/span><br \/><span style=\"font-size: 12pt;\"><a href=\"mailto:viktor.buchholz@gym-nordenham.de\">viktor.buchholz@gym-nordenham.de<\/a><\/span><\/p><p><span style=\"font-size: 12pt;\">Daniel Dr\u00e4ger (DR) (Physik, Mathematik):<\/span><br \/><span style=\"font-size: 12pt;\"><a href=\"mailto:daniel.draeger@gym-nordenham.de\">daniel.draeger@gym-nordenham.de<\/a><\/span><\/p><p><span style=\"font-size: 12pt;\">Julia Jan\u00dfen (JN) (Physik, Geschichte):<\/span><br \/><a href=\"mailto:julia.janssen@gym-nordenham.de\">julia.janssen@gym-nordenham.de<\/a><\/p><p><span style=\"font-size: 12pt;\">Gerald L\u00fcbbermann (L\u00dc) ( Physik, Mathematik, Fachobschaft Physik):<\/span><br \/><span style=\"font-size: 12pt;\"><a href=\"mailto:gerald.luebbermann@gym-nordenham.de\">gerald.luebbermann@gym-nordenham.de<\/a><\/span><\/p><p><span style=\"font-size: 12pt;\">Sebastian Schulte-G\u00fcstenberg (S\u00dc) (Physik, Mathematik):<\/span><br \/><span style=\"font-size: 12pt;\"><a href=\"mailto:sebastian.schulte-guestenberg@gym-nordenham.de\">sebastian.schulte-guestenberg@gym-nordenham.de<\/a><\/span><\/p><p><span style=\"font-size: 12pt;\">Thalke Steinke (SK) (Physik, Mathematik):<\/span><br \/><span style=\"font-size: 12pt;\"><a href=\"mailto:thalke.steinke@gym-%09%09%09%09%09%09%09%09nordenham.de\">thalke.steinke@gym-nordenham.de<\/a><\/span><\/p>\t\t\t\t\t\t\t\t<\/div>\n\t\t\t\t<\/div>\n\t\t\t\t\t<\/div>\n\t\t<\/div>\n\t\t\t\t<div class=\"elementor-column elementor-col-33 elementor-top-column elementor-element elementor-element-c25fcbf\" data-id=\"c25fcbf\" data-element_type=\"column\" data-e-type=\"column\">\n\t\t\t<div class=\"elementor-widget-wrap elementor-element-populated\">\n\t\t\t\t\t\t<div class=\"elementor-element elementor-element-497df0a elementor-invisible elementor-widget elementor-widget-wp-widget-nav_menu\" data-id=\"497df0a\" data-element_type=\"widget\" data-e-type=\"widget\" data-settings=\"{&quot;_animation&quot;:&quot;fadeInUp&quot;}\" data-widget_type=\"wp-widget-nav_menu.default\">\n\t\t\t\t<div class=\"elementor-widget-container\">\n\t\t\t\t\t<div class=\"menu-fachmenue-physik-container\"><ul id=\"menu-fachmenue-physik\" class=\"menu\"><li id=\"menu-item-1516\" class=\"menu-item menu-item-type-post_type menu-item-object-page menu-item-1516\"><a href=\"https:\/\/gymnasium-nordenham.de\/en\/physik-am-gn\">Physik am GN<\/a><\/li>\n<li id=\"menu-item-1514\" class=\"menu-item menu-item-type-post_type menu-item-object-page menu-item-1514\"><a href=\"https:\/\/gymnasium-nordenham.de\/en\/physik-lehrwerke\">Lehrwerke<\/a><\/li>\n<li id=\"menu-item-1513\" class=\"menu-item menu-item-type-post_type menu-item-object-page menu-item-1513\"><a href=\"https:\/\/gymnasium-nordenham.de\/en\/physik-curricula\">Curricula<\/a><\/li>\n<li id=\"menu-item-1512\" class=\"menu-item menu-item-type-post_type menu-item-object-page menu-item-1512\"><a href=\"https:\/\/gymnasium-nordenham.de\/en\/physik-klassenarbeiten-und-klausuren\">Klassenarbeiten und Klausuren<\/a><\/li>\n<li id=\"menu-item-1511\" class=\"menu-item menu-item-type-post_type menu-item-object-page menu-item-1511\"><a href=\"https:\/\/gymnasium-nordenham.de\/en\/physik-weitere-angebote\">Weitere Angebote<\/a><\/li>\n<\/ul><\/div>\t\t\t\t<\/div>\n\t\t\t\t<\/div>\n\t\t\t\t\t<\/div>\n\t\t<\/div>\n\t\t\t\t\t<\/div>\n\t\t<\/section>\n\t\t\t\t<\/div>","protected":false},"excerpt":{"rendered":"<p>Physik &#8211; Die Fachgruppe Folgende Kolleginnen und Kollegen geh\u00f6ren der Fachgruppe Physik an: Viktor Buchholz (BC) (Physik, Chemie):viktor.buchholz@gym-nordenham.de Daniel Dr\u00e4ger (DR) (Physik, Mathematik):daniel.draeger@gym-nordenham.de Julia Jan\u00dfen (JN) (Physik, Geschichte):julia.janssen@gym-nordenham.de Gerald L\u00fcbbermann (L\u00dc) ( Physik, Mathematik, Fachobschaft Physik):gerald.luebbermann@gym-nordenham.de Sebastian Schulte-G\u00fcstenberg (S\u00dc) (Physik, &hellip; <a href=\"https:\/\/gymnasium-nordenham.de\/en\/physik-die-fachgruppe\">Continue reading <span class=\"meta-nav\">&rarr;<\/span><\/a><\/p>","protected":false},"author":4,"featured_media":0,"parent":0,"menu_order":0,"comment_status":"closed","ping_status":"closed","template":"elementor_header_footer","meta":{"_crdt_document":"","footnotes":""},"class_list":["post-1500","page","type-page","status-publish","hentry"],"yoast_head":"<!-- This site is optimized with the Yoast SEO plugin v27.3 - https:\/\/yoast.com\/product\/yoast-seo-wordpress\/ -->\n<title>Physik - Die Fachgruppe - Gymnasium Nordenham<\/title>\n<meta name=\"robots\" content=\"index, follow, max-snippet:-1, max-image-preview:large, max-video-preview:-1\" \/>\n<link rel=\"canonical\" href=\"https:\/\/gymnasium-nordenham.de\/en\/physik-die-fachgruppe\/\" \/>\n<meta property=\"og:locale\" content=\"en_GB\" \/>\n<meta property=\"og:type\" content=\"article\" \/>\n<meta property=\"og:title\" content=\"Physik - Die Fachgruppe - Gymnasium Nordenham\" \/>\n<meta property=\"og:description\" content=\"Physik &#8211; Die Fachgruppe Folgende Kolleginnen und Kollegen geh\u00f6ren der Fachgruppe Physik an: Viktor Buchholz (BC) (Physik, Chemie):viktor.buchholz@gym-nordenham.de Daniel Dr\u00e4ger (DR) (Physik, Mathematik):daniel.draeger@gym-nordenham.de Julia Jan\u00dfen (JN) (Physik, Geschichte):julia.janssen@gym-nordenham.de Gerald L\u00fcbbermann (L\u00dc) ( Physik, Mathematik, Fachobschaft Physik):gerald.luebbermann@gym-nordenham.de Sebastian Schulte-G\u00fcstenberg (S\u00dc) (Physik, &hellip; Continue reading &rarr;\" \/>\n<meta property=\"og:url\" content=\"https:\/\/gymnasium-nordenham.de\/en\/physik-die-fachgruppe\/\" \/>\n<meta property=\"og:site_name\" content=\"Gymnasium Nordenham\" \/>\n<meta property=\"article:modified_time\" content=\"2020-05-21T10:18:49+00:00\" \/>\n<meta name=\"twitter:card\" content=\"summary_large_image\" \/>\n<script type=\"application\/ld+json\" class=\"yoast-schema-graph\">{\"@context\":\"https:\\\/\\\/schema.org\",\"@graph\":[{\"@type\":\"WebPage\",\"@id\":\"https:\\\/\\\/gymnasium-nordenham.de\\\/physik-die-fachgruppe\",\"url\":\"https:\\\/\\\/gymnasium-nordenham.de\\\/physik-die-fachgruppe\",\"name\":\"Physik - Die Fachgruppe - Gymnasium Nordenham\",\"isPartOf\":{\"@id\":\"https:\\\/\\\/gymnasium-nordenham.de\\\/#website\"},\"datePublished\":\"2020-04-17T08:56:23+00:00\",\"dateModified\":\"2020-05-21T10:18:49+00:00\",\"breadcrumb\":{\"@id\":\"https:\\\/\\\/gymnasium-nordenham.de\\\/physik-die-fachgruppe#breadcrumb\"},\"inLanguage\":\"en-GB\",\"potentialAction\":[{\"@type\":\"ReadAction\",\"target\":[\"https:\\\/\\\/gymnasium-nordenham.de\\\/physik-die-fachgruppe\"]}]},{\"@type\":\"BreadcrumbList\",\"@id\":\"https:\\\/\\\/gymnasium-nordenham.de\\\/physik-die-fachgruppe#breadcrumb\",\"itemListElement\":[{\"@type\":\"ListItem\",\"position\":1,\"name\":\"Startseite\",\"item\":\"https:\\\/\\\/gymnasium-nordenham.de\\\/\"},{\"@type\":\"ListItem\",\"position\":2,\"name\":\"Physik &#8211; Die Fachgruppe\"}]},{\"@type\":\"WebSite\",\"@id\":\"https:\\\/\\\/gymnasium-nordenham.de\\\/#website\",\"url\":\"https:\\\/\\\/gymnasium-nordenham.de\\\/\",\"name\":\"Gymnasium Nordenham\",\"description\":\"Miteinander, voneinander und f\u00fcreinander lernen\",\"potentialAction\":[{\"@type\":\"SearchAction\",\"target\":{\"@type\":\"EntryPoint\",\"urlTemplate\":\"https:\\\/\\\/gymnasium-nordenham.de\\\/?s={search_term_string}\"},\"query-input\":{\"@type\":\"PropertyValueSpecification\",\"valueRequired\":true,\"valueName\":\"search_term_string\"}}],\"inLanguage\":\"en-GB\"}]}<\/script>\n<!-- \/ Yoast SEO plugin. -->","yoast_head_json":{"title":"Physik - Die Fachgruppe - Gymnasium Nordenham","robots":{"index":"index","follow":"follow","max-snippet":"max-snippet:-1","max-image-preview":"max-image-preview:large","max-video-preview":"max-video-preview:-1"},"canonical":"https:\/\/gymnasium-nordenham.de\/en\/physik-die-fachgruppe\/","og_locale":"en_GB","og_type":"article","og_title":"Physik - Die Fachgruppe - Gymnasium Nordenham","og_description":"Physik &#8211; Die Fachgruppe Folgende Kolleginnen und Kollegen geh\u00f6ren der Fachgruppe Physik an: Viktor Buchholz (BC) (Physik, Chemie):viktor.buchholz@gym-nordenham.de Daniel Dr\u00e4ger (DR) (Physik, Mathematik):daniel.draeger@gym-nordenham.de Julia Jan\u00dfen (JN) (Physik, Geschichte):julia.janssen@gym-nordenham.de Gerald L\u00fcbbermann (L\u00dc) ( Physik, Mathematik, Fachobschaft Physik):gerald.luebbermann@gym-nordenham.de Sebastian Schulte-G\u00fcstenberg (S\u00dc) (Physik, &hellip; Continue reading &rarr;","og_url":"https:\/\/gymnasium-nordenham.de\/en\/physik-die-fachgruppe\/","og_site_name":"Gymnasium Nordenham","article_modified_time":"2020-05-21T10:18:49+00:00","twitter_card":"summary_large_image","schema":{"@context":"https:\/\/schema.org","@graph":[{"@type":"WebPage","@id":"https:\/\/gymnasium-nordenham.de\/physik-die-fachgruppe","url":"https:\/\/gymnasium-nordenham.de\/physik-die-fachgruppe","name":"Physik - Die Fachgruppe - Gymnasium Nordenham","isPartOf":{"@id":"https:\/\/gymnasium-nordenham.de\/#website"},"datePublished":"2020-04-17T08:56:23+00:00","dateModified":"2020-05-21T10:18:49+00:00","breadcrumb":{"@id":"https:\/\/gymnasium-nordenham.de\/physik-die-fachgruppe#breadcrumb"},"inLanguage":"en-GB","potentialAction":[{"@type":"ReadAction","target":["https:\/\/gymnasium-nordenham.de\/physik-die-fachgruppe"]}]},{"@type":"BreadcrumbList","@id":"https:\/\/gymnasium-nordenham.de\/physik-die-fachgruppe#breadcrumb","itemListElement":[{"@type":"ListItem","position":1,"name":"Startseite","item":"https:\/\/gymnasium-nordenham.de\/"},{"@type":"ListItem","position":2,"name":"Physik &#8211; Die Fachgruppe"}]},{"@type":"WebSite","@id":"https:\/\/gymnasium-nordenham.de\/#website","url":"https:\/\/gymnasium-nordenham.de\/","name":"Gymnasium Nordenham","description":"Miteinander, voneinander und f\u00fcreinander lernen","potentialAction":[{"@type":"SearchAction","target":{"@type":"EntryPoint","urlTemplate":"https:\/\/gymnasium-nordenham.de\/?s={search_term_string}"},"query-input":{"@type":"PropertyValueSpecification","valueRequired":true,"valueName":"search_term_string"}}],"inLanguage":"en-GB"}]}},"_links":{"self":[{"href":"https:\/\/gymnasium-nordenham.de\/en\/wp-json\/wp\/v2\/pages\/1500","targetHints":{"allow":["GET"]}}],"collection":[{"href":"https:\/\/gymnasium-nordenham.de\/en\/wp-json\/wp\/v2\/pages"}],"about":[{"href":"https:\/\/gymnasium-nordenham.de\/en\/wp-json\/wp\/v2\/types\/page"}],"author":[{"embeddable":true,"href":"https:\/\/gymnasium-nordenham.de\/en\/wp-json\/wp\/v2\/users\/4"}],"replies":[{"embeddable":true,"href":"https:\/\/gymnasium-nordenham.de\/en\/wp-json\/wp\/v2\/comments?post=1500"}],"version-history":[{"count":0,"href":"https:\/\/gymnasium-nordenham.de\/en\/wp-json\/wp\/v2\/pages\/1500\/revisions"}],"wp:attachment":[{"href":"https:\/\/gymnasium-nordenham.de\/en\/wp-json\/wp\/v2\/media?parent=1500"}],"curies":[{"name":"wp","href":"https:\/\/api.w.org\/{rel}","templated":true}]}}