{"id":1498,"date":"2020-04-17T10:55:38","date_gmt":"2020-04-17T08:55:38","guid":{"rendered":"https:\/\/gymnasiumnordenhamtest.live-website.com\/?page_id=1498"},"modified":"2020-12-22T10:15:23","modified_gmt":"2020-12-22T09:15:23","slug":"physik-am-gn","status":"publish","type":"page","link":"https:\/\/gymnasium-nordenham.de\/en\/physik-am-gn","title":{"rendered":"Physik am GN"},"content":{"rendered":"<div data-elementor-type=\"wp-page\" data-elementor-id=\"1498\" class=\"elementor elementor-1498\" data-elementor-post-type=\"page\">\n\t\t\t\t\t\t<section class=\"elementor-section elementor-top-section elementor-element elementor-element-5257c4b elementor-section-full_width elementor-section-height-default elementor-section-height-default\" data-id=\"5257c4b\" data-element_type=\"section\" data-e-type=\"section\">\n\t\t\t\t\t\t<div class=\"elementor-container elementor-column-gap-default\">\n\t\t\t\t\t<div class=\"elementor-column elementor-col-100 elementor-top-column elementor-element elementor-element-929ce8f\" data-id=\"929ce8f\" data-element_type=\"column\" data-e-type=\"column\" data-settings=\"{&quot;background_background&quot;:&quot;classic&quot;}\">\n\t\t\t<div class=\"elementor-widget-wrap elementor-element-populated\">\n\t\t\t\t\t\t<div class=\"elementor-element elementor-element-de78d44 elementor-widget elementor-widget-heading\" data-id=\"de78d44\" data-element_type=\"widget\" data-e-type=\"widget\" data-widget_type=\"heading.default\">\n\t\t\t\t<div class=\"elementor-widget-container\">\n\t\t\t\t\t<h2 class=\"elementor-heading-title elementor-size-large\">Physik<\/h2>\t\t\t\t<\/div>\n\t\t\t\t<\/div>\n\t\t\t\t\t<\/div>\n\t\t<\/div>\n\t\t\t\t\t<\/div>\n\t\t<\/section>\n\t\t\t\t<section class=\"elementor-section elementor-top-section elementor-element elementor-element-9215942 elementor-section-full_width elementor-section-height-default elementor-section-height-default\" data-id=\"9215942\" data-element_type=\"section\" data-e-type=\"section\">\n\t\t\t\t\t\t<div class=\"elementor-container elementor-column-gap-default\">\n\t\t\t\t\t<div class=\"elementor-column elementor-col-66 elementor-top-column elementor-element elementor-element-bc4bb8e\" data-id=\"bc4bb8e\" data-element_type=\"column\" data-e-type=\"column\">\n\t\t\t<div class=\"elementor-widget-wrap elementor-element-populated\">\n\t\t\t\t\t\t<div class=\"elementor-element elementor-element-809aad3 elementor-widget elementor-widget-text-editor\" data-id=\"809aad3\" data-element_type=\"widget\" data-e-type=\"widget\" data-widget_type=\"text-editor.default\">\n\t\t\t\t<div class=\"elementor-widget-container\">\n\t\t\t\t\t\t\t\t\t<p style=\"text-align: justify;\"><span style=\"font-size: 12pt; font-family: georgia, palatino, serif;\">Im Physikunterricht erfahren die Sch\u00fclerinnen und Sch\u00fcler beispielhaft, in welcher Weise und in welchem Ma\u00dfe ihr pers\u00f6nliches und das gesellschaftliche Leben durch Erkenntnisse der Physik mitbestimmt werden. Der Aufbau eines physikalischen Grundverst\u00e4ndnisses in ausgew\u00e4hlten Bereichen erm\u00f6glicht ihnen, Entscheidungen und Entwicklungen in der Gesellschaft im Bereich von Naturwissenschaft und Technik begr\u00fcndet zu beurteilen, Verantwortung beim Nutzen des naturwissenschaftlichen Fortschritts zu \u00fcbernehmen, seine Folgen abzusch\u00e4tzen sowie als m\u00fcndige B\u00fcrger auch mit Experten zu kommunizieren.<\/span><\/p><p style=\"text-align: justify;\"><span style=\"font-size: 12pt; font-family: georgia, palatino, serif;\">An ausgew\u00e4hlten, authentischen Beispielen kann der Physikunterricht Erfahrungen mit wesentlichen Elementen naturwissenschaftlichen Arbeitens vermitteln, indem von den Sch\u00fclerinnen und Sch\u00fclern formulierte Vermutungen oder Hypothesen in eigenen, auch quantitativ auswertbaren Experimenten \u00fcberpr\u00fcft werden. Bei selbst\u00e4ndigem Experimentieren erfahren die Lernenden, wie wesentlich genaues Arbeiten und gewissenhafter Umgang mit Daten sind. Hierdurch werden erste fachliche Kriterien zur Bewertung wissenschaftlicher Ergebnisse bereitgestellt und das Verantwortungsbewusstsein der Sch\u00fclerinnen und Sch\u00fcler gest\u00e4rkt.<\/span><\/p><p style=\"text-align: justify;\"><span style=\"font-size: 12pt; font-family: georgia, palatino, serif;\">In besonderer Weise lernen die Sch\u00fclerinnen und Sch\u00fcler den messenden Zugang zu naturwissenschaftlichen Fragestellungen kennen. Sie erwerben dabei auf Neues \u00fcbertragbare Erfahrungen im selbstst\u00e4ndigen Umgang mit wichtigen Messmitteln und wesentlichen Verfahren der Darstellung von Messdaten sowie deren Auswertung in relevanten Zusammenh\u00e4ngen. Die hiermit verbundene F\u00e4higkeit, Diagramme anzufertigen und zu interpretieren ist nicht nur aus innerfachlicher Notwendigkeit ein wesentlicher Bestandteil des vom Physikunterricht zu erbringenden Bildungsbeitrages, sie ist auch unerl\u00e4sslich als Baustein einer zeitgem\u00e4\u00dfen und sachgerechten Kommunikationsf\u00e4higkeit. Kompetenz in diesem Bereich zeigt sich dar\u00fcber hinaus durch sachgerechte Verwendung des erworbenen Begriffsinventars bei der Formulierung eigener Ergebnisse, vor allem aber beim Verstehen fachbezogener Texte.<\/span><\/p><p style=\"text-align: justify;\"><span style=\"font-size: 12pt; font-family: georgia, palatino, serif;\">Auf der Grundlage eigener Experimente, eines gesicherten Basiswissens und der Beherrschung elementarer Fachmethoden einschlie\u00dflich behutsamer Mathematisierung gewinnen die Sch\u00fclerinnen und Sch\u00fcler im Physikunterricht auch die Erkenntnis, dass die spezifische Art und Weise der physikalischen Naturuntersuchung immer nur aspekthafte Aussagen hervorbringen kann, die mitunter durch andere Betrachtungsweisen erg\u00e4nzt werden m\u00fcssen. An ausgew\u00e4hlten Beispielen bewerten die Sch\u00fclerinnen und Sch\u00fcler dabei auch den Beitrag der Gesellschaft bei der Beeinflussung unserer Umwelt.<\/span><\/p><p style=\"text-align: justify;\"><span style=\"font-size: 12pt; font-family: georgia, palatino, serif;\">Durch Erfolgserlebnisse bei Probleml\u00f6sungen tr\u00e4gt der Physikunterricht dazu bei, dass sich eine Haltung herausbildet, die lebenslanges Fragen, daraus resultierendes Streben nach Weiterbildung und somit erst Bildung im eigentlichen Sinne erm\u00f6glicht.<\/span><\/p><p style=\"text-align: justify;\"><span style=\"font-size: 12pt; font-family: georgia, palatino, serif;\">(Auszug aus Kerncurriculum des Landes Niedersachsen f\u00fcr das Fach Physik)<\/span><\/p><p style=\"text-align: justify;\"><span style=\"font-size: 12pt; font-family: georgia, palatino, serif;\">Das Fach Physik wird in jeder Jahrgangsstufe unterrichtet. Einen Schwerpunkt bilden dabei Sch\u00fclerexperimente im Physikunterricht an unserem Gymnasium. Das eigenst\u00e4ndige Experimentieren und damit das \u201eBegreifen\u201c im doppelten Wortsinn wird, so oft es m\u00f6glich ist, umgesetzt.<\/span><\/p><p style=\"text-align: justify;\"><span style=\"font-size: 12pt; font-family: georgia, palatino, serif;\">Um dies zu gew\u00e4hrleisten, haben wir eine Vielzahl von Sch\u00fclerexperimenten in Klassenst\u00e4rke. Bei der Anschaffung von Experimentierk\u00e4sten werden wir dabei vom \u201e<span style=\"color: #ff0000;\"><em><strong>Verein der Ehemaligen, Eltern und Freunde des Gymnasiums Nordenham e.V.<\/strong><\/em><\/span>\u201c\u00a0unterst\u00fctzt.<\/span><\/p>\t\t\t\t\t\t\t\t<\/div>\n\t\t\t\t<\/div>\n\t\t\t\t\t<\/div>\n\t\t<\/div>\n\t\t\t\t<div class=\"elementor-column elementor-col-33 elementor-top-column elementor-element elementor-element-c25fcbf\" data-id=\"c25fcbf\" data-element_type=\"column\" data-e-type=\"column\">\n\t\t\t<div class=\"elementor-widget-wrap elementor-element-populated\">\n\t\t\t\t\t\t<div class=\"elementor-element elementor-element-497df0a elementor-invisible elementor-widget elementor-widget-wp-widget-nav_menu\" data-id=\"497df0a\" data-element_type=\"widget\" data-e-type=\"widget\" data-settings=\"{&quot;_animation&quot;:&quot;fadeInUp&quot;}\" data-widget_type=\"wp-widget-nav_menu.default\">\n\t\t\t\t<div class=\"elementor-widget-container\">\n\t\t\t\t\t<div class=\"menu-fachmenue-physik-container\"><ul id=\"menu-fachmenue-physik\" class=\"menu\"><li id=\"menu-item-1516\" class=\"menu-item menu-item-type-post_type menu-item-object-page menu-item-1516\"><a href=\"https:\/\/gymnasium-nordenham.de\/en\/physik-am-gn\">Physik am GN<\/a><\/li>\n<li id=\"menu-item-1514\" class=\"menu-item menu-item-type-post_type menu-item-object-page menu-item-1514\"><a href=\"https:\/\/gymnasium-nordenham.de\/en\/physik-lehrwerke\">Lehrwerke<\/a><\/li>\n<li id=\"menu-item-1513\" class=\"menu-item menu-item-type-post_type menu-item-object-page menu-item-1513\"><a href=\"https:\/\/gymnasium-nordenham.de\/en\/physik-curricula\">Curricula<\/a><\/li>\n<li id=\"menu-item-1512\" class=\"menu-item menu-item-type-post_type menu-item-object-page menu-item-1512\"><a href=\"https:\/\/gymnasium-nordenham.de\/en\/physik-klassenarbeiten-und-klausuren\">Klassenarbeiten und Klausuren<\/a><\/li>\n<li id=\"menu-item-1511\" class=\"menu-item menu-item-type-post_type menu-item-object-page menu-item-1511\"><a href=\"https:\/\/gymnasium-nordenham.de\/en\/physik-weitere-angebote\">Weitere Angebote<\/a><\/li>\n<\/ul><\/div>\t\t\t\t<\/div>\n\t\t\t\t<\/div>\n\t\t\t\t\t<\/div>\n\t\t<\/div>\n\t\t\t\t\t<\/div>\n\t\t<\/section>\n\t\t\t\t<\/div>","protected":false},"excerpt":{"rendered":"<p>Physik Im Physikunterricht erfahren die Sch\u00fclerinnen und Sch\u00fcler beispielhaft, in welcher Weise und in welchem Ma\u00dfe ihr pers\u00f6nliches und das gesellschaftliche Leben durch Erkenntnisse der Physik mitbestimmt werden. Der Aufbau eines physikalischen Grundverst\u00e4ndnisses in ausgew\u00e4hlten Bereichen erm\u00f6glicht ihnen, Entscheidungen und &hellip; <a href=\"https:\/\/gymnasium-nordenham.de\/en\/physik-am-gn\">Continue reading <span class=\"meta-nav\">&rarr;<\/span><\/a><\/p>","protected":false},"author":4,"featured_media":0,"parent":0,"menu_order":0,"comment_status":"closed","ping_status":"closed","template":"elementor_header_footer","meta":{"_crdt_document":"","footnotes":""},"class_list":["post-1498","page","type-page","status-publish","hentry"],"yoast_head":"<!-- This site is optimized with the Yoast SEO plugin v27.3 - https:\/\/yoast.com\/product\/yoast-seo-wordpress\/ -->\n<title>Physik am GN - Gymnasium Nordenham<\/title>\n<meta name=\"robots\" content=\"index, follow, max-snippet:-1, max-image-preview:large, max-video-preview:-1\" \/>\n<link rel=\"canonical\" href=\"https:\/\/gymnasium-nordenham.de\/en\/physik-am-gn\/\" \/>\n<meta property=\"og:locale\" content=\"en_GB\" \/>\n<meta property=\"og:type\" content=\"article\" \/>\n<meta property=\"og:title\" content=\"Physik am GN - Gymnasium Nordenham\" \/>\n<meta property=\"og:description\" content=\"Physik Im Physikunterricht erfahren die Sch\u00fclerinnen und Sch\u00fcler beispielhaft, in welcher Weise und in welchem Ma\u00dfe ihr pers\u00f6nliches und das gesellschaftliche Leben durch Erkenntnisse der Physik mitbestimmt werden. Der Aufbau eines physikalischen Grundverst\u00e4ndnisses in ausgew\u00e4hlten Bereichen erm\u00f6glicht ihnen, Entscheidungen und &hellip; Continue reading &rarr;\" \/>\n<meta property=\"og:url\" content=\"https:\/\/gymnasium-nordenham.de\/en\/physik-am-gn\/\" \/>\n<meta property=\"og:site_name\" content=\"Gymnasium Nordenham\" \/>\n<meta property=\"article:modified_time\" content=\"2020-12-22T09:15:23+00:00\" \/>\n<meta name=\"twitter:card\" content=\"summary_large_image\" \/>\n<meta name=\"twitter:label1\" content=\"Estimated reading time\" \/>\n\t<meta name=\"twitter:data1\" content=\"2 minutes\" \/>\n<script type=\"application\/ld+json\" class=\"yoast-schema-graph\">{\"@context\":\"https:\\\/\\\/schema.org\",\"@graph\":[{\"@type\":\"WebPage\",\"@id\":\"https:\\\/\\\/gymnasium-nordenham.de\\\/physik-am-gn\",\"url\":\"https:\\\/\\\/gymnasium-nordenham.de\\\/physik-am-gn\",\"name\":\"Physik am GN - Gymnasium Nordenham\",\"isPartOf\":{\"@id\":\"https:\\\/\\\/gymnasium-nordenham.de\\\/#website\"},\"datePublished\":\"2020-04-17T08:55:38+00:00\",\"dateModified\":\"2020-12-22T09:15:23+00:00\",\"breadcrumb\":{\"@id\":\"https:\\\/\\\/gymnasium-nordenham.de\\\/physik-am-gn#breadcrumb\"},\"inLanguage\":\"en-GB\",\"potentialAction\":[{\"@type\":\"ReadAction\",\"target\":[\"https:\\\/\\\/gymnasium-nordenham.de\\\/physik-am-gn\"]}]},{\"@type\":\"BreadcrumbList\",\"@id\":\"https:\\\/\\\/gymnasium-nordenham.de\\\/physik-am-gn#breadcrumb\",\"itemListElement\":[{\"@type\":\"ListItem\",\"position\":1,\"name\":\"Startseite\",\"item\":\"https:\\\/\\\/gymnasium-nordenham.de\\\/\"},{\"@type\":\"ListItem\",\"position\":2,\"name\":\"Physik am GN\"}]},{\"@type\":\"WebSite\",\"@id\":\"https:\\\/\\\/gymnasium-nordenham.de\\\/#website\",\"url\":\"https:\\\/\\\/gymnasium-nordenham.de\\\/\",\"name\":\"Gymnasium Nordenham\",\"description\":\"Miteinander, voneinander und f\u00fcreinander lernen\",\"potentialAction\":[{\"@type\":\"SearchAction\",\"target\":{\"@type\":\"EntryPoint\",\"urlTemplate\":\"https:\\\/\\\/gymnasium-nordenham.de\\\/?s={search_term_string}\"},\"query-input\":{\"@type\":\"PropertyValueSpecification\",\"valueRequired\":true,\"valueName\":\"search_term_string\"}}],\"inLanguage\":\"en-GB\"}]}<\/script>\n<!-- \/ Yoast SEO plugin. -->","yoast_head_json":{"title":"Physik am GN - Gymnasium Nordenham","robots":{"index":"index","follow":"follow","max-snippet":"max-snippet:-1","max-image-preview":"max-image-preview:large","max-video-preview":"max-video-preview:-1"},"canonical":"https:\/\/gymnasium-nordenham.de\/en\/physik-am-gn\/","og_locale":"en_GB","og_type":"article","og_title":"Physik am GN - Gymnasium Nordenham","og_description":"Physik Im Physikunterricht erfahren die Sch\u00fclerinnen und Sch\u00fcler beispielhaft, in welcher Weise und in welchem Ma\u00dfe ihr pers\u00f6nliches und das gesellschaftliche Leben durch Erkenntnisse der Physik mitbestimmt werden. Der Aufbau eines physikalischen Grundverst\u00e4ndnisses in ausgew\u00e4hlten Bereichen erm\u00f6glicht ihnen, Entscheidungen und &hellip; Continue reading &rarr;","og_url":"https:\/\/gymnasium-nordenham.de\/en\/physik-am-gn\/","og_site_name":"Gymnasium Nordenham","article_modified_time":"2020-12-22T09:15:23+00:00","twitter_card":"summary_large_image","twitter_misc":{"Estimated reading time":"2 minutes"},"schema":{"@context":"https:\/\/schema.org","@graph":[{"@type":"WebPage","@id":"https:\/\/gymnasium-nordenham.de\/physik-am-gn","url":"https:\/\/gymnasium-nordenham.de\/physik-am-gn","name":"Physik am GN - Gymnasium Nordenham","isPartOf":{"@id":"https:\/\/gymnasium-nordenham.de\/#website"},"datePublished":"2020-04-17T08:55:38+00:00","dateModified":"2020-12-22T09:15:23+00:00","breadcrumb":{"@id":"https:\/\/gymnasium-nordenham.de\/physik-am-gn#breadcrumb"},"inLanguage":"en-GB","potentialAction":[{"@type":"ReadAction","target":["https:\/\/gymnasium-nordenham.de\/physik-am-gn"]}]},{"@type":"BreadcrumbList","@id":"https:\/\/gymnasium-nordenham.de\/physik-am-gn#breadcrumb","itemListElement":[{"@type":"ListItem","position":1,"name":"Startseite","item":"https:\/\/gymnasium-nordenham.de\/"},{"@type":"ListItem","position":2,"name":"Physik am GN"}]},{"@type":"WebSite","@id":"https:\/\/gymnasium-nordenham.de\/#website","url":"https:\/\/gymnasium-nordenham.de\/","name":"Gymnasium Nordenham","description":"Miteinander, voneinander und f\u00fcreinander lernen","potentialAction":[{"@type":"SearchAction","target":{"@type":"EntryPoint","urlTemplate":"https:\/\/gymnasium-nordenham.de\/?s={search_term_string}"},"query-input":{"@type":"PropertyValueSpecification","valueRequired":true,"valueName":"search_term_string"}}],"inLanguage":"en-GB"}]}},"_links":{"self":[{"href":"https:\/\/gymnasium-nordenham.de\/en\/wp-json\/wp\/v2\/pages\/1498","targetHints":{"allow":["GET"]}}],"collection":[{"href":"https:\/\/gymnasium-nordenham.de\/en\/wp-json\/wp\/v2\/pages"}],"about":[{"href":"https:\/\/gymnasium-nordenham.de\/en\/wp-json\/wp\/v2\/types\/page"}],"author":[{"embeddable":true,"href":"https:\/\/gymnasium-nordenham.de\/en\/wp-json\/wp\/v2\/users\/4"}],"replies":[{"embeddable":true,"href":"https:\/\/gymnasium-nordenham.de\/en\/wp-json\/wp\/v2\/comments?post=1498"}],"version-history":[{"count":0,"href":"https:\/\/gymnasium-nordenham.de\/en\/wp-json\/wp\/v2\/pages\/1498\/revisions"}],"wp:attachment":[{"href":"https:\/\/gymnasium-nordenham.de\/en\/wp-json\/wp\/v2\/media?parent=1498"}],"curies":[{"name":"wp","href":"https:\/\/api.w.org\/{rel}","templated":true}]}}