{"id":14909,"date":"2026-03-07T07:26:27","date_gmt":"2026-03-07T06:26:27","guid":{"rendered":"https:\/\/gymnasium-nordenham.de\/?page_id=14909"},"modified":"2026-03-07T07:34:32","modified_gmt":"2026-03-07T06:34:32","slug":"umweltschule-unsere-ags-zum-thema-umwelt-ag-im-detail-1","status":"publish","type":"page","link":"https:\/\/gymnasium-nordenham.de\/en\/umweltschule-unsere-ags-zum-thema-umwelt-ag-im-detail-1","title":{"rendered":"Umweltschule &#8211; Unsere AGs zum Thema Umwelt &#8211; AG im Detail 1"},"content":{"rendered":"<div data-elementor-type=\"wp-page\" data-elementor-id=\"14909\" class=\"elementor elementor-14909\" data-elementor-post-type=\"page\">\n\t\t\t\t\t\t<section class=\"elementor-section elementor-top-section elementor-element elementor-element-5257c4b elementor-section-full_width elementor-section-height-default elementor-section-height-default\" data-id=\"5257c4b\" data-element_type=\"section\" data-e-type=\"section\">\n\t\t\t\t\t\t<div class=\"elementor-container elementor-column-gap-default\">\n\t\t\t\t\t<div class=\"elementor-column elementor-col-100 elementor-top-column elementor-element elementor-element-929ce8f\" data-id=\"929ce8f\" data-element_type=\"column\" data-e-type=\"column\" data-settings=\"{&quot;background_background&quot;:&quot;classic&quot;}\">\n\t\t\t<div class=\"elementor-widget-wrap elementor-element-populated\">\n\t\t\t\t\t\t<div class=\"elementor-element elementor-element-de78d44 elementor-widget elementor-widget-heading\" data-id=\"de78d44\" data-element_type=\"widget\" data-e-type=\"widget\" data-widget_type=\"heading.default\">\n\t\t\t\t<div class=\"elementor-widget-container\">\n\t\t\t\t\t<h2 class=\"elementor-heading-title elementor-size-large\">Unsere AGs zum Thema Umwelt im Detail<\/h2>\t\t\t\t<\/div>\n\t\t\t\t<\/div>\n\t\t\t\t<div class=\"elementor-element elementor-element-53abad8 elementor-widget__width-initial elementor-nav-menu__align-center elementor-nav-menu--dropdown-tablet elementor-nav-menu__text-align-aside elementor-nav-menu--toggle elementor-nav-menu--burger elementor-invisible elementor-widget elementor-widget-nav-menu\" data-id=\"53abad8\" data-element_type=\"widget\" data-e-type=\"widget\" data-settings=\"{&quot;_animation&quot;:&quot;zoomIn&quot;,&quot;layout&quot;:&quot;horizontal&quot;,&quot;submenu_icon&quot;:{&quot;value&quot;:&quot;&lt;i class=\\&quot;fas fa-caret-down\\&quot; aria-hidden=\\&quot;true\\&quot;&gt;&lt;\\\/i&gt;&quot;,&quot;library&quot;:&quot;fa-solid&quot;},&quot;toggle&quot;:&quot;burger&quot;}\" data-widget_type=\"nav-menu.default\">\n\t\t\t\t<div class=\"elementor-widget-container\">\n\t\t\t\t\t\t\t\t<nav aria-label=\"Men\u00fc\" class=\"elementor-nav-menu--main elementor-nav-menu__container elementor-nav-menu--layout-horizontal e--pointer-none\">\n\t\t\t\t<ul id=\"menu-1-53abad8\" class=\"elementor-nav-menu\"><li class=\"menu-item menu-item-type-post_type menu-item-object-page menu-item-11322\"><a href=\"https:\/\/gymnasium-nordenham.de\/en\/umweltschule-unsere-ags-zum-thema-umwelt\" class=\"elementor-item\">AGs zum Thema Umwelt<\/a><\/li>\n<li class=\"menu-item menu-item-type-post_type menu-item-object-page menu-item-11321\"><a href=\"https:\/\/gymnasium-nordenham.de\/en\/umweltschule-projekte-zum-thema-umwelt\" class=\"elementor-item\">Projekte zum Thema Umwelt<\/a><\/li>\n<li class=\"menu-item menu-item-type-post_type menu-item-object-page menu-item-11320\"><a href=\"https:\/\/gymnasium-nordenham.de\/en\/umweltschule-internationale-umweltprojekte\" class=\"elementor-item\">Internationale Umweltprojekte<\/a><\/li>\n<li class=\"menu-item menu-item-type-post_type menu-item-object-page menu-item-11343\"><a href=\"https:\/\/gymnasium-nordenham.de\/en\/umweltschule\" class=\"elementor-item\">Umweltschule<\/a><\/li>\n<\/ul>\t\t\t<\/nav>\n\t\t\t\t\t<div class=\"elementor-menu-toggle\" role=\"button\" tabindex=\"0\" aria-label=\"Menu Toggle\" aria-expanded=\"false\">\n\t\t\t<i aria-hidden=\"true\" role=\"presentation\" class=\"elementor-menu-toggle__icon--open eicon-menu-bar\"><\/i><i aria-hidden=\"true\" role=\"presentation\" class=\"elementor-menu-toggle__icon--close eicon-close\"><\/i>\t\t<\/div>\n\t\t\t\t\t<nav class=\"elementor-nav-menu--dropdown elementor-nav-menu__container\" aria-hidden=\"true\">\n\t\t\t\t<ul id=\"menu-2-53abad8\" class=\"elementor-nav-menu\"><li class=\"menu-item menu-item-type-post_type menu-item-object-page menu-item-11322\"><a href=\"https:\/\/gymnasium-nordenham.de\/en\/umweltschule-unsere-ags-zum-thema-umwelt\" class=\"elementor-item\" tabindex=\"-1\">AGs zum Thema Umwelt<\/a><\/li>\n<li class=\"menu-item menu-item-type-post_type menu-item-object-page menu-item-11321\"><a href=\"https:\/\/gymnasium-nordenham.de\/en\/umweltschule-projekte-zum-thema-umwelt\" class=\"elementor-item\" tabindex=\"-1\">Projekte zum Thema Umwelt<\/a><\/li>\n<li class=\"menu-item menu-item-type-post_type menu-item-object-page menu-item-11320\"><a href=\"https:\/\/gymnasium-nordenham.de\/en\/umweltschule-internationale-umweltprojekte\" class=\"elementor-item\" tabindex=\"-1\">Internationale Umweltprojekte<\/a><\/li>\n<li class=\"menu-item menu-item-type-post_type menu-item-object-page menu-item-11343\"><a href=\"https:\/\/gymnasium-nordenham.de\/en\/umweltschule\" class=\"elementor-item\" tabindex=\"-1\">Umweltschule<\/a><\/li>\n<\/ul>\t\t\t<\/nav>\n\t\t\t\t\t\t<\/div>\n\t\t\t\t<\/div>\n\t\t\t\t\t<\/div>\n\t\t<\/div>\n\t\t\t\t\t<\/div>\n\t\t<\/section>\n\t\t\t\t<section class=\"elementor-section elementor-top-section elementor-element elementor-element-9215942 elementor-section-full_width elementor-section-height-default elementor-section-height-default\" data-id=\"9215942\" data-element_type=\"section\" data-e-type=\"section\">\n\t\t\t\t\t\t<div class=\"elementor-container elementor-column-gap-default\">\n\t\t\t\t\t<div class=\"elementor-column elementor-col-66 elementor-top-column elementor-element elementor-element-bc4bb8e\" data-id=\"bc4bb8e\" data-element_type=\"column\" data-e-type=\"column\">\n\t\t\t<div class=\"elementor-widget-wrap elementor-element-populated\">\n\t\t\t\t\t\t<div class=\"elementor-element elementor-element-1db57a0 elementor-widget elementor-widget-heading\" data-id=\"1db57a0\" data-element_type=\"widget\" data-e-type=\"widget\" data-widget_type=\"heading.default\">\n\t\t\t\t<div class=\"elementor-widget-container\">\n\t\t\t\t\t<h2 class=\"elementor-heading-title elementor-size-default\">Gemeinsam f\u00fcr mehr Nachhaltigkeit!<\/h2>\t\t\t\t<\/div>\n\t\t\t\t<\/div>\n\t\t\t\t<div class=\"elementor-element elementor-element-714de7f elementor-widget elementor-widget-text-editor\" data-id=\"714de7f\" data-element_type=\"widget\" data-e-type=\"widget\" data-widget_type=\"text-editor.default\">\n\t\t\t\t<div class=\"elementor-widget-container\">\n\t\t\t\t\t\t\t\t\t<p style=\"text-align: justify;\"><span style=\"font-family: georgia, palatino, serif; font-size: 12pt;\"><strong>Neue Umwelt AG startet durch: Gemeinsam f\u00fcr mehr Nachhaltigkeit!<\/strong><\/span><\/p><p style=\"text-align: justify;\"><span style=\"font-family: georgia, palatino, serif; font-size: 12pt;\">Seit dem zweiten Schulhalbjahr (Februar 2026) gibt es an unserer Schule eine neue Umwelt AG. Ziel der AG ist es, sich aktiv mit verschiedenen Umweltthemen auseinanderzusetzen und unsere Schule Schritt f\u00fcr Schritt nachhaltiger zu gestalten.<\/span><\/p><p style=\"text-align: justify;\"><span style=\"font-family: georgia, palatino, serif; font-size: 12pt;\">In diesem Schulhalbjahr steht besonders das Thema M\u00fclltrennung im Mittelpunkt. Aktuell gibt es in unseren Klassenr\u00e4umen lediglich einen Papierm\u00fclleimer und einen Eimer f\u00fcr den Restm\u00fcll. Eine umweltgerechte M\u00fclltrennung findet bislang also noch nicht konsequent statt: Das m\u00f6chten wir \u00e4ndern!<\/span><\/p><p style=\"text-align: justify;\"><span style=\"font-family: georgia, palatino, serif; font-size: 12pt;\">Die Umwelt AG plant deshalb, f\u00fcr jeden Klassenraum weitere M\u00fclleimer anzuschaffen sowie \u00fcbersichtliche und ansprechend gestaltete Schilder zu entwerfen. Diese sollen dabei helfen, M\u00fcll richtig zu trennen und gleichzeitig erkl\u00e4ren, warum M\u00fclltrennung \u00fcberhaupt so wichtig ist. Denn nur wenn wir alle gut informiert sind und gemeinsam handeln, k\u00f6nnen wir wirklich etwas bewegen. Unser Ziel ist es, die gesamte Schulgemeinschaft f\u00fcr dieses Thema zu sensibilisieren, damit wir alle an einem Strang ziehen.<\/span><\/p><p style=\"text-align: justify;\"><span style=\"font-family: georgia, palatino, serif; font-size: 12pt;\">Dar\u00fcber hinaus wird die Umwelt AG einen Schaukasten gestalten. Dort informieren wir regelm\u00e4\u00dfig \u00fcber aktuelle Projekte, unsere Fortschritte und bereits erreichte Ziele. So k\u00f6nnen alle sehen, was wir gemeinsam f\u00fcr unsere Schule und die Umwelt erreichen.<\/span><\/p><p style=\"text-align: justify;\"><span style=\"font-family: georgia, palatino, serif; font-size: 12pt;\">Wir freuen uns \u00fcber jede Unterst\u00fctzung und sind \u00fcberzeugt: Kleine Schritte k\u00f6nnen Gro\u00dfes bewirken. Gemeinsam machen wir unsere Schule ein St\u00fcck umweltfreundlicher!<\/span><\/p>\t\t\t\t\t\t\t\t<\/div>\n\t\t\t\t<\/div>\n\t\t\t\t\t<\/div>\n\t\t<\/div>\n\t\t\t\t<div class=\"elementor-column elementor-col-33 elementor-top-column elementor-element elementor-element-c25fcbf\" data-id=\"c25fcbf\" data-element_type=\"column\" data-e-type=\"column\">\n\t\t\t<div class=\"elementor-widget-wrap elementor-element-populated\">\n\t\t\t\t\t\t<div class=\"elementor-element elementor-element-497df0a elementor-invisible elementor-widget elementor-widget-wp-widget-nav_menu\" data-id=\"497df0a\" data-element_type=\"widget\" data-e-type=\"widget\" data-settings=\"{&quot;_animation&quot;:&quot;fadeInUp&quot;}\" data-widget_type=\"wp-widget-nav_menu.default\">\n\t\t\t\t<div class=\"elementor-widget-container\">\n\t\t\t\t\t<div class=\"menu-untermenue-profil-container\"><ul id=\"menu-untermenue-profil\" class=\"menu\"><li id=\"menu-item-4191\" class=\"menu-item menu-item-type-post_type menu-item-object-page menu-item-4191\"><a href=\"https:\/\/gymnasium-nordenham.de\/en\/wir-stellen-uns-vor\">We introduce ourselves<\/a><\/li>\n<li id=\"menu-item-3959\" class=\"menu-item menu-item-type-post_type menu-item-object-page menu-item-3959\"><a href=\"https:\/\/gymnasium-nordenham.de\/en\/leitbild\">Leitbild<\/a><\/li>\n<li id=\"menu-item-4089\" class=\"menu-item menu-item-type-post_type menu-item-object-page menu-item-4089\"><a href=\"https:\/\/gymnasium-nordenham.de\/en\/informationen-sek-i\">Sekundarstufe I<\/a><\/li>\n<li id=\"menu-item-4088\" class=\"menu-item menu-item-type-post_type menu-item-object-page menu-item-4088\"><a href=\"https:\/\/gymnasium-nordenham.de\/en\/informationen-sek-ii\">Sekundarstufe II<\/a><\/li>\n<li id=\"menu-item-4047\" class=\"menu-item menu-item-type-post_type menu-item-object-page menu-item-4047\"><a href=\"https:\/\/gymnasium-nordenham.de\/en\/ganztag-2\">Ganztag<\/a><\/li>\n<li id=\"menu-item-14122\" class=\"menu-item menu-item-type-post_type menu-item-object-page menu-item-14122\"><a href=\"https:\/\/gymnasium-nordenham.de\/en\/europaschule\">Europaschule<\/a><\/li>\n<li id=\"menu-item-4250\" class=\"menu-item menu-item-type-post_type menu-item-object-page menu-item-4250\"><a href=\"https:\/\/gymnasium-nordenham.de\/en\/umweltschule\">Umweltschule<\/a><\/li>\n<li id=\"menu-item-4647\" class=\"menu-item menu-item-type-post_type menu-item-object-page menu-item-4647\"><a href=\"https:\/\/gymnasium-nordenham.de\/en\/erasmus\">Erasmus +<\/a><\/li>\n<li id=\"menu-item-4486\" class=\"menu-item menu-item-type-post_type menu-item-object-page menu-item-4486\"><a href=\"https:\/\/gymnasium-nordenham.de\/en\/schule-ohne-rassismus\">Schule ohne Rassismus<\/a><\/li>\n<li id=\"menu-item-12212\" class=\"menu-item menu-item-type-post_type menu-item-object-page menu-item-12212\"><a href=\"https:\/\/gymnasium-nordenham.de\/en\/berufsorientierung\">Berufsorientierung<\/a><\/li>\n<li id=\"menu-item-4230\" class=\"menu-item menu-item-type-post_type menu-item-object-page menu-item-4230\"><a href=\"https:\/\/gymnasium-nordenham.de\/en\/blaeserklasse-profil\">Bl\u00e4serklasse<\/a><\/li>\n<li id=\"menu-item-12862\" class=\"menu-item menu-item-type-post_type menu-item-object-page menu-item-12862\"><a href=\"https:\/\/gymnasium-nordenham.de\/en\/medienkonzept\">Medienkonzept<\/a><\/li>\n<li id=\"menu-item-6470\" class=\"menu-item menu-item-type-post_type menu-item-object-page menu-item-6470\"><a href=\"https:\/\/gymnasium-nordenham.de\/en\/schulbroschuere-2\">Schulbrosch\u00fcre<\/a><\/li>\n<li id=\"menu-item-3955\" class=\"menu-item menu-item-type-post_type menu-item-object-page menu-item-3955\"><a href=\"https:\/\/gymnasium-nordenham.de\/en\/schulprogramm\">Chronik<\/a><\/li>\n<\/ul><\/div>\t\t\t\t<\/div>\n\t\t\t\t<\/div>\n\t\t\t\t\t<\/div>\n\t\t<\/div>\n\t\t\t\t\t<\/div>\n\t\t<\/section>\n\t\t\t\t<\/div>","protected":false},"excerpt":{"rendered":"<p>Unsere AGs zum Thema Umwelt im Detail Gemeinsam f\u00fcr mehr Nachhaltigkeit! Neue Umwelt AG startet durch: Gemeinsam f\u00fcr mehr Nachhaltigkeit! Seit dem zweiten Schulhalbjahr (Februar 2026) gibt es an unserer Schule eine neue Umwelt AG. Ziel der AG ist es, &hellip; <a href=\"https:\/\/gymnasium-nordenham.de\/en\/umweltschule-unsere-ags-zum-thema-umwelt-ag-im-detail-1\">Continue reading <span class=\"meta-nav\">&rarr;<\/span><\/a><\/p>","protected":false},"author":4,"featured_media":0,"parent":0,"menu_order":0,"comment_status":"closed","ping_status":"closed","template":"elementor_header_footer","meta":{"_crdt_document":"","footnotes":""},"class_list":["post-14909","page","type-page","status-publish","hentry"],"yoast_head":"<!-- This site is optimized with the Yoast SEO plugin v27.3 - https:\/\/yoast.com\/product\/yoast-seo-wordpress\/ -->\n<title>Umweltschule - Unsere AGs zum Thema Umwelt - AG im Detail 1 - Gymnasium Nordenham<\/title>\n<meta name=\"robots\" content=\"index, follow, max-snippet:-1, max-image-preview:large, max-video-preview:-1\" \/>\n<link rel=\"canonical\" href=\"https:\/\/gymnasium-nordenham.de\/en\/umweltschule-unsere-ags-zum-thema-umwelt-ag-im-detail-1\/\" \/>\n<meta property=\"og:locale\" content=\"en_GB\" \/>\n<meta property=\"og:type\" content=\"article\" \/>\n<meta property=\"og:title\" content=\"Umweltschule - Unsere AGs zum Thema Umwelt - AG im Detail 1 - Gymnasium Nordenham\" \/>\n<meta property=\"og:description\" content=\"Unsere AGs zum Thema Umwelt im Detail Gemeinsam f\u00fcr mehr Nachhaltigkeit! Neue Umwelt AG startet durch: Gemeinsam f\u00fcr mehr Nachhaltigkeit! Seit dem zweiten Schulhalbjahr (Februar 2026) gibt es an unserer Schule eine neue Umwelt AG. Ziel der AG ist es, &hellip; Continue reading &rarr;\" \/>\n<meta property=\"og:url\" content=\"https:\/\/gymnasium-nordenham.de\/en\/umweltschule-unsere-ags-zum-thema-umwelt-ag-im-detail-1\/\" \/>\n<meta property=\"og:site_name\" content=\"Gymnasium Nordenham\" \/>\n<meta property=\"article:modified_time\" content=\"2026-03-07T06:34:32+00:00\" \/>\n<meta name=\"twitter:card\" content=\"summary_large_image\" \/>\n<meta name=\"twitter:label1\" content=\"Estimated reading time\" \/>\n\t<meta name=\"twitter:data1\" content=\"2 minutes\" \/>\n<script type=\"application\/ld+json\" class=\"yoast-schema-graph\">{\"@context\":\"https:\\\/\\\/schema.org\",\"@graph\":[{\"@type\":\"WebPage\",\"@id\":\"https:\\\/\\\/gymnasium-nordenham.de\\\/umweltschule-unsere-ags-zum-thema-umwelt-ag-im-detail-1\",\"url\":\"https:\\\/\\\/gymnasium-nordenham.de\\\/umweltschule-unsere-ags-zum-thema-umwelt-ag-im-detail-1\",\"name\":\"Umweltschule - Unsere AGs zum Thema Umwelt - AG im Detail 1 - Gymnasium Nordenham\",\"isPartOf\":{\"@id\":\"https:\\\/\\\/gymnasium-nordenham.de\\\/#website\"},\"datePublished\":\"2026-03-07T06:26:27+00:00\",\"dateModified\":\"2026-03-07T06:34:32+00:00\",\"breadcrumb\":{\"@id\":\"https:\\\/\\\/gymnasium-nordenham.de\\\/umweltschule-unsere-ags-zum-thema-umwelt-ag-im-detail-1#breadcrumb\"},\"inLanguage\":\"en-GB\",\"potentialAction\":[{\"@type\":\"ReadAction\",\"target\":[\"https:\\\/\\\/gymnasium-nordenham.de\\\/umweltschule-unsere-ags-zum-thema-umwelt-ag-im-detail-1\"]}]},{\"@type\":\"BreadcrumbList\",\"@id\":\"https:\\\/\\\/gymnasium-nordenham.de\\\/umweltschule-unsere-ags-zum-thema-umwelt-ag-im-detail-1#breadcrumb\",\"itemListElement\":[{\"@type\":\"ListItem\",\"position\":1,\"name\":\"Startseite\",\"item\":\"https:\\\/\\\/gymnasium-nordenham.de\\\/\"},{\"@type\":\"ListItem\",\"position\":2,\"name\":\"Umweltschule &#8211; Unsere AGs zum Thema Umwelt &#8211; AG im Detail 1\"}]},{\"@type\":\"WebSite\",\"@id\":\"https:\\\/\\\/gymnasium-nordenham.de\\\/#website\",\"url\":\"https:\\\/\\\/gymnasium-nordenham.de\\\/\",\"name\":\"Gymnasium Nordenham\",\"description\":\"Miteinander, voneinander und f\u00fcreinander lernen\",\"potentialAction\":[{\"@type\":\"SearchAction\",\"target\":{\"@type\":\"EntryPoint\",\"urlTemplate\":\"https:\\\/\\\/gymnasium-nordenham.de\\\/?s={search_term_string}\"},\"query-input\":{\"@type\":\"PropertyValueSpecification\",\"valueRequired\":true,\"valueName\":\"search_term_string\"}}],\"inLanguage\":\"en-GB\"}]}<\/script>\n<!-- \/ Yoast SEO plugin. -->","yoast_head_json":{"title":"Umweltschule - Unsere AGs zum Thema Umwelt - AG im Detail 1 - Gymnasium Nordenham","robots":{"index":"index","follow":"follow","max-snippet":"max-snippet:-1","max-image-preview":"max-image-preview:large","max-video-preview":"max-video-preview:-1"},"canonical":"https:\/\/gymnasium-nordenham.de\/en\/umweltschule-unsere-ags-zum-thema-umwelt-ag-im-detail-1\/","og_locale":"en_GB","og_type":"article","og_title":"Umweltschule - Unsere AGs zum Thema Umwelt - AG im Detail 1 - Gymnasium Nordenham","og_description":"Unsere AGs zum Thema Umwelt im Detail Gemeinsam f\u00fcr mehr Nachhaltigkeit! Neue Umwelt AG startet durch: Gemeinsam f\u00fcr mehr Nachhaltigkeit! Seit dem zweiten Schulhalbjahr (Februar 2026) gibt es an unserer Schule eine neue Umwelt AG. Ziel der AG ist es, &hellip; Continue reading &rarr;","og_url":"https:\/\/gymnasium-nordenham.de\/en\/umweltschule-unsere-ags-zum-thema-umwelt-ag-im-detail-1\/","og_site_name":"Gymnasium Nordenham","article_modified_time":"2026-03-07T06:34:32+00:00","twitter_card":"summary_large_image","twitter_misc":{"Estimated reading time":"2 minutes"},"schema":{"@context":"https:\/\/schema.org","@graph":[{"@type":"WebPage","@id":"https:\/\/gymnasium-nordenham.de\/umweltschule-unsere-ags-zum-thema-umwelt-ag-im-detail-1","url":"https:\/\/gymnasium-nordenham.de\/umweltschule-unsere-ags-zum-thema-umwelt-ag-im-detail-1","name":"Umweltschule - Unsere AGs zum Thema Umwelt - AG im Detail 1 - Gymnasium Nordenham","isPartOf":{"@id":"https:\/\/gymnasium-nordenham.de\/#website"},"datePublished":"2026-03-07T06:26:27+00:00","dateModified":"2026-03-07T06:34:32+00:00","breadcrumb":{"@id":"https:\/\/gymnasium-nordenham.de\/umweltschule-unsere-ags-zum-thema-umwelt-ag-im-detail-1#breadcrumb"},"inLanguage":"en-GB","potentialAction":[{"@type":"ReadAction","target":["https:\/\/gymnasium-nordenham.de\/umweltschule-unsere-ags-zum-thema-umwelt-ag-im-detail-1"]}]},{"@type":"BreadcrumbList","@id":"https:\/\/gymnasium-nordenham.de\/umweltschule-unsere-ags-zum-thema-umwelt-ag-im-detail-1#breadcrumb","itemListElement":[{"@type":"ListItem","position":1,"name":"Startseite","item":"https:\/\/gymnasium-nordenham.de\/"},{"@type":"ListItem","position":2,"name":"Umweltschule &#8211; Unsere AGs zum Thema Umwelt &#8211; AG im Detail 1"}]},{"@type":"WebSite","@id":"https:\/\/gymnasium-nordenham.de\/#website","url":"https:\/\/gymnasium-nordenham.de\/","name":"Gymnasium Nordenham","description":"Miteinander, voneinander und f\u00fcreinander lernen","potentialAction":[{"@type":"SearchAction","target":{"@type":"EntryPoint","urlTemplate":"https:\/\/gymnasium-nordenham.de\/?s={search_term_string}"},"query-input":{"@type":"PropertyValueSpecification","valueRequired":true,"valueName":"search_term_string"}}],"inLanguage":"en-GB"}]}},"_links":{"self":[{"href":"https:\/\/gymnasium-nordenham.de\/en\/wp-json\/wp\/v2\/pages\/14909","targetHints":{"allow":["GET"]}}],"collection":[{"href":"https:\/\/gymnasium-nordenham.de\/en\/wp-json\/wp\/v2\/pages"}],"about":[{"href":"https:\/\/gymnasium-nordenham.de\/en\/wp-json\/wp\/v2\/types\/page"}],"author":[{"embeddable":true,"href":"https:\/\/gymnasium-nordenham.de\/en\/wp-json\/wp\/v2\/users\/4"}],"replies":[{"embeddable":true,"href":"https:\/\/gymnasium-nordenham.de\/en\/wp-json\/wp\/v2\/comments?post=14909"}],"version-history":[{"count":7,"href":"https:\/\/gymnasium-nordenham.de\/en\/wp-json\/wp\/v2\/pages\/14909\/revisions"}],"predecessor-version":[{"id":14921,"href":"https:\/\/gymnasium-nordenham.de\/en\/wp-json\/wp\/v2\/pages\/14909\/revisions\/14921"}],"wp:attachment":[{"href":"https:\/\/gymnasium-nordenham.de\/en\/wp-json\/wp\/v2\/media?parent=14909"}],"curies":[{"name":"wp","href":"https:\/\/api.w.org\/{rel}","templated":true}]}}