{"id":1466,"date":"2020-04-17T01:24:37","date_gmt":"2020-04-16T23:24:37","guid":{"rendered":"https:\/\/gymnasiumnordenhamtest.live-website.com\/?page_id=1466"},"modified":"2025-06-11T14:56:13","modified_gmt":"2025-06-11T12:56:13","slug":"spanisch-weitere-angebote","status":"publish","type":"page","link":"https:\/\/gymnasium-nordenham.de\/en\/spanisch-weitere-angebote","title":{"rendered":"Spanisch &#8211; Weitere Angebote"},"content":{"rendered":"<div data-elementor-type=\"wp-page\" data-elementor-id=\"1466\" class=\"elementor elementor-1466\" data-elementor-post-type=\"page\">\n\t\t\t\t\t\t<section class=\"elementor-section elementor-top-section elementor-element elementor-element-5257c4b elementor-section-full_width elementor-section-height-default elementor-section-height-default\" data-id=\"5257c4b\" data-element_type=\"section\" data-e-type=\"section\">\n\t\t\t\t\t\t<div class=\"elementor-container elementor-column-gap-default\">\n\t\t\t\t\t<div class=\"elementor-column elementor-col-100 elementor-top-column elementor-element elementor-element-929ce8f\" data-id=\"929ce8f\" data-element_type=\"column\" data-e-type=\"column\" data-settings=\"{&quot;background_background&quot;:&quot;classic&quot;}\">\n\t\t\t<div class=\"elementor-widget-wrap elementor-element-populated\">\n\t\t\t\t\t\t<div class=\"elementor-element elementor-element-de78d44 elementor-widget elementor-widget-heading\" data-id=\"de78d44\" data-element_type=\"widget\" data-e-type=\"widget\" data-widget_type=\"heading.default\">\n\t\t\t\t<div class=\"elementor-widget-container\">\n\t\t\t\t\t<h2 class=\"elementor-heading-title elementor-size-large\">Weitere Angebote<\/h2>\t\t\t\t<\/div>\n\t\t\t\t<\/div>\n\t\t\t\t\t<\/div>\n\t\t<\/div>\n\t\t\t\t\t<\/div>\n\t\t<\/section>\n\t\t\t\t<section class=\"elementor-section elementor-top-section elementor-element elementor-element-9215942 elementor-section-full_width elementor-section-height-default elementor-section-height-default\" data-id=\"9215942\" data-element_type=\"section\" data-e-type=\"section\">\n\t\t\t\t\t\t<div class=\"elementor-container elementor-column-gap-default\">\n\t\t\t\t\t<div class=\"elementor-column elementor-col-66 elementor-top-column elementor-element elementor-element-bc4bb8e\" data-id=\"bc4bb8e\" data-element_type=\"column\" data-e-type=\"column\">\n\t\t\t<div class=\"elementor-widget-wrap elementor-element-populated\">\n\t\t\t\t\t\t<div class=\"elementor-element elementor-element-c06b1f6 elementor-widget elementor-widget-text-editor\" data-id=\"c06b1f6\" data-element_type=\"widget\" data-e-type=\"widget\" data-widget_type=\"text-editor.default\">\n\t\t\t\t<div class=\"elementor-widget-container\">\n\t\t\t\t\t\t\t\t\t<p style=\"text-align: justify;\"><strong><span style=\"font-family: georgia, palatino, serif; font-size: 12pt;\"><u>DELE<\/u><\/span><\/strong><\/p><p style=\"text-align: justify;\"><span style=\"font-family: georgia, palatino, serif; font-size: 12pt;\">Ab dem Schuljahr 2025\/2026 k\u00f6nnen bei einer hinreichenden Zahl an interessierten Sch\u00fclern Vorbereitungskurse auf das internationale Sprachzertifikat DELE (Diploma de Espa\u00f1ol como Lengua Extranjera) f\u00fcr die Niveaustufen A2 und B1 im AG-Bereich angeboten und die offiziellen DELE-Pr\u00fcfungen am Cervantes-Institut in Bremen abgelegt werden.<\/span><\/p><p style=\"text-align: justify;\"><strong><span style=\"font-family: georgia, palatino, serif; font-size: 12pt;\"><u>Erasmus+<\/u><\/span><\/strong><\/p><p style=\"text-align: justify;\"><span style=\"font-family: georgia, palatino, serif; font-size: 12pt;\">Unsere Schule ist Teil des Erasmus+-Programms. So finden im Laufe eines Schuljahres eine Vielzahl an Fahrten ins europ\u00e4ische Ausland \u2013 darunter auch nach Spanien \u2013 statt, bei denen die Lernenden projektorientiert, f\u00e4cher- und l\u00e4nder\u00fcbergreifend an Themen der Nachhaltigkeit und der Demokratiebildung arbeiten. In einem Umfeld der sprachlichen und kulturellen Vielfalt schulen die Lernenden stetig ihre interkulurelle Kompetenz, die es ihnen errm\u00f6glicht, die Aufgaben der immer komplexer werdenden Welt zu bew\u00e4ltigen, kritisch zu denken und kreative L\u00f6sungen f\u00fcr Probleme zu entwickeln. Die Teilnahme an den Gruppenaustauschfahrten \u00fcber das Erasmus+ Programm ist nicht an die zweite Fremdpsrache gebunden, die gemeinsame Projektsprache der Fahrten ist zumeist Englisch.<\/span><\/p><p style=\"text-align: justify;\"><span style=\"font-family: georgia, palatino, serif; font-size: 12pt;\">Sch\u00fclerinnen und Sch\u00fcler der Jahrg\u00e4nge 9-11 haben bei guten Spanischkenntnissen ebenso die M\u00f6glichkeit, einen individuellen Langzeitaustausch \u00fcber das Erasmus+ Programm zu absolvieren und f\u00fcr einen Zeitraum von zumeist 5-6 Wochen eine spanische Partnerschule zu besuchen (begrenzte Pl\u00e4tze).<\/span><\/p>\t\t\t\t\t\t\t\t<\/div>\n\t\t\t\t<\/div>\n\t\t\t\t<section class=\"elementor-section elementor-inner-section elementor-element elementor-element-1f20e2b elementor-section-full_width elementor-section-height-default elementor-section-height-default\" data-id=\"1f20e2b\" data-element_type=\"section\" data-e-type=\"section\">\n\t\t\t\t\t\t<div class=\"elementor-container elementor-column-gap-default\">\n\t\t\t\t\t<div class=\"elementor-column elementor-col-50 elementor-inner-column elementor-element elementor-element-0672954\" data-id=\"0672954\" data-element_type=\"column\" data-e-type=\"column\">\n\t\t\t<div class=\"elementor-widget-wrap elementor-element-populated\">\n\t\t\t\t\t\t<div class=\"elementor-element elementor-element-5a7ba4e elementor-widget elementor-widget-image\" data-id=\"5a7ba4e\" data-element_type=\"widget\" data-e-type=\"widget\" data-widget_type=\"image.default\">\n\t\t\t\t<div class=\"elementor-widget-container\">\n\t\t\t\t\t\t\t\t\t\t\t\t\t\t\t<img fetchpriority=\"high\" decoding=\"async\" width=\"640\" height=\"480\" src=\"https:\/\/gymnasium-nordenham.de\/wp-content\/uploads\/2025\/06\/Foto-3-Erasmus-1024x768.jpg\" class=\"attachment-large size-large wp-image-13619\" alt=\"\" srcset=\"https:\/\/gymnasium-nordenham.de\/wp-content\/uploads\/2025\/06\/Foto-3-Erasmus-1024x768.jpg 1024w, https:\/\/gymnasium-nordenham.de\/wp-content\/uploads\/2025\/06\/Foto-3-Erasmus-300x225.jpg 300w, https:\/\/gymnasium-nordenham.de\/wp-content\/uploads\/2025\/06\/Foto-3-Erasmus-768x576.jpg 768w, https:\/\/gymnasium-nordenham.de\/wp-content\/uploads\/2025\/06\/Foto-3-Erasmus-1536x1152.jpg 1536w, https:\/\/gymnasium-nordenham.de\/wp-content\/uploads\/2025\/06\/Foto-3-Erasmus-16x12.jpg 16w, https:\/\/gymnasium-nordenham.de\/wp-content\/uploads\/2025\/06\/Foto-3-Erasmus.jpg 2016w\" sizes=\"(max-width: 640px) 100vw, 640px\" \/>\t\t\t\t\t\t\t\t\t\t\t\t\t\t\t<\/div>\n\t\t\t\t<\/div>\n\t\t\t\t\t<\/div>\n\t\t<\/div>\n\t\t\t\t<div class=\"elementor-column elementor-col-50 elementor-inner-column elementor-element elementor-element-d587fc7\" data-id=\"d587fc7\" data-element_type=\"column\" data-e-type=\"column\">\n\t\t\t<div class=\"elementor-widget-wrap elementor-element-populated\">\n\t\t\t\t\t\t<div class=\"elementor-element elementor-element-c52d66b elementor-widget elementor-widget-image\" data-id=\"c52d66b\" data-element_type=\"widget\" data-e-type=\"widget\" data-widget_type=\"image.default\">\n\t\t\t\t<div class=\"elementor-widget-container\">\n\t\t\t\t\t\t\t\t\t\t\t\t\t\t\t<img decoding=\"async\" width=\"640\" height=\"480\" src=\"https:\/\/gymnasium-nordenham.de\/wp-content\/uploads\/2025\/06\/Foto-2-Erasmus-1024x768.jpg\" class=\"attachment-large size-large wp-image-13620\" alt=\"\" srcset=\"https:\/\/gymnasium-nordenham.de\/wp-content\/uploads\/2025\/06\/Foto-2-Erasmus-1024x768.jpg 1024w, https:\/\/gymnasium-nordenham.de\/wp-content\/uploads\/2025\/06\/Foto-2-Erasmus-300x225.jpg 300w, https:\/\/gymnasium-nordenham.de\/wp-content\/uploads\/2025\/06\/Foto-2-Erasmus-768x576.jpg 768w, https:\/\/gymnasium-nordenham.de\/wp-content\/uploads\/2025\/06\/Foto-2-Erasmus-1536x1152.jpg 1536w, https:\/\/gymnasium-nordenham.de\/wp-content\/uploads\/2025\/06\/Foto-2-Erasmus-16x12.jpg 16w, https:\/\/gymnasium-nordenham.de\/wp-content\/uploads\/2025\/06\/Foto-2-Erasmus.jpg 1600w\" sizes=\"(max-width: 640px) 100vw, 640px\" \/>\t\t\t\t\t\t\t\t\t\t\t\t\t\t\t<\/div>\n\t\t\t\t<\/div>\n\t\t\t\t\t<\/div>\n\t\t<\/div>\n\t\t\t\t\t<\/div>\n\t\t<\/section>\n\t\t\t\t\t<\/div>\n\t\t<\/div>\n\t\t\t\t<div class=\"elementor-column elementor-col-33 elementor-top-column elementor-element elementor-element-c25fcbf\" data-id=\"c25fcbf\" data-element_type=\"column\" data-e-type=\"column\">\n\t\t\t<div class=\"elementor-widget-wrap elementor-element-populated\">\n\t\t\t\t\t\t<div class=\"elementor-element elementor-element-497df0a elementor-invisible elementor-widget elementor-widget-wp-widget-nav_menu\" data-id=\"497df0a\" data-element_type=\"widget\" data-e-type=\"widget\" data-settings=\"{&quot;_animation&quot;:&quot;fadeInUp&quot;}\" data-widget_type=\"wp-widget-nav_menu.default\">\n\t\t\t\t<div class=\"elementor-widget-container\">\n\t\t\t\t\t<div class=\"menu-fachmenue-spanisch-container\"><ul id=\"menu-fachmenue-spanisch\" class=\"menu\"><li id=\"menu-item-1457\" class=\"menu-item menu-item-type-post_type menu-item-object-page menu-item-1457\"><a href=\"https:\/\/gymnasium-nordenham.de\/en\/spanisch-am-gn\">Spanisch am GN<\/a><\/li>\n<li id=\"menu-item-1474\" class=\"menu-item menu-item-type-post_type menu-item-object-page menu-item-1474\"><a href=\"https:\/\/gymnasium-nordenham.de\/en\/spanisch-lehrwerke\">Lehrwerke<\/a><\/li>\n<li id=\"menu-item-1473\" class=\"menu-item menu-item-type-post_type menu-item-object-page menu-item-1473\"><a href=\"https:\/\/gymnasium-nordenham.de\/en\/spanisch-curricula\">Curricula<\/a><\/li>\n<li id=\"menu-item-1472\" class=\"menu-item menu-item-type-post_type menu-item-object-page menu-item-1472\"><a href=\"https:\/\/gymnasium-nordenham.de\/en\/spanisch-klassenarbeiten-und-klausuren\">Klassenarbeiten und Klausuren<\/a><\/li>\n<li id=\"menu-item-1471\" class=\"menu-item menu-item-type-post_type menu-item-object-page menu-item-1471\"><a href=\"https:\/\/gymnasium-nordenham.de\/en\/spanisch-weitere-angebote\">Weitere Angebote<\/a><\/li>\n<\/ul><\/div>\t\t\t\t<\/div>\n\t\t\t\t<\/div>\n\t\t\t\t\t<\/div>\n\t\t<\/div>\n\t\t\t\t\t<\/div>\n\t\t<\/section>\n\t\t\t\t<\/div>","protected":false},"excerpt":{"rendered":"<p>Weitere Angebote DELE Ab dem Schuljahr 2025\/2026 k\u00f6nnen bei einer hinreichenden Zahl an interessierten Sch\u00fclern Vorbereitungskurse auf das internationale Sprachzertifikat DELE (Diploma de Espa\u00f1ol como Lengua Extranjera) f\u00fcr die Niveaustufen A2 und B1 im AG-Bereich angeboten und die offiziellen DELE-Pr\u00fcfungen &hellip; <a href=\"https:\/\/gymnasium-nordenham.de\/en\/spanisch-weitere-angebote\">Continue reading <span class=\"meta-nav\">&rarr;<\/span><\/a><\/p>","protected":false},"author":4,"featured_media":0,"parent":0,"menu_order":0,"comment_status":"closed","ping_status":"closed","template":"elementor_header_footer","meta":{"_crdt_document":"","footnotes":""},"class_list":["post-1466","page","type-page","status-publish","hentry"],"yoast_head":"<!-- This site is optimized with the Yoast SEO plugin v27.5 - https:\/\/yoast.com\/product\/yoast-seo-wordpress\/ -->\n<title>Spanisch - Weitere Angebote - Gymnasium Nordenham<\/title>\n<meta name=\"robots\" content=\"index, follow, max-snippet:-1, max-image-preview:large, max-video-preview:-1\" \/>\n<link rel=\"canonical\" href=\"https:\/\/gymnasium-nordenham.de\/en\/spanisch-weitere-angebote\/\" \/>\n<meta property=\"og:locale\" content=\"en_GB\" \/>\n<meta property=\"og:type\" content=\"article\" \/>\n<meta property=\"og:title\" content=\"Spanisch - Weitere Angebote - Gymnasium Nordenham\" \/>\n<meta property=\"og:description\" content=\"Weitere Angebote DELE Ab dem Schuljahr 2025\/2026 k\u00f6nnen bei einer hinreichenden Zahl an interessierten Sch\u00fclern Vorbereitungskurse auf das internationale Sprachzertifikat DELE (Diploma de Espa\u00f1ol como Lengua Extranjera) f\u00fcr die Niveaustufen A2 und B1 im AG-Bereich angeboten und die offiziellen DELE-Pr\u00fcfungen &hellip; Continue reading &rarr;\" \/>\n<meta property=\"og:url\" content=\"https:\/\/gymnasium-nordenham.de\/en\/spanisch-weitere-angebote\/\" \/>\n<meta property=\"og:site_name\" content=\"Gymnasium Nordenham\" \/>\n<meta property=\"article:modified_time\" content=\"2025-06-11T12:56:13+00:00\" \/>\n<meta property=\"og:image\" content=\"https:\/\/gymnasium-nordenham.de\/wp-content\/uploads\/2025\/06\/Foto-3-Erasmus.jpg\" \/>\n\t<meta property=\"og:image:width\" content=\"2016\" \/>\n\t<meta property=\"og:image:height\" content=\"1512\" \/>\n\t<meta property=\"og:image:type\" content=\"image\/jpeg\" \/>\n<meta name=\"twitter:card\" content=\"summary_large_image\" \/>\n<meta name=\"twitter:label1\" content=\"Estimated reading time\" \/>\n\t<meta name=\"twitter:data1\" content=\"2 minutes\" \/>\n<script type=\"application\/ld+json\" class=\"yoast-schema-graph\">{\"@context\":\"https:\\\/\\\/schema.org\",\"@graph\":[{\"@type\":\"WebPage\",\"@id\":\"https:\\\/\\\/gymnasium-nordenham.de\\\/spanisch-weitere-angebote\",\"url\":\"https:\\\/\\\/gymnasium-nordenham.de\\\/spanisch-weitere-angebote\",\"name\":\"Spanisch - Weitere Angebote - Gymnasium Nordenham\",\"isPartOf\":{\"@id\":\"https:\\\/\\\/gymnasium-nordenham.de\\\/#website\"},\"primaryImageOfPage\":{\"@id\":\"https:\\\/\\\/gymnasium-nordenham.de\\\/spanisch-weitere-angebote#primaryimage\"},\"image\":{\"@id\":\"https:\\\/\\\/gymnasium-nordenham.de\\\/spanisch-weitere-angebote#primaryimage\"},\"thumbnailUrl\":\"https:\\\/\\\/gymnasium-nordenham.de\\\/wp-content\\\/uploads\\\/2025\\\/06\\\/Foto-3-Erasmus-1024x768.jpg\",\"datePublished\":\"2020-04-16T23:24:37+00:00\",\"dateModified\":\"2025-06-11T12:56:13+00:00\",\"breadcrumb\":{\"@id\":\"https:\\\/\\\/gymnasium-nordenham.de\\\/spanisch-weitere-angebote#breadcrumb\"},\"inLanguage\":\"en-GB\",\"potentialAction\":[{\"@type\":\"ReadAction\",\"target\":[\"https:\\\/\\\/gymnasium-nordenham.de\\\/spanisch-weitere-angebote\"]}]},{\"@type\":\"ImageObject\",\"inLanguage\":\"en-GB\",\"@id\":\"https:\\\/\\\/gymnasium-nordenham.de\\\/spanisch-weitere-angebote#primaryimage\",\"url\":\"https:\\\/\\\/gymnasium-nordenham.de\\\/wp-content\\\/uploads\\\/2025\\\/06\\\/Foto-3-Erasmus-1024x768.jpg\",\"contentUrl\":\"https:\\\/\\\/gymnasium-nordenham.de\\\/wp-content\\\/uploads\\\/2025\\\/06\\\/Foto-3-Erasmus-1024x768.jpg\"},{\"@type\":\"BreadcrumbList\",\"@id\":\"https:\\\/\\\/gymnasium-nordenham.de\\\/spanisch-weitere-angebote#breadcrumb\",\"itemListElement\":[{\"@type\":\"ListItem\",\"position\":1,\"name\":\"Startseite\",\"item\":\"https:\\\/\\\/gymnasium-nordenham.de\\\/\"},{\"@type\":\"ListItem\",\"position\":2,\"name\":\"Spanisch &#8211; Weitere Angebote\"}]},{\"@type\":\"WebSite\",\"@id\":\"https:\\\/\\\/gymnasium-nordenham.de\\\/#website\",\"url\":\"https:\\\/\\\/gymnasium-nordenham.de\\\/\",\"name\":\"Gymnasium Nordenham\",\"description\":\"Miteinander, voneinander und f\u00fcreinander lernen\",\"potentialAction\":[{\"@type\":\"SearchAction\",\"target\":{\"@type\":\"EntryPoint\",\"urlTemplate\":\"https:\\\/\\\/gymnasium-nordenham.de\\\/?s={search_term_string}\"},\"query-input\":{\"@type\":\"PropertyValueSpecification\",\"valueRequired\":true,\"valueName\":\"search_term_string\"}}],\"inLanguage\":\"en-GB\"}]}<\/script>\n<!-- \/ Yoast SEO plugin. -->","yoast_head_json":{"title":"Spanisch - Weitere Angebote - Gymnasium Nordenham","robots":{"index":"index","follow":"follow","max-snippet":"max-snippet:-1","max-image-preview":"max-image-preview:large","max-video-preview":"max-video-preview:-1"},"canonical":"https:\/\/gymnasium-nordenham.de\/en\/spanisch-weitere-angebote\/","og_locale":"en_GB","og_type":"article","og_title":"Spanisch - Weitere Angebote - Gymnasium Nordenham","og_description":"Weitere Angebote DELE Ab dem Schuljahr 2025\/2026 k\u00f6nnen bei einer hinreichenden Zahl an interessierten Sch\u00fclern Vorbereitungskurse auf das internationale Sprachzertifikat DELE (Diploma de Espa\u00f1ol como Lengua Extranjera) f\u00fcr die Niveaustufen A2 und B1 im AG-Bereich angeboten und die offiziellen DELE-Pr\u00fcfungen &hellip; Continue reading &rarr;","og_url":"https:\/\/gymnasium-nordenham.de\/en\/spanisch-weitere-angebote\/","og_site_name":"Gymnasium Nordenham","article_modified_time":"2025-06-11T12:56:13+00:00","og_image":[{"width":2016,"height":1512,"url":"https:\/\/gymnasium-nordenham.de\/wp-content\/uploads\/2025\/06\/Foto-3-Erasmus.jpg","type":"image\/jpeg"}],"twitter_card":"summary_large_image","twitter_misc":{"Estimated reading time":"2 minutes"},"schema":{"@context":"https:\/\/schema.org","@graph":[{"@type":"WebPage","@id":"https:\/\/gymnasium-nordenham.de\/spanisch-weitere-angebote","url":"https:\/\/gymnasium-nordenham.de\/spanisch-weitere-angebote","name":"Spanisch - Weitere Angebote - Gymnasium Nordenham","isPartOf":{"@id":"https:\/\/gymnasium-nordenham.de\/#website"},"primaryImageOfPage":{"@id":"https:\/\/gymnasium-nordenham.de\/spanisch-weitere-angebote#primaryimage"},"image":{"@id":"https:\/\/gymnasium-nordenham.de\/spanisch-weitere-angebote#primaryimage"},"thumbnailUrl":"https:\/\/gymnasium-nordenham.de\/wp-content\/uploads\/2025\/06\/Foto-3-Erasmus-1024x768.jpg","datePublished":"2020-04-16T23:24:37+00:00","dateModified":"2025-06-11T12:56:13+00:00","breadcrumb":{"@id":"https:\/\/gymnasium-nordenham.de\/spanisch-weitere-angebote#breadcrumb"},"inLanguage":"en-GB","potentialAction":[{"@type":"ReadAction","target":["https:\/\/gymnasium-nordenham.de\/spanisch-weitere-angebote"]}]},{"@type":"ImageObject","inLanguage":"en-GB","@id":"https:\/\/gymnasium-nordenham.de\/spanisch-weitere-angebote#primaryimage","url":"https:\/\/gymnasium-nordenham.de\/wp-content\/uploads\/2025\/06\/Foto-3-Erasmus-1024x768.jpg","contentUrl":"https:\/\/gymnasium-nordenham.de\/wp-content\/uploads\/2025\/06\/Foto-3-Erasmus-1024x768.jpg"},{"@type":"BreadcrumbList","@id":"https:\/\/gymnasium-nordenham.de\/spanisch-weitere-angebote#breadcrumb","itemListElement":[{"@type":"ListItem","position":1,"name":"Startseite","item":"https:\/\/gymnasium-nordenham.de\/"},{"@type":"ListItem","position":2,"name":"Spanisch &#8211; Weitere Angebote"}]},{"@type":"WebSite","@id":"https:\/\/gymnasium-nordenham.de\/#website","url":"https:\/\/gymnasium-nordenham.de\/","name":"Gymnasium Nordenham","description":"Miteinander, voneinander und f\u00fcreinander lernen","potentialAction":[{"@type":"SearchAction","target":{"@type":"EntryPoint","urlTemplate":"https:\/\/gymnasium-nordenham.de\/?s={search_term_string}"},"query-input":{"@type":"PropertyValueSpecification","valueRequired":true,"valueName":"search_term_string"}}],"inLanguage":"en-GB"}]}},"_links":{"self":[{"href":"https:\/\/gymnasium-nordenham.de\/en\/wp-json\/wp\/v2\/pages\/1466","targetHints":{"allow":["GET"]}}],"collection":[{"href":"https:\/\/gymnasium-nordenham.de\/en\/wp-json\/wp\/v2\/pages"}],"about":[{"href":"https:\/\/gymnasium-nordenham.de\/en\/wp-json\/wp\/v2\/types\/page"}],"author":[{"embeddable":true,"href":"https:\/\/gymnasium-nordenham.de\/en\/wp-json\/wp\/v2\/users\/4"}],"replies":[{"embeddable":true,"href":"https:\/\/gymnasium-nordenham.de\/en\/wp-json\/wp\/v2\/comments?post=1466"}],"version-history":[{"count":7,"href":"https:\/\/gymnasium-nordenham.de\/en\/wp-json\/wp\/v2\/pages\/1466\/revisions"}],"predecessor-version":[{"id":13625,"href":"https:\/\/gymnasium-nordenham.de\/en\/wp-json\/wp\/v2\/pages\/1466\/revisions\/13625"}],"wp:attachment":[{"href":"https:\/\/gymnasium-nordenham.de\/en\/wp-json\/wp\/v2\/media?parent=1466"}],"curies":[{"name":"wp","href":"https:\/\/api.w.org\/{rel}","templated":true}]}}