{"id":1449,"date":"2020-04-17T01:08:20","date_gmt":"2020-04-16T23:08:20","guid":{"rendered":"https:\/\/gymnasiumnordenhamtest.live-website.com\/?page_id=1449"},"modified":"2025-06-11T14:44:52","modified_gmt":"2025-06-11T12:44:52","slug":"spanisch-am-gn","status":"publish","type":"page","link":"https:\/\/gymnasium-nordenham.de\/en\/spanisch-am-gn","title":{"rendered":"Spanisch am GN"},"content":{"rendered":"<div data-elementor-type=\"wp-page\" data-elementor-id=\"1449\" class=\"elementor elementor-1449\" data-elementor-post-type=\"page\">\n\t\t\t\t\t\t<section class=\"elementor-section elementor-top-section elementor-element elementor-element-5257c4b elementor-section-full_width elementor-section-height-default elementor-section-height-default\" data-id=\"5257c4b\" data-element_type=\"section\" data-e-type=\"section\">\n\t\t\t\t\t\t<div class=\"elementor-container elementor-column-gap-default\">\n\t\t\t\t\t<div class=\"elementor-column elementor-col-100 elementor-top-column elementor-element elementor-element-929ce8f\" data-id=\"929ce8f\" data-element_type=\"column\" data-e-type=\"column\" data-settings=\"{&quot;background_background&quot;:&quot;classic&quot;}\">\n\t\t\t<div class=\"elementor-widget-wrap elementor-element-populated\">\n\t\t\t\t\t\t<div class=\"elementor-element elementor-element-de78d44 elementor-widget elementor-widget-heading\" data-id=\"de78d44\" data-element_type=\"widget\" data-e-type=\"widget\" data-widget_type=\"heading.default\">\n\t\t\t\t<div class=\"elementor-widget-container\">\n\t\t\t\t\t<h2 class=\"elementor-heading-title elementor-size-large\">Spanisch<\/h2>\t\t\t\t<\/div>\n\t\t\t\t<\/div>\n\t\t\t\t\t<\/div>\n\t\t<\/div>\n\t\t\t\t\t<\/div>\n\t\t<\/section>\n\t\t\t\t<section class=\"elementor-section elementor-top-section elementor-element elementor-element-9215942 elementor-section-full_width elementor-section-height-default elementor-section-height-default\" data-id=\"9215942\" data-element_type=\"section\" data-e-type=\"section\">\n\t\t\t\t\t\t<div class=\"elementor-container elementor-column-gap-default\">\n\t\t\t\t\t<div class=\"elementor-column elementor-col-66 elementor-top-column elementor-element elementor-element-bc4bb8e\" data-id=\"bc4bb8e\" data-element_type=\"column\" data-e-type=\"column\">\n\t\t\t<div class=\"elementor-widget-wrap elementor-element-populated\">\n\t\t\t\t\t\t<section class=\"elementor-section elementor-inner-section elementor-element elementor-element-a8554d6 elementor-section-full_width elementor-section-height-default elementor-section-height-default\" data-id=\"a8554d6\" data-element_type=\"section\" data-e-type=\"section\">\n\t\t\t\t\t\t<div class=\"elementor-container elementor-column-gap-default\">\n\t\t\t\t\t<div class=\"elementor-column elementor-col-50 elementor-inner-column elementor-element elementor-element-49ef69c\" data-id=\"49ef69c\" data-element_type=\"column\" data-e-type=\"column\">\n\t\t\t<div class=\"elementor-widget-wrap elementor-element-populated\">\n\t\t\t\t\t\t<div class=\"elementor-element elementor-element-4b86021 elementor-widget elementor-widget-text-editor\" data-id=\"4b86021\" data-element_type=\"widget\" data-e-type=\"widget\" data-widget_type=\"text-editor.default\">\n\t\t\t\t<div class=\"elementor-widget-container\">\n\t\t\t\t\t\t\t\t\t<p style=\"text-align: justify;\"><span style=\"font-size: 12pt; font-family: georgia, palatino, serif;\"><strong>Spanisch am Gymnasium Nordenham<\/strong><\/span><\/p><p style=\"text-align: justify;\"><span style=\"font-size: 12pt; font-family: georgia, palatino, serif;\">Spanisch ist eine der meistgesprochenen Sprachen der Welt \u2013 mit \u00fcber 500 Millionen Muttersprachlern auf vier Kontinenten. In Zeiten zunehmender Globalisierung ist Spanisch nicht nur f\u00fcr den privaten und beruflichen Austausch in Europa und Lateinamerika von gro\u00dfer Bedeutung, sondern auch ein Schl\u00fcssel zu anderen Kulturen und Denkweisen. Spanischkenntnisse er\u00f6ffnen den Lernenden vielf\u00e4ltige Chancen \u2013 von internationalen Studienm\u00f6glichkeiten \u00fcber Erasmus-Austausche bis hin zu beruflichen Perspektiven in Wirtschaft, Tourismus, Kultur oder internationalen Organisationen.<\/span><\/p>\t\t\t\t\t\t\t\t<\/div>\n\t\t\t\t<\/div>\n\t\t\t\t\t<\/div>\n\t\t<\/div>\n\t\t\t\t<div class=\"elementor-column elementor-col-50 elementor-inner-column elementor-element elementor-element-772c051\" data-id=\"772c051\" data-element_type=\"column\" data-e-type=\"column\">\n\t\t\t<div class=\"elementor-widget-wrap elementor-element-populated\">\n\t\t\t\t\t\t<div class=\"elementor-element elementor-element-7664edb elementor-widget elementor-widget-image\" data-id=\"7664edb\" data-element_type=\"widget\" data-e-type=\"widget\" data-widget_type=\"image.default\">\n\t\t\t\t<div class=\"elementor-widget-container\">\n\t\t\t\t\t\t\t\t\t\t\t\t\t\t\t<img fetchpriority=\"high\" decoding=\"async\" width=\"1536\" height=\"1152\" src=\"https:\/\/gymnasium-nordenham.de\/wp-content\/uploads\/2025\/06\/Foto-1-Spanisch-1536x1152.jpg\" class=\"attachment-1536x1536 size-1536x1536 wp-image-13590\" alt=\"\" srcset=\"https:\/\/gymnasium-nordenham.de\/wp-content\/uploads\/2025\/06\/Foto-1-Spanisch-1536x1152.jpg 1536w, https:\/\/gymnasium-nordenham.de\/wp-content\/uploads\/2025\/06\/Foto-1-Spanisch-300x225.jpg 300w, https:\/\/gymnasium-nordenham.de\/wp-content\/uploads\/2025\/06\/Foto-1-Spanisch-1024x768.jpg 1024w, https:\/\/gymnasium-nordenham.de\/wp-content\/uploads\/2025\/06\/Foto-1-Spanisch-768x576.jpg 768w, https:\/\/gymnasium-nordenham.de\/wp-content\/uploads\/2025\/06\/Foto-1-Spanisch-2048x1536.jpg 2048w, https:\/\/gymnasium-nordenham.de\/wp-content\/uploads\/2025\/06\/Foto-1-Spanisch-16x12.jpg 16w\" sizes=\"(max-width: 1536px) 100vw, 1536px\" \/>\t\t\t\t\t\t\t\t\t\t\t\t\t\t\t<\/div>\n\t\t\t\t<\/div>\n\t\t\t\t\t<\/div>\n\t\t<\/div>\n\t\t\t\t\t<\/div>\n\t\t<\/section>\n\t\t\t\t<div class=\"elementor-element elementor-element-809aad3 elementor-widget__width-initial elementor-widget elementor-widget-text-editor\" data-id=\"809aad3\" data-element_type=\"widget\" data-e-type=\"widget\" data-widget_type=\"text-editor.default\">\n\t\t\t\t<div class=\"elementor-widget-container\">\n\t\t\t\t\t\t\t\t\t<p style=\"text-align: justify;\"><span style=\"font-size: 12pt; font-family: georgia, palatino, serif;\">Am Gymnasium Nordenham kann Spanisch ab Jahrgang 6 als zweite Fremdsprache oder ab Jahrgang 11 als neubeginnende Fremdsprache (Wechsel von der OBS oder Wechsel von Franz\u00f6sisch\/Latein) gew\u00e4hlt und bis zum Abitur fortgef\u00fchrt werden \u2013 auch als Pr\u00fcfungsfach.<\/span><\/p><p style=\"text-align: justify;\"><span style=\"font-size: 12pt; font-family: georgia, palatino, serif;\">Der Aufbau einer interkulturellen Handlungsf\u00e4higkeit ist dabei das zentrale Ziel des Spanischunterrichts. Um dieses Ziel zu erreichen, gestalten wir den Spanischunterricht am Gymnasium Nordenham ganzheitlich, handlungs- und sch\u00fclerorientiert, motivierend und kompetenzorientiert.<\/span><\/p><p style=\"text-align: justify;\"><span style=\"font-size: 12pt; font-family: georgia, palatino, serif;\">Die im Unterricht gestellten sprachlichen Herausforderungen orientieren sich an authentischen Kommunikationssituationen aus der Lebenswelt der Lernenden, um aufzuzeigen, in welchen konkreten Alltagssituationen die neu erlernte Sprache sinnvoll eingesetzt werden kann. Dabei geht es nicht nur um Sprachkompetenz, sondern auch um das Verst\u00e4ndnis und die Reflexion kultureller Besonderheiten der spanischsprachigen Welt \u2013 von Spanien bis nach Lateinamerika.<\/span><\/p><p style=\"text-align: justify;\"><span style=\"font-size: 12pt; font-family: georgia, palatino, serif;\">Spanischlernen bedeutet bei uns: Sprache lebendig erleben, kulturelle Vielfalt entdecken und sich auf neue Sichtweisen einlassen.<\/span><\/p><p style=\"text-align: justify;\"><span style=\"font-family: georgia, palatino, serif; font-size: 12pt;\"><u>Literatur<\/u><\/span><\/p><p style=\"text-align: justify;\"><span style=\"font-family: georgia, palatino, serif; font-size: 12pt;\">M\u00dcLLER-HARTMANN, ANDREAS (2005): \u201eEin Themenheft zum aufgabenorientierten Fremdsprachenlernen? Weshalb es wahrscheinlich eine sehr gute Idee ist, sich mit diesem Ansatz auseinander zu setzten.\u201c In: Praxis Fremdsprachenunterricht 4\/05, S. 3-6.<\/span><\/p><p style=\"text-align: justify;\"><span style=\"font-family: georgia, palatino, serif; font-size: 12pt;\">NIEDERS\u00c4CHSISCHES KULTUSMINISTERIUM (2017): \u201eKerncurriculum f\u00fcr das Gymnasium. Jahrg\u00e4nge 6-10. Spanisch\u201c In: <u>\u00a0<\/u><a href=\"https:\/\/bildungsportal-niedersachsen.de\/allgemeinbildung\/unterrichtsfaecher\/spanisch-sek-i\">Spanisch: Bildungsportal Niedersachsen<\/a><\/span><\/p><p style=\"text-align: justify;\">\u00a0<\/p>\t\t\t\t\t\t\t\t<\/div>\n\t\t\t\t<\/div>\n\t\t\t\t\t<\/div>\n\t\t<\/div>\n\t\t\t\t<div class=\"elementor-column elementor-col-33 elementor-top-column elementor-element elementor-element-c25fcbf\" data-id=\"c25fcbf\" data-element_type=\"column\" data-e-type=\"column\">\n\t\t\t<div class=\"elementor-widget-wrap elementor-element-populated\">\n\t\t\t\t\t\t<div class=\"elementor-element elementor-element-497df0a elementor-invisible elementor-widget elementor-widget-wp-widget-nav_menu\" data-id=\"497df0a\" data-element_type=\"widget\" data-e-type=\"widget\" data-settings=\"{&quot;_animation&quot;:&quot;fadeInUp&quot;}\" data-widget_type=\"wp-widget-nav_menu.default\">\n\t\t\t\t<div class=\"elementor-widget-container\">\n\t\t\t\t\t<div class=\"menu-fachmenue-spanisch-container\"><ul id=\"menu-fachmenue-spanisch\" class=\"menu\"><li id=\"menu-item-1457\" class=\"menu-item menu-item-type-post_type menu-item-object-page menu-item-1457\"><a href=\"https:\/\/gymnasium-nordenham.de\/en\/spanisch-am-gn\">Spanisch am GN<\/a><\/li>\n<li id=\"menu-item-1474\" class=\"menu-item menu-item-type-post_type menu-item-object-page menu-item-1474\"><a href=\"https:\/\/gymnasium-nordenham.de\/en\/spanisch-lehrwerke\">Lehrwerke<\/a><\/li>\n<li id=\"menu-item-1473\" class=\"menu-item menu-item-type-post_type menu-item-object-page menu-item-1473\"><a href=\"https:\/\/gymnasium-nordenham.de\/en\/spanisch-curricula\">Curricula<\/a><\/li>\n<li id=\"menu-item-1472\" class=\"menu-item menu-item-type-post_type menu-item-object-page menu-item-1472\"><a href=\"https:\/\/gymnasium-nordenham.de\/en\/spanisch-klassenarbeiten-und-klausuren\">Klassenarbeiten und Klausuren<\/a><\/li>\n<li id=\"menu-item-1471\" class=\"menu-item menu-item-type-post_type menu-item-object-page menu-item-1471\"><a href=\"https:\/\/gymnasium-nordenham.de\/en\/spanisch-weitere-angebote\">Weitere Angebote<\/a><\/li>\n<\/ul><\/div>\t\t\t\t<\/div>\n\t\t\t\t<\/div>\n\t\t\t\t\t<\/div>\n\t\t<\/div>\n\t\t\t\t\t<\/div>\n\t\t<\/section>\n\t\t\t\t<section class=\"elementor-section elementor-top-section elementor-element elementor-element-ddd0bfd elementor-section-boxed elementor-section-height-default elementor-section-height-default\" data-id=\"ddd0bfd\" data-element_type=\"section\" data-e-type=\"section\">\n\t\t\t\t\t\t<div class=\"elementor-container elementor-column-gap-default\">\n\t\t\t\t\t<div class=\"elementor-column elementor-col-100 elementor-top-column elementor-element elementor-element-879cb9b\" data-id=\"879cb9b\" data-element_type=\"column\" data-e-type=\"column\">\n\t\t\t<div class=\"elementor-widget-wrap\">\n\t\t\t\t\t\t\t<\/div>\n\t\t<\/div>\n\t\t\t\t\t<\/div>\n\t\t<\/section>\n\t\t\t\t<\/div>","protected":false},"excerpt":{"rendered":"<p>Spanisch Spanisch am Gymnasium Nordenham Spanisch ist eine der meistgesprochenen Sprachen der Welt \u2013 mit \u00fcber 500 Millionen Muttersprachlern auf vier Kontinenten. In Zeiten zunehmender Globalisierung ist Spanisch nicht nur f\u00fcr den privaten und beruflichen Austausch in Europa und Lateinamerika &hellip; <a href=\"https:\/\/gymnasium-nordenham.de\/en\/spanisch-am-gn\">Continue reading <span class=\"meta-nav\">&rarr;<\/span><\/a><\/p>","protected":false},"author":4,"featured_media":0,"parent":0,"menu_order":0,"comment_status":"closed","ping_status":"closed","template":"elementor_header_footer","meta":{"_crdt_document":"","footnotes":""},"class_list":["post-1449","page","type-page","status-publish","hentry"],"yoast_head":"<!-- This site is optimized with the Yoast SEO plugin v27.3 - https:\/\/yoast.com\/product\/yoast-seo-wordpress\/ -->\n<title>Spanisch am GN - Gymnasium Nordenham<\/title>\n<meta name=\"robots\" content=\"index, follow, max-snippet:-1, max-image-preview:large, max-video-preview:-1\" \/>\n<link rel=\"canonical\" href=\"https:\/\/gymnasium-nordenham.de\/en\/spanisch-am-gn\/\" \/>\n<meta property=\"og:locale\" content=\"en_GB\" \/>\n<meta property=\"og:type\" content=\"article\" \/>\n<meta property=\"og:title\" content=\"Spanisch am GN - Gymnasium Nordenham\" \/>\n<meta property=\"og:description\" content=\"Spanisch Spanisch am Gymnasium Nordenham Spanisch ist eine der meistgesprochenen Sprachen der Welt \u2013 mit \u00fcber 500 Millionen Muttersprachlern auf vier Kontinenten. In Zeiten zunehmender Globalisierung ist Spanisch nicht nur f\u00fcr den privaten und beruflichen Austausch in Europa und Lateinamerika &hellip; Continue reading &rarr;\" \/>\n<meta property=\"og:url\" content=\"https:\/\/gymnasium-nordenham.de\/en\/spanisch-am-gn\/\" \/>\n<meta property=\"og:site_name\" content=\"Gymnasium Nordenham\" \/>\n<meta property=\"article:modified_time\" content=\"2025-06-11T12:44:52+00:00\" \/>\n<meta property=\"og:image\" content=\"https:\/\/gymnasium-nordenham.de\/wp-content\/uploads\/2025\/06\/Foto-1-Spanisch-scaled.jpg\" \/>\n\t<meta property=\"og:image:width\" content=\"2560\" \/>\n\t<meta property=\"og:image:height\" content=\"1920\" \/>\n\t<meta property=\"og:image:type\" content=\"image\/jpeg\" \/>\n<meta name=\"twitter:card\" content=\"summary_large_image\" \/>\n<meta name=\"twitter:label1\" content=\"Estimated reading time\" \/>\n\t<meta name=\"twitter:data1\" content=\"2 minutes\" \/>\n<script type=\"application\/ld+json\" class=\"yoast-schema-graph\">{\"@context\":\"https:\\\/\\\/schema.org\",\"@graph\":[{\"@type\":\"WebPage\",\"@id\":\"https:\\\/\\\/gymnasium-nordenham.de\\\/spanisch-am-gn\",\"url\":\"https:\\\/\\\/gymnasium-nordenham.de\\\/spanisch-am-gn\",\"name\":\"Spanisch am GN - Gymnasium Nordenham\",\"isPartOf\":{\"@id\":\"https:\\\/\\\/gymnasium-nordenham.de\\\/#website\"},\"primaryImageOfPage\":{\"@id\":\"https:\\\/\\\/gymnasium-nordenham.de\\\/spanisch-am-gn#primaryimage\"},\"image\":{\"@id\":\"https:\\\/\\\/gymnasium-nordenham.de\\\/spanisch-am-gn#primaryimage\"},\"thumbnailUrl\":\"https:\\\/\\\/gymnasium-nordenham.de\\\/wp-content\\\/uploads\\\/2025\\\/06\\\/Foto-1-Spanisch-1536x1152.jpg\",\"datePublished\":\"2020-04-16T23:08:20+00:00\",\"dateModified\":\"2025-06-11T12:44:52+00:00\",\"breadcrumb\":{\"@id\":\"https:\\\/\\\/gymnasium-nordenham.de\\\/spanisch-am-gn#breadcrumb\"},\"inLanguage\":\"en-GB\",\"potentialAction\":[{\"@type\":\"ReadAction\",\"target\":[\"https:\\\/\\\/gymnasium-nordenham.de\\\/spanisch-am-gn\"]}]},{\"@type\":\"ImageObject\",\"inLanguage\":\"en-GB\",\"@id\":\"https:\\\/\\\/gymnasium-nordenham.de\\\/spanisch-am-gn#primaryimage\",\"url\":\"https:\\\/\\\/gymnasium-nordenham.de\\\/wp-content\\\/uploads\\\/2025\\\/06\\\/Foto-1-Spanisch-1536x1152.jpg\",\"contentUrl\":\"https:\\\/\\\/gymnasium-nordenham.de\\\/wp-content\\\/uploads\\\/2025\\\/06\\\/Foto-1-Spanisch-1536x1152.jpg\"},{\"@type\":\"BreadcrumbList\",\"@id\":\"https:\\\/\\\/gymnasium-nordenham.de\\\/spanisch-am-gn#breadcrumb\",\"itemListElement\":[{\"@type\":\"ListItem\",\"position\":1,\"name\":\"Startseite\",\"item\":\"https:\\\/\\\/gymnasium-nordenham.de\\\/\"},{\"@type\":\"ListItem\",\"position\":2,\"name\":\"Spanisch am GN\"}]},{\"@type\":\"WebSite\",\"@id\":\"https:\\\/\\\/gymnasium-nordenham.de\\\/#website\",\"url\":\"https:\\\/\\\/gymnasium-nordenham.de\\\/\",\"name\":\"Gymnasium Nordenham\",\"description\":\"Miteinander, voneinander und f\u00fcreinander lernen\",\"potentialAction\":[{\"@type\":\"SearchAction\",\"target\":{\"@type\":\"EntryPoint\",\"urlTemplate\":\"https:\\\/\\\/gymnasium-nordenham.de\\\/?s={search_term_string}\"},\"query-input\":{\"@type\":\"PropertyValueSpecification\",\"valueRequired\":true,\"valueName\":\"search_term_string\"}}],\"inLanguage\":\"en-GB\"}]}<\/script>\n<!-- \/ Yoast SEO plugin. -->","yoast_head_json":{"title":"Spanisch am GN - Gymnasium Nordenham","robots":{"index":"index","follow":"follow","max-snippet":"max-snippet:-1","max-image-preview":"max-image-preview:large","max-video-preview":"max-video-preview:-1"},"canonical":"https:\/\/gymnasium-nordenham.de\/en\/spanisch-am-gn\/","og_locale":"en_GB","og_type":"article","og_title":"Spanisch am GN - Gymnasium Nordenham","og_description":"Spanisch Spanisch am Gymnasium Nordenham Spanisch ist eine der meistgesprochenen Sprachen der Welt \u2013 mit \u00fcber 500 Millionen Muttersprachlern auf vier Kontinenten. In Zeiten zunehmender Globalisierung ist Spanisch nicht nur f\u00fcr den privaten und beruflichen Austausch in Europa und Lateinamerika &hellip; Continue reading &rarr;","og_url":"https:\/\/gymnasium-nordenham.de\/en\/spanisch-am-gn\/","og_site_name":"Gymnasium Nordenham","article_modified_time":"2025-06-11T12:44:52+00:00","og_image":[{"width":2560,"height":1920,"url":"https:\/\/gymnasium-nordenham.de\/wp-content\/uploads\/2025\/06\/Foto-1-Spanisch-scaled.jpg","type":"image\/jpeg"}],"twitter_card":"summary_large_image","twitter_misc":{"Estimated reading time":"2 minutes"},"schema":{"@context":"https:\/\/schema.org","@graph":[{"@type":"WebPage","@id":"https:\/\/gymnasium-nordenham.de\/spanisch-am-gn","url":"https:\/\/gymnasium-nordenham.de\/spanisch-am-gn","name":"Spanisch am GN - Gymnasium Nordenham","isPartOf":{"@id":"https:\/\/gymnasium-nordenham.de\/#website"},"primaryImageOfPage":{"@id":"https:\/\/gymnasium-nordenham.de\/spanisch-am-gn#primaryimage"},"image":{"@id":"https:\/\/gymnasium-nordenham.de\/spanisch-am-gn#primaryimage"},"thumbnailUrl":"https:\/\/gymnasium-nordenham.de\/wp-content\/uploads\/2025\/06\/Foto-1-Spanisch-1536x1152.jpg","datePublished":"2020-04-16T23:08:20+00:00","dateModified":"2025-06-11T12:44:52+00:00","breadcrumb":{"@id":"https:\/\/gymnasium-nordenham.de\/spanisch-am-gn#breadcrumb"},"inLanguage":"en-GB","potentialAction":[{"@type":"ReadAction","target":["https:\/\/gymnasium-nordenham.de\/spanisch-am-gn"]}]},{"@type":"ImageObject","inLanguage":"en-GB","@id":"https:\/\/gymnasium-nordenham.de\/spanisch-am-gn#primaryimage","url":"https:\/\/gymnasium-nordenham.de\/wp-content\/uploads\/2025\/06\/Foto-1-Spanisch-1536x1152.jpg","contentUrl":"https:\/\/gymnasium-nordenham.de\/wp-content\/uploads\/2025\/06\/Foto-1-Spanisch-1536x1152.jpg"},{"@type":"BreadcrumbList","@id":"https:\/\/gymnasium-nordenham.de\/spanisch-am-gn#breadcrumb","itemListElement":[{"@type":"ListItem","position":1,"name":"Startseite","item":"https:\/\/gymnasium-nordenham.de\/"},{"@type":"ListItem","position":2,"name":"Spanisch am GN"}]},{"@type":"WebSite","@id":"https:\/\/gymnasium-nordenham.de\/#website","url":"https:\/\/gymnasium-nordenham.de\/","name":"Gymnasium Nordenham","description":"Miteinander, voneinander und f\u00fcreinander lernen","potentialAction":[{"@type":"SearchAction","target":{"@type":"EntryPoint","urlTemplate":"https:\/\/gymnasium-nordenham.de\/?s={search_term_string}"},"query-input":{"@type":"PropertyValueSpecification","valueRequired":true,"valueName":"search_term_string"}}],"inLanguage":"en-GB"}]}},"_links":{"self":[{"href":"https:\/\/gymnasium-nordenham.de\/en\/wp-json\/wp\/v2\/pages\/1449","targetHints":{"allow":["GET"]}}],"collection":[{"href":"https:\/\/gymnasium-nordenham.de\/en\/wp-json\/wp\/v2\/pages"}],"about":[{"href":"https:\/\/gymnasium-nordenham.de\/en\/wp-json\/wp\/v2\/types\/page"}],"author":[{"embeddable":true,"href":"https:\/\/gymnasium-nordenham.de\/en\/wp-json\/wp\/v2\/users\/4"}],"replies":[{"embeddable":true,"href":"https:\/\/gymnasium-nordenham.de\/en\/wp-json\/wp\/v2\/comments?post=1449"}],"version-history":[{"count":9,"href":"https:\/\/gymnasium-nordenham.de\/en\/wp-json\/wp\/v2\/pages\/1449\/revisions"}],"predecessor-version":[{"id":13618,"href":"https:\/\/gymnasium-nordenham.de\/en\/wp-json\/wp\/v2\/pages\/1449\/revisions\/13618"}],"wp:attachment":[{"href":"https:\/\/gymnasium-nordenham.de\/en\/wp-json\/wp\/v2\/media?parent=1449"}],"curies":[{"name":"wp","href":"https:\/\/api.w.org\/{rel}","templated":true}]}}