{"id":1286,"date":"2020-04-16T17:10:53","date_gmt":"2020-04-16T15:10:53","guid":{"rendered":"https:\/\/gymnasiumnordenhamtest.live-website.com\/?page_id=1286"},"modified":"2025-09-17T14:22:23","modified_gmt":"2025-09-17T12:22:23","slug":"a-das-fach-politik-wirtschaft-am-gymnasium-nordenham","status":"publish","type":"page","link":"https:\/\/gymnasium-nordenham.de\/en\/a-das-fach-politik-wirtschaft-am-gymnasium-nordenham","title":{"rendered":"Politik-Wirtschaft am GN"},"content":{"rendered":"<div data-elementor-type=\"wp-page\" data-elementor-id=\"1286\" class=\"elementor elementor-1286\" data-elementor-post-type=\"page\">\n\t\t\t\t\t\t<section class=\"elementor-section elementor-top-section elementor-element elementor-element-5257c4b elementor-section-full_width elementor-section-height-default elementor-section-height-default\" data-id=\"5257c4b\" data-element_type=\"section\" data-e-type=\"section\">\n\t\t\t\t\t\t<div class=\"elementor-container elementor-column-gap-default\">\n\t\t\t\t\t<div class=\"elementor-column elementor-col-100 elementor-top-column elementor-element elementor-element-929ce8f\" data-id=\"929ce8f\" data-element_type=\"column\" data-e-type=\"column\" data-settings=\"{&quot;background_background&quot;:&quot;classic&quot;}\">\n\t\t\t<div class=\"elementor-widget-wrap elementor-element-populated\">\n\t\t\t\t\t\t<div class=\"elementor-element elementor-element-de78d44 elementor-widget elementor-widget-heading\" data-id=\"de78d44\" data-element_type=\"widget\" data-e-type=\"widget\" data-widget_type=\"heading.default\">\n\t\t\t\t<div class=\"elementor-widget-container\">\n\t\t\t\t\t<h2 class=\"elementor-heading-title elementor-size-large\">Politik-Wirtschaft<\/h2>\t\t\t\t<\/div>\n\t\t\t\t<\/div>\n\t\t\t\t\t<\/div>\n\t\t<\/div>\n\t\t\t\t\t<\/div>\n\t\t<\/section>\n\t\t\t\t<section class=\"elementor-section elementor-top-section elementor-element elementor-element-9215942 elementor-section-full_width elementor-section-height-default elementor-section-height-default\" data-id=\"9215942\" data-element_type=\"section\" data-e-type=\"section\">\n\t\t\t\t\t\t<div class=\"elementor-container elementor-column-gap-default\">\n\t\t\t\t\t<div class=\"elementor-column elementor-col-66 elementor-top-column elementor-element elementor-element-bc4bb8e\" data-id=\"bc4bb8e\" data-element_type=\"column\" data-e-type=\"column\">\n\t\t\t<div class=\"elementor-widget-wrap elementor-element-populated\">\n\t\t\t\t\t\t<div class=\"elementor-element elementor-element-4773a56 elementor-widget elementor-widget-image\" data-id=\"4773a56\" data-element_type=\"widget\" data-e-type=\"widget\" data-widget_type=\"image.default\">\n\t\t\t\t<div class=\"elementor-widget-container\">\n\t\t\t\t\t\t\t\t\t\t\t\t\t\t\t<img fetchpriority=\"high\" decoding=\"async\" width=\"640\" height=\"268\" src=\"https:\/\/gymnasium-nordenham.de\/wp-content\/uploads\/2020\/12\/IMG_3748schmal-1024x428.jpg\" class=\"attachment-large size-large wp-image-3748\" alt=\"\" srcset=\"https:\/\/gymnasium-nordenham.de\/wp-content\/uploads\/2020\/12\/IMG_3748schmal-1024x428.jpg 1024w, https:\/\/gymnasium-nordenham.de\/wp-content\/uploads\/2020\/12\/IMG_3748schmal-300x125.jpg 300w, https:\/\/gymnasium-nordenham.de\/wp-content\/uploads\/2020\/12\/IMG_3748schmal-768x321.jpg 768w, https:\/\/gymnasium-nordenham.de\/wp-content\/uploads\/2020\/12\/IMG_3748schmal-1536x642.jpg 1536w, https:\/\/gymnasium-nordenham.de\/wp-content\/uploads\/2020\/12\/IMG_3748schmal-2048x856.jpg 2048w\" sizes=\"(max-width: 640px) 100vw, 640px\" \/>\t\t\t\t\t\t\t\t\t\t\t\t\t\t\t<\/div>\n\t\t\t\t<\/div>\n\t\t\t\t<div class=\"elementor-element elementor-element-0bced0f elementor-widget elementor-widget-text-editor\" data-id=\"0bced0f\" data-element_type=\"widget\" data-e-type=\"widget\" data-widget_type=\"text-editor.default\">\n\t\t\t\t<div class=\"elementor-widget-container\">\n\t\t\t\t\t\t\t\t\t<p style=\"text-align: justify;\"><span style=\"font-family: georgia, palatino, serif; font-size: 12pt;\"><strong>Die Stundenverteilung<\/strong><\/span><\/p><p style=\"text-align: justify;\"><span style=\"font-size: 12pt; font-family: georgia, palatino, serif;\">Der Politik-Wirtschaft-Unterricht startet <strong>ab dem 8. Jahrgang<\/strong> und wird bis zum 10. Jahrgang <strong>zweist\u00fcndig<\/strong> unterrichtet. Im 11. Jahrgang kommt noch eine unbenotete Stunde Berufsorientierung hinzu.<\/span><\/p><p style=\"text-align: justify;\"><span style=\"font-size: 12pt; font-family: georgia, palatino, serif;\">In der <strong>Oberstufe<\/strong> wird das Fach als <strong>dreist\u00fcndiger Kurs<\/strong> auf grundlegendem Niveau angeboten, es kann aber auch als Leistungskurs auf erh\u00f6htem Anforderungsniveau gew\u00e4hlt werden, der <strong>f\u00fcnfst\u00fcndig<\/strong> ist.<\/span><\/p><p style=\"text-align: justify;\"><span style=\"font-family: georgia, palatino, serif; font-size: 12pt;\"><strong>Die Ziele<\/strong><\/span><\/p><p style=\"text-align: justify;\"><span style=\"font-size: 12pt; font-family: georgia, palatino, serif;\">Das Fach Politik-Wirtschaft verfolgt das \u00fcbergeordnete Ziel, die Sch\u00fclerinnen und Sch\u00fcler zu politisch und \u00f6konomisch m\u00fcndigen B\u00fcrgern zu erziehen. Dabei wird insbesondere darauf geachtet, dass sie gesamtgesellschaftliche Prozesse und Probleme zun\u00e4chst verstehen, um sich ausgehend von diesem Verst\u00e4ndnis, ein eigenes Urteil bilden zu k\u00f6nnen.<\/span><\/p><p style=\"text-align: justify;\"><span style=\"font-size: 12pt; font-family: georgia, palatino, serif;\">Um dieses Ziel zu erreichen, werden sowohl die Sach- als auch die Urteilskompetenz in Zusammenhang mit der Methodenkompetenz geschult.<\/span><\/p><p style=\"text-align: justify;\"><span style=\"font-size: 12pt; font-family: georgia, palatino, serif;\">Diese Kompetenzen werden durch die Auseinandersetzung mit altersgerechten und damit zunehmend komplexer werdenden politischen und \u00f6konomischen Themen erworben. (vgl. schulinternes Curriculum)<\/span><\/p><p style=\"text-align: justify;\"><span style=\"font-size: 12pt; font-family: georgia, palatino, serif;\">Da das Fach Politik-Wirtschaft aktuell wie kaum ein anderes ist, k\u00f6nnen die Fachlehrkr\u00e4fte \u201eam Puls der Zeit\u201c unterrichten. Auf diese Weise kann es durch die Vermittlung von politischem und \u00f6konomischem Wissen gelingen, die Sch\u00fclerinnen und Sch\u00fcler zu interessieren und der zunehmenden Politikverdrossenheit ein St\u00fcck weit entgegenzuwirken.<\/span><\/p><p style=\"text-align: justify;\"><span style=\"font-size: 12pt; font-family: georgia, palatino, serif;\">Im Idealfall gelingt es uns, die Jugendlichen zum politischen Handeln zu bewegen und dazu, sich f\u00fcr ihre Interessen einzusetzen.<\/span><\/p><p style=\"text-align: justify;\"><span style=\"font-family: georgia, palatino, serif; font-size: 12pt;\"><strong>Besondere Aufgaben <\/strong><\/span><\/p><p style=\"text-align: justify;\"><span style=\"font-size: 12pt; font-family: georgia, palatino, serif;\">Aufgrund seiner N\u00e4he zu Themen der Berufswelt stellt das Fach Politik-Wirtschaft das Ankerfach f\u00fcr die Berufsorientierung der Sch\u00fclerinnen und Sch\u00fcler dar. Aus diesem Grund betreuen die Fachlehrerinnen und Fachlehrer an unserer Schule die Betriebspraktika in den Jahrg\u00e4ngen 10 und 11. Dar\u00fcber hinaus wird im 11. Jahrgang eine Stunde Berufsorientierungsunterricht von den PoWi-Lehrkr\u00e4ften erteilt. (vgl. Berufsorientierungskonzept)<\/span><\/p><p><span style=\"font-family: georgia, palatino, serif; font-size: 12pt;\"><strong>Betriebspraktikum<\/strong><\/span><\/p><p><span style=\"font-family: georgia, palatino, serif; font-size: 12pt;\">Alle Anschreiben und Formulare zum Betriebspraktikum findet man auf der Startseite unserer Schulhomepage im rechten Seitenmen\u00fc unter &#8220;Formulare und Downloads&#8221; und &#8220;Betriebspraktikum&#8221; bzw. ohne Umwege <a href=\"https:\/\/gymnasium-nordenham.de\/en\/formulare-und-downloads\/\"><strong>hier<\/strong><\/a>. <\/span><\/p>\t\t\t\t\t\t\t\t<\/div>\n\t\t\t\t<\/div>\n\t\t\t\t\t<\/div>\n\t\t<\/div>\n\t\t\t\t<div class=\"elementor-column elementor-col-33 elementor-top-column elementor-element elementor-element-c25fcbf\" data-id=\"c25fcbf\" data-element_type=\"column\" data-e-type=\"column\">\n\t\t\t<div class=\"elementor-widget-wrap elementor-element-populated\">\n\t\t\t\t\t\t<div class=\"elementor-element elementor-element-497df0a elementor-invisible elementor-widget elementor-widget-wp-widget-nav_menu\" data-id=\"497df0a\" data-element_type=\"widget\" data-e-type=\"widget\" data-settings=\"{&quot;_animation&quot;:&quot;fadeInUp&quot;}\" data-widget_type=\"wp-widget-nav_menu.default\">\n\t\t\t\t<div class=\"elementor-widget-container\">\n\t\t\t\t\t<div class=\"menu-fachmenue-politik-wirtschaft-container\"><ul id=\"menu-fachmenue-politik-wirtschaft\" class=\"menu\"><li id=\"menu-item-1303\" class=\"menu-item menu-item-type-post_type menu-item-object-page menu-item-1303\"><a href=\"https:\/\/gymnasium-nordenham.de\/en\/a-das-fach-politik-wirtschaft-am-gymnasium-nordenham\">Politik-Wirtschaft am GN<\/a><\/li>\n<li id=\"menu-item-1407\" class=\"menu-item menu-item-type-post_type menu-item-object-page menu-item-1407\"><a href=\"https:\/\/gymnasium-nordenham.de\/en\/powi-lehrwerke\">Lehrwerke<\/a><\/li>\n<li id=\"menu-item-1417\" class=\"menu-item menu-item-type-post_type menu-item-object-page menu-item-1417\"><a href=\"https:\/\/gymnasium-nordenham.de\/en\/powi-curricula\">Curricula<\/a><\/li>\n<li id=\"menu-item-1435\" class=\"menu-item menu-item-type-post_type menu-item-object-page menu-item-1435\"><a href=\"https:\/\/gymnasium-nordenham.de\/en\/powi-klassenarbeiten-und-klausuren\">Klassenarbeiten und Klausuren<\/a><\/li>\n<li id=\"menu-item-1442\" class=\"menu-item menu-item-type-post_type menu-item-object-page menu-item-1442\"><a href=\"https:\/\/gymnasium-nordenham.de\/en\/powi-weitere-angebote\">Weitere Angebote<\/a><\/li>\n<\/ul><\/div>\t\t\t\t<\/div>\n\t\t\t\t<\/div>\n\t\t\t\t\t<\/div>\n\t\t<\/div>\n\t\t\t\t\t<\/div>\n\t\t<\/section>\n\t\t\t\t<\/div>","protected":false},"excerpt":{"rendered":"<p>Politik-Wirtschaft Die Stundenverteilung Der Politik-Wirtschaft-Unterricht startet ab dem 8. Jahrgang und wird bis zum 10. Jahrgang zweist\u00fcndig unterrichtet. Im 11. Jahrgang kommt noch eine unbenotete Stunde Berufsorientierung hinzu. In der Oberstufe wird das Fach als dreist\u00fcndiger Kurs auf grundlegendem Niveau &hellip; <a href=\"https:\/\/gymnasium-nordenham.de\/en\/a-das-fach-politik-wirtschaft-am-gymnasium-nordenham\">Continue reading <span class=\"meta-nav\">&rarr;<\/span><\/a><\/p>","protected":false},"author":4,"featured_media":0,"parent":0,"menu_order":0,"comment_status":"closed","ping_status":"closed","template":"elementor_header_footer","meta":{"_crdt_document":"","footnotes":""},"class_list":["post-1286","page","type-page","status-publish","hentry"],"yoast_head":"<!-- This site is optimized with the Yoast SEO plugin v27.3 - https:\/\/yoast.com\/product\/yoast-seo-wordpress\/ -->\n<title>Politik-Wirtschaft am GN - Gymnasium Nordenham<\/title>\n<meta name=\"robots\" content=\"index, follow, max-snippet:-1, max-image-preview:large, max-video-preview:-1\" \/>\n<link rel=\"canonical\" href=\"https:\/\/gymnasium-nordenham.de\/en\/a-das-fach-politik-wirtschaft-am-gymnasium-nordenham\/\" \/>\n<meta property=\"og:locale\" content=\"en_GB\" \/>\n<meta property=\"og:type\" content=\"article\" \/>\n<meta property=\"og:title\" content=\"Politik-Wirtschaft am GN - Gymnasium Nordenham\" \/>\n<meta property=\"og:description\" content=\"Politik-Wirtschaft Die Stundenverteilung Der Politik-Wirtschaft-Unterricht startet ab dem 8. Jahrgang und wird bis zum 10. Jahrgang zweist\u00fcndig unterrichtet. Im 11. Jahrgang kommt noch eine unbenotete Stunde Berufsorientierung hinzu. In der Oberstufe wird das Fach als dreist\u00fcndiger Kurs auf grundlegendem Niveau &hellip; Continue reading &rarr;\" \/>\n<meta property=\"og:url\" content=\"https:\/\/gymnasium-nordenham.de\/en\/a-das-fach-politik-wirtschaft-am-gymnasium-nordenham\/\" \/>\n<meta property=\"og:site_name\" content=\"Gymnasium Nordenham\" \/>\n<meta property=\"article:modified_time\" content=\"2025-09-17T12:22:23+00:00\" \/>\n<meta property=\"og:image\" content=\"https:\/\/gymnasium-nordenham.de\/wp-content\/uploads\/2020\/12\/IMG_3748schmal-scaled.jpg\" \/>\n\t<meta property=\"og:image:width\" content=\"2560\" \/>\n\t<meta property=\"og:image:height\" content=\"1070\" \/>\n\t<meta property=\"og:image:type\" content=\"image\/jpeg\" \/>\n<meta name=\"twitter:card\" content=\"summary_large_image\" \/>\n<meta name=\"twitter:label1\" content=\"Estimated reading time\" \/>\n\t<meta name=\"twitter:data1\" content=\"2 minutes\" \/>\n<script type=\"application\/ld+json\" class=\"yoast-schema-graph\">{\"@context\":\"https:\\\/\\\/schema.org\",\"@graph\":[{\"@type\":\"WebPage\",\"@id\":\"https:\\\/\\\/gymnasium-nordenham.de\\\/a-das-fach-politik-wirtschaft-am-gymnasium-nordenham\",\"url\":\"https:\\\/\\\/gymnasium-nordenham.de\\\/a-das-fach-politik-wirtschaft-am-gymnasium-nordenham\",\"name\":\"Politik-Wirtschaft am GN - Gymnasium Nordenham\",\"isPartOf\":{\"@id\":\"https:\\\/\\\/gymnasium-nordenham.de\\\/#website\"},\"primaryImageOfPage\":{\"@id\":\"https:\\\/\\\/gymnasium-nordenham.de\\\/a-das-fach-politik-wirtschaft-am-gymnasium-nordenham#primaryimage\"},\"image\":{\"@id\":\"https:\\\/\\\/gymnasium-nordenham.de\\\/a-das-fach-politik-wirtschaft-am-gymnasium-nordenham#primaryimage\"},\"thumbnailUrl\":\"https:\\\/\\\/gymnasium-nordenham.de\\\/wp-content\\\/uploads\\\/2020\\\/12\\\/IMG_3748schmal-1024x428.jpg\",\"datePublished\":\"2020-04-16T15:10:53+00:00\",\"dateModified\":\"2025-09-17T12:22:23+00:00\",\"breadcrumb\":{\"@id\":\"https:\\\/\\\/gymnasium-nordenham.de\\\/a-das-fach-politik-wirtschaft-am-gymnasium-nordenham#breadcrumb\"},\"inLanguage\":\"en-GB\",\"potentialAction\":[{\"@type\":\"ReadAction\",\"target\":[\"https:\\\/\\\/gymnasium-nordenham.de\\\/a-das-fach-politik-wirtschaft-am-gymnasium-nordenham\"]}]},{\"@type\":\"ImageObject\",\"inLanguage\":\"en-GB\",\"@id\":\"https:\\\/\\\/gymnasium-nordenham.de\\\/a-das-fach-politik-wirtschaft-am-gymnasium-nordenham#primaryimage\",\"url\":\"https:\\\/\\\/gymnasium-nordenham.de\\\/wp-content\\\/uploads\\\/2020\\\/12\\\/IMG_3748schmal-1024x428.jpg\",\"contentUrl\":\"https:\\\/\\\/gymnasium-nordenham.de\\\/wp-content\\\/uploads\\\/2020\\\/12\\\/IMG_3748schmal-1024x428.jpg\"},{\"@type\":\"BreadcrumbList\",\"@id\":\"https:\\\/\\\/gymnasium-nordenham.de\\\/a-das-fach-politik-wirtschaft-am-gymnasium-nordenham#breadcrumb\",\"itemListElement\":[{\"@type\":\"ListItem\",\"position\":1,\"name\":\"Startseite\",\"item\":\"https:\\\/\\\/gymnasium-nordenham.de\\\/\"},{\"@type\":\"ListItem\",\"position\":2,\"name\":\"Politik-Wirtschaft am GN\"}]},{\"@type\":\"WebSite\",\"@id\":\"https:\\\/\\\/gymnasium-nordenham.de\\\/#website\",\"url\":\"https:\\\/\\\/gymnasium-nordenham.de\\\/\",\"name\":\"Gymnasium Nordenham\",\"description\":\"Miteinander, voneinander und f\u00fcreinander lernen\",\"potentialAction\":[{\"@type\":\"SearchAction\",\"target\":{\"@type\":\"EntryPoint\",\"urlTemplate\":\"https:\\\/\\\/gymnasium-nordenham.de\\\/?s={search_term_string}\"},\"query-input\":{\"@type\":\"PropertyValueSpecification\",\"valueRequired\":true,\"valueName\":\"search_term_string\"}}],\"inLanguage\":\"en-GB\"}]}<\/script>\n<!-- \/ Yoast SEO plugin. -->","yoast_head_json":{"title":"Politik-Wirtschaft am GN - Gymnasium Nordenham","robots":{"index":"index","follow":"follow","max-snippet":"max-snippet:-1","max-image-preview":"max-image-preview:large","max-video-preview":"max-video-preview:-1"},"canonical":"https:\/\/gymnasium-nordenham.de\/en\/a-das-fach-politik-wirtschaft-am-gymnasium-nordenham\/","og_locale":"en_GB","og_type":"article","og_title":"Politik-Wirtschaft am GN - Gymnasium Nordenham","og_description":"Politik-Wirtschaft Die Stundenverteilung Der Politik-Wirtschaft-Unterricht startet ab dem 8. Jahrgang und wird bis zum 10. Jahrgang zweist\u00fcndig unterrichtet. Im 11. Jahrgang kommt noch eine unbenotete Stunde Berufsorientierung hinzu. In der Oberstufe wird das Fach als dreist\u00fcndiger Kurs auf grundlegendem Niveau &hellip; Continue reading &rarr;","og_url":"https:\/\/gymnasium-nordenham.de\/en\/a-das-fach-politik-wirtschaft-am-gymnasium-nordenham\/","og_site_name":"Gymnasium Nordenham","article_modified_time":"2025-09-17T12:22:23+00:00","og_image":[{"width":2560,"height":1070,"url":"https:\/\/gymnasium-nordenham.de\/wp-content\/uploads\/2020\/12\/IMG_3748schmal-scaled.jpg","type":"image\/jpeg"}],"twitter_card":"summary_large_image","twitter_misc":{"Estimated reading time":"2 minutes"},"schema":{"@context":"https:\/\/schema.org","@graph":[{"@type":"WebPage","@id":"https:\/\/gymnasium-nordenham.de\/a-das-fach-politik-wirtschaft-am-gymnasium-nordenham","url":"https:\/\/gymnasium-nordenham.de\/a-das-fach-politik-wirtschaft-am-gymnasium-nordenham","name":"Politik-Wirtschaft am GN - Gymnasium Nordenham","isPartOf":{"@id":"https:\/\/gymnasium-nordenham.de\/#website"},"primaryImageOfPage":{"@id":"https:\/\/gymnasium-nordenham.de\/a-das-fach-politik-wirtschaft-am-gymnasium-nordenham#primaryimage"},"image":{"@id":"https:\/\/gymnasium-nordenham.de\/a-das-fach-politik-wirtschaft-am-gymnasium-nordenham#primaryimage"},"thumbnailUrl":"https:\/\/gymnasium-nordenham.de\/wp-content\/uploads\/2020\/12\/IMG_3748schmal-1024x428.jpg","datePublished":"2020-04-16T15:10:53+00:00","dateModified":"2025-09-17T12:22:23+00:00","breadcrumb":{"@id":"https:\/\/gymnasium-nordenham.de\/a-das-fach-politik-wirtschaft-am-gymnasium-nordenham#breadcrumb"},"inLanguage":"en-GB","potentialAction":[{"@type":"ReadAction","target":["https:\/\/gymnasium-nordenham.de\/a-das-fach-politik-wirtschaft-am-gymnasium-nordenham"]}]},{"@type":"ImageObject","inLanguage":"en-GB","@id":"https:\/\/gymnasium-nordenham.de\/a-das-fach-politik-wirtschaft-am-gymnasium-nordenham#primaryimage","url":"https:\/\/gymnasium-nordenham.de\/wp-content\/uploads\/2020\/12\/IMG_3748schmal-1024x428.jpg","contentUrl":"https:\/\/gymnasium-nordenham.de\/wp-content\/uploads\/2020\/12\/IMG_3748schmal-1024x428.jpg"},{"@type":"BreadcrumbList","@id":"https:\/\/gymnasium-nordenham.de\/a-das-fach-politik-wirtschaft-am-gymnasium-nordenham#breadcrumb","itemListElement":[{"@type":"ListItem","position":1,"name":"Startseite","item":"https:\/\/gymnasium-nordenham.de\/"},{"@type":"ListItem","position":2,"name":"Politik-Wirtschaft am GN"}]},{"@type":"WebSite","@id":"https:\/\/gymnasium-nordenham.de\/#website","url":"https:\/\/gymnasium-nordenham.de\/","name":"Gymnasium Nordenham","description":"Miteinander, voneinander und f\u00fcreinander lernen","potentialAction":[{"@type":"SearchAction","target":{"@type":"EntryPoint","urlTemplate":"https:\/\/gymnasium-nordenham.de\/?s={search_term_string}"},"query-input":{"@type":"PropertyValueSpecification","valueRequired":true,"valueName":"search_term_string"}}],"inLanguage":"en-GB"}]}},"_links":{"self":[{"href":"https:\/\/gymnasium-nordenham.de\/en\/wp-json\/wp\/v2\/pages\/1286","targetHints":{"allow":["GET"]}}],"collection":[{"href":"https:\/\/gymnasium-nordenham.de\/en\/wp-json\/wp\/v2\/pages"}],"about":[{"href":"https:\/\/gymnasium-nordenham.de\/en\/wp-json\/wp\/v2\/types\/page"}],"author":[{"embeddable":true,"href":"https:\/\/gymnasium-nordenham.de\/en\/wp-json\/wp\/v2\/users\/4"}],"replies":[{"embeddable":true,"href":"https:\/\/gymnasium-nordenham.de\/en\/wp-json\/wp\/v2\/comments?post=1286"}],"version-history":[{"count":3,"href":"https:\/\/gymnasium-nordenham.de\/en\/wp-json\/wp\/v2\/pages\/1286\/revisions"}],"predecessor-version":[{"id":13976,"href":"https:\/\/gymnasium-nordenham.de\/en\/wp-json\/wp\/v2\/pages\/1286\/revisions\/13976"}],"wp:attachment":[{"href":"https:\/\/gymnasium-nordenham.de\/en\/wp-json\/wp\/v2\/media?parent=1286"}],"curies":[{"name":"wp","href":"https:\/\/api.w.org\/{rel}","templated":true}]}}