{"id":1231,"date":"2020-04-16T15:11:09","date_gmt":"2020-04-16T13:11:09","guid":{"rendered":"https:\/\/gymnasiumnordenhamtest.live-website.com\/?page_id=1231"},"modified":"2021-10-13T20:34:03","modified_gmt":"2021-10-13T18:34:03","slug":"fach-x-sport-weitere-angebote","status":"publish","type":"page","link":"https:\/\/gymnasium-nordenham.de\/en\/fach-x-sport-weitere-angebote","title":{"rendered":"Sport &#8211; Weitere Angebote"},"content":{"rendered":"<div data-elementor-type=\"wp-page\" data-elementor-id=\"1231\" class=\"elementor elementor-1231\" data-elementor-post-type=\"page\">\n\t\t\t\t\t\t<section class=\"elementor-section elementor-top-section elementor-element elementor-element-5257c4b elementor-section-full_width elementor-section-height-default elementor-section-height-default\" data-id=\"5257c4b\" data-element_type=\"section\" data-e-type=\"section\">\n\t\t\t\t\t\t<div class=\"elementor-container elementor-column-gap-default\">\n\t\t\t\t\t<div class=\"elementor-column elementor-col-100 elementor-top-column elementor-element elementor-element-929ce8f\" data-id=\"929ce8f\" data-element_type=\"column\" data-e-type=\"column\" data-settings=\"{&quot;background_background&quot;:&quot;classic&quot;}\">\n\t\t\t<div class=\"elementor-widget-wrap elementor-element-populated\">\n\t\t\t\t\t\t<div class=\"elementor-element elementor-element-de78d44 elementor-widget elementor-widget-heading\" data-id=\"de78d44\" data-element_type=\"widget\" data-e-type=\"widget\" data-widget_type=\"heading.default\">\n\t\t\t\t<div class=\"elementor-widget-container\">\n\t\t\t\t\t<h2 class=\"elementor-heading-title elementor-size-large\">Sport<\/h2>\t\t\t\t<\/div>\n\t\t\t\t<\/div>\n\t\t\t\t\t<\/div>\n\t\t<\/div>\n\t\t\t\t\t<\/div>\n\t\t<\/section>\n\t\t\t\t<section class=\"elementor-section elementor-top-section elementor-element elementor-element-9215942 elementor-section-full_width elementor-section-height-default elementor-section-height-default\" data-id=\"9215942\" data-element_type=\"section\" data-e-type=\"section\">\n\t\t\t\t\t\t<div class=\"elementor-container elementor-column-gap-default\">\n\t\t\t\t\t<div class=\"elementor-column elementor-col-66 elementor-top-column elementor-element elementor-element-bc4bb8e\" data-id=\"bc4bb8e\" data-element_type=\"column\" data-e-type=\"column\">\n\t\t\t<div class=\"elementor-widget-wrap elementor-element-populated\">\n\t\t\t\t\t\t<div class=\"elementor-element elementor-element-0bced0f elementor-widget elementor-widget-text-editor\" data-id=\"0bced0f\" data-element_type=\"widget\" data-e-type=\"widget\" data-widget_type=\"text-editor.default\">\n\t\t\t\t<div class=\"elementor-widget-container\">\n\t\t\t\t\t\t\t\t\t<ol style=\"list-style-type: upper-roman;\"><li><p><span style=\"font-size: 12pt;\">Kooperation mit Werder Bremen \u2013 \u201e100 % Werder\u201c<\/span><\/p><ul><li><p><span style=\"font-size: 12pt;\">verschiedene Projekte in unregelm\u00e4\u00dfigen Abst\u00e4nden<\/span><\/p><ul><li><p><span style=\"font-size: 12pt;\">\u201eProfis in der Schule\u201c<\/span><\/p><\/li><li><p><span style=\"font-size: 12pt;\">Besuch des Weserstadions mit gef\u00fchrter Besichtigungstour<\/span><\/p><\/li><li><p><span style=\"font-size: 12pt;\">Vortr\u00e4ge im Weserstadion durch verschiedene Mitgliedern der F\u00fchrungsebene des Vereins<\/span><\/p><\/li><li><p><span style=\"font-size: 12pt;\">Teilnahme an \u201e100 % Werder\u201c-Turnieren<\/span><\/p><\/li><li><p><span style=\"font-size: 12pt;\">Trainingseinheiten durchgef\u00fchrt von Werder-Trainern an unserer Schule<\/span><\/p><\/li><li><p><span style=\"font-size: 12pt;\">Fortbildungsangebote durch Werder Bremen<\/span><\/p><\/li><\/ul><\/li><\/ul><\/li><li><p><span style=\"font-size: 12pt;\">Kooperation mit den \u201eEisb\u00e4ren Bremerhaven\u201c<\/span><\/p><ul><li><p><span style=\"font-size: 12pt;\">j\u00e4hrlicher Besuch von Trainern und Profi-Spielern am Gymnasium Nordenham<\/span><\/p><ul><li><p><span style=\"font-size: 12pt;\">gemeinsame Besuche von Sch\u00fclern, Eltern und Lehrkr\u00e4ften bei Ligaspielen der Eisb\u00e4ren in der Stadthalle Bremerhaven<\/span><\/p><\/li><\/ul><\/li><\/ul><\/li><li><p><span style=\"font-size: 12pt;\">Kooperationsverbund \u201eF\u00f6rderung besonderer Begabungen\u201c<\/span><\/p><\/li><\/ol>\t\t\t\t\t\t\t\t<\/div>\n\t\t\t\t<\/div>\n\t\t\t\t\t<\/div>\n\t\t<\/div>\n\t\t\t\t<div class=\"elementor-column elementor-col-33 elementor-top-column elementor-element elementor-element-c25fcbf\" data-id=\"c25fcbf\" data-element_type=\"column\" data-e-type=\"column\">\n\t\t\t<div class=\"elementor-widget-wrap elementor-element-populated\">\n\t\t\t\t\t\t<div class=\"elementor-element elementor-element-497df0a elementor-invisible elementor-widget elementor-widget-wp-widget-nav_menu\" data-id=\"497df0a\" data-element_type=\"widget\" data-e-type=\"widget\" data-settings=\"{&quot;_animation&quot;:&quot;fadeInUp&quot;}\" data-widget_type=\"wp-widget-nav_menu.default\">\n\t\t\t\t<div class=\"elementor-widget-container\">\n\t\t\t\t\t<div class=\"menu-fachmenue-sport-container\"><ul id=\"menu-fachmenue-sport\" class=\"menu\"><li id=\"menu-item-1151\" class=\"menu-item menu-item-type-post_type menu-item-object-page menu-item-1151\"><a href=\"https:\/\/gymnasium-nordenham.de\/en\/fach-x-sport\">Sport am GN<\/a><\/li>\n<li id=\"menu-item-1238\" class=\"menu-item menu-item-type-post_type menu-item-object-page menu-item-1238\"><a href=\"https:\/\/gymnasium-nordenham.de\/en\/fach-x-sport-lehrwerke\">Lehrwerke<\/a><\/li>\n<li id=\"menu-item-1237\" class=\"menu-item menu-item-type-post_type menu-item-object-page menu-item-1237\"><a href=\"https:\/\/gymnasium-nordenham.de\/en\/fach-x-sport-curricula\">Curricula<\/a><\/li>\n<li id=\"menu-item-1236\" class=\"menu-item menu-item-type-post_type menu-item-object-page menu-item-1236\"><a href=\"https:\/\/gymnasium-nordenham.de\/en\/fach-x-sport-klassenarbeiten-und-klausuren\">Leistungsfeststellung und Klausuren<\/a><\/li>\n<li id=\"menu-item-1235\" class=\"menu-item menu-item-type-post_type menu-item-object-page menu-item-1235\"><a href=\"https:\/\/gymnasium-nordenham.de\/en\/fach-x-sport-weitere-angebote\">Weitere Angebote<\/a><\/li>\n<\/ul><\/div>\t\t\t\t<\/div>\n\t\t\t\t<\/div>\n\t\t\t\t\t<\/div>\n\t\t<\/div>\n\t\t\t\t\t<\/div>\n\t\t<\/section>\n\t\t\t\t<\/div>","protected":false},"excerpt":{"rendered":"<p>Sport Kooperation mit Werder Bremen \u2013 \u201e100 % Werder\u201c verschiedene Projekte in unregelm\u00e4\u00dfigen Abst\u00e4nden \u201eProfis in der Schule\u201c Besuch des Weserstadions mit gef\u00fchrter Besichtigungstour Vortr\u00e4ge im Weserstadion durch verschiedene Mitgliedern der F\u00fchrungsebene des Vereins Teilnahme an \u201e100 % Werder\u201c-Turnieren Trainingseinheiten &hellip; <a href=\"https:\/\/gymnasium-nordenham.de\/en\/fach-x-sport-weitere-angebote\">Continue reading <span class=\"meta-nav\">&rarr;<\/span><\/a><\/p>","protected":false},"author":4,"featured_media":0,"parent":0,"menu_order":0,"comment_status":"closed","ping_status":"closed","template":"elementor_header_footer","meta":{"_crdt_document":"","footnotes":""},"class_list":["post-1231","page","type-page","status-publish","hentry"],"yoast_head":"<!-- This site is optimized with the Yoast SEO plugin v27.5 - https:\/\/yoast.com\/product\/yoast-seo-wordpress\/ -->\n<title>Sport - Weitere Angebote - Gymnasium Nordenham<\/title>\n<meta name=\"robots\" content=\"index, follow, max-snippet:-1, max-image-preview:large, max-video-preview:-1\" \/>\n<link rel=\"canonical\" href=\"https:\/\/gymnasium-nordenham.de\/en\/fach-x-sport-weitere-angebote\/\" \/>\n<meta property=\"og:locale\" content=\"en_GB\" \/>\n<meta property=\"og:type\" content=\"article\" \/>\n<meta property=\"og:title\" content=\"Sport - Weitere Angebote - Gymnasium Nordenham\" \/>\n<meta property=\"og:description\" content=\"Sport Kooperation mit Werder Bremen \u2013 \u201e100 % Werder\u201c verschiedene Projekte in unregelm\u00e4\u00dfigen Abst\u00e4nden \u201eProfis in der Schule\u201c Besuch des Weserstadions mit gef\u00fchrter Besichtigungstour Vortr\u00e4ge im Weserstadion durch verschiedene Mitgliedern der F\u00fchrungsebene des Vereins Teilnahme an \u201e100 % Werder\u201c-Turnieren Trainingseinheiten &hellip; Continue reading &rarr;\" \/>\n<meta property=\"og:url\" content=\"https:\/\/gymnasium-nordenham.de\/en\/fach-x-sport-weitere-angebote\/\" \/>\n<meta property=\"og:site_name\" content=\"Gymnasium Nordenham\" \/>\n<meta property=\"article:modified_time\" content=\"2021-10-13T18:34:03+00:00\" \/>\n<meta name=\"twitter:card\" content=\"summary_large_image\" \/>\n<meta name=\"twitter:label1\" content=\"Estimated reading time\" \/>\n\t<meta name=\"twitter:data1\" content=\"1 minute\" \/>\n<script type=\"application\/ld+json\" class=\"yoast-schema-graph\">{\"@context\":\"https:\\\/\\\/schema.org\",\"@graph\":[{\"@type\":\"WebPage\",\"@id\":\"https:\\\/\\\/gymnasium-nordenham.de\\\/fach-x-sport-weitere-angebote\",\"url\":\"https:\\\/\\\/gymnasium-nordenham.de\\\/fach-x-sport-weitere-angebote\",\"name\":\"Sport - Weitere Angebote - Gymnasium Nordenham\",\"isPartOf\":{\"@id\":\"https:\\\/\\\/gymnasium-nordenham.de\\\/#website\"},\"datePublished\":\"2020-04-16T13:11:09+00:00\",\"dateModified\":\"2021-10-13T18:34:03+00:00\",\"breadcrumb\":{\"@id\":\"https:\\\/\\\/gymnasium-nordenham.de\\\/fach-x-sport-weitere-angebote#breadcrumb\"},\"inLanguage\":\"en-GB\",\"potentialAction\":[{\"@type\":\"ReadAction\",\"target\":[\"https:\\\/\\\/gymnasium-nordenham.de\\\/fach-x-sport-weitere-angebote\"]}]},{\"@type\":\"BreadcrumbList\",\"@id\":\"https:\\\/\\\/gymnasium-nordenham.de\\\/fach-x-sport-weitere-angebote#breadcrumb\",\"itemListElement\":[{\"@type\":\"ListItem\",\"position\":1,\"name\":\"Startseite\",\"item\":\"https:\\\/\\\/gymnasium-nordenham.de\\\/\"},{\"@type\":\"ListItem\",\"position\":2,\"name\":\"Sport &#8211; Weitere Angebote\"}]},{\"@type\":\"WebSite\",\"@id\":\"https:\\\/\\\/gymnasium-nordenham.de\\\/#website\",\"url\":\"https:\\\/\\\/gymnasium-nordenham.de\\\/\",\"name\":\"Gymnasium Nordenham\",\"description\":\"Miteinander, voneinander und f\u00fcreinander lernen\",\"potentialAction\":[{\"@type\":\"SearchAction\",\"target\":{\"@type\":\"EntryPoint\",\"urlTemplate\":\"https:\\\/\\\/gymnasium-nordenham.de\\\/?s={search_term_string}\"},\"query-input\":{\"@type\":\"PropertyValueSpecification\",\"valueRequired\":true,\"valueName\":\"search_term_string\"}}],\"inLanguage\":\"en-GB\"}]}<\/script>\n<!-- \/ Yoast SEO plugin. -->","yoast_head_json":{"title":"Sport - Weitere Angebote - Gymnasium Nordenham","robots":{"index":"index","follow":"follow","max-snippet":"max-snippet:-1","max-image-preview":"max-image-preview:large","max-video-preview":"max-video-preview:-1"},"canonical":"https:\/\/gymnasium-nordenham.de\/en\/fach-x-sport-weitere-angebote\/","og_locale":"en_GB","og_type":"article","og_title":"Sport - Weitere Angebote - Gymnasium Nordenham","og_description":"Sport Kooperation mit Werder Bremen \u2013 \u201e100 % Werder\u201c verschiedene Projekte in unregelm\u00e4\u00dfigen Abst\u00e4nden \u201eProfis in der Schule\u201c Besuch des Weserstadions mit gef\u00fchrter Besichtigungstour Vortr\u00e4ge im Weserstadion durch verschiedene Mitgliedern der F\u00fchrungsebene des Vereins Teilnahme an \u201e100 % Werder\u201c-Turnieren Trainingseinheiten &hellip; Continue reading &rarr;","og_url":"https:\/\/gymnasium-nordenham.de\/en\/fach-x-sport-weitere-angebote\/","og_site_name":"Gymnasium Nordenham","article_modified_time":"2021-10-13T18:34:03+00:00","twitter_card":"summary_large_image","twitter_misc":{"Estimated reading time":"1 minute"},"schema":{"@context":"https:\/\/schema.org","@graph":[{"@type":"WebPage","@id":"https:\/\/gymnasium-nordenham.de\/fach-x-sport-weitere-angebote","url":"https:\/\/gymnasium-nordenham.de\/fach-x-sport-weitere-angebote","name":"Sport - Weitere Angebote - Gymnasium Nordenham","isPartOf":{"@id":"https:\/\/gymnasium-nordenham.de\/#website"},"datePublished":"2020-04-16T13:11:09+00:00","dateModified":"2021-10-13T18:34:03+00:00","breadcrumb":{"@id":"https:\/\/gymnasium-nordenham.de\/fach-x-sport-weitere-angebote#breadcrumb"},"inLanguage":"en-GB","potentialAction":[{"@type":"ReadAction","target":["https:\/\/gymnasium-nordenham.de\/fach-x-sport-weitere-angebote"]}]},{"@type":"BreadcrumbList","@id":"https:\/\/gymnasium-nordenham.de\/fach-x-sport-weitere-angebote#breadcrumb","itemListElement":[{"@type":"ListItem","position":1,"name":"Startseite","item":"https:\/\/gymnasium-nordenham.de\/"},{"@type":"ListItem","position":2,"name":"Sport &#8211; Weitere Angebote"}]},{"@type":"WebSite","@id":"https:\/\/gymnasium-nordenham.de\/#website","url":"https:\/\/gymnasium-nordenham.de\/","name":"Gymnasium Nordenham","description":"Miteinander, voneinander und f\u00fcreinander lernen","potentialAction":[{"@type":"SearchAction","target":{"@type":"EntryPoint","urlTemplate":"https:\/\/gymnasium-nordenham.de\/?s={search_term_string}"},"query-input":{"@type":"PropertyValueSpecification","valueRequired":true,"valueName":"search_term_string"}}],"inLanguage":"en-GB"}]}},"_links":{"self":[{"href":"https:\/\/gymnasium-nordenham.de\/en\/wp-json\/wp\/v2\/pages\/1231","targetHints":{"allow":["GET"]}}],"collection":[{"href":"https:\/\/gymnasium-nordenham.de\/en\/wp-json\/wp\/v2\/pages"}],"about":[{"href":"https:\/\/gymnasium-nordenham.de\/en\/wp-json\/wp\/v2\/types\/page"}],"author":[{"embeddable":true,"href":"https:\/\/gymnasium-nordenham.de\/en\/wp-json\/wp\/v2\/users\/4"}],"replies":[{"embeddable":true,"href":"https:\/\/gymnasium-nordenham.de\/en\/wp-json\/wp\/v2\/comments?post=1231"}],"version-history":[{"count":0,"href":"https:\/\/gymnasium-nordenham.de\/en\/wp-json\/wp\/v2\/pages\/1231\/revisions"}],"wp:attachment":[{"href":"https:\/\/gymnasium-nordenham.de\/en\/wp-json\/wp\/v2\/media?parent=1231"}],"curies":[{"name":"wp","href":"https:\/\/api.w.org\/{rel}","templated":true}]}}