{"id":1230,"date":"2020-04-16T15:10:20","date_gmt":"2020-04-16T13:10:20","guid":{"rendered":"https:\/\/gymnasiumnordenhamtest.live-website.com\/?page_id=1230"},"modified":"2020-12-22T07:13:12","modified_gmt":"2020-12-22T06:13:12","slug":"fach-x-sport-klassenarbeiten-und-klausuren","status":"publish","type":"page","link":"https:\/\/gymnasium-nordenham.de\/en\/fach-x-sport-klassenarbeiten-und-klausuren","title":{"rendered":"Sport &#8211; Leistungsfeststellung und Klausuren"},"content":{"rendered":"<div data-elementor-type=\"wp-page\" data-elementor-id=\"1230\" class=\"elementor elementor-1230\" data-elementor-post-type=\"page\">\n\t\t\t\t\t\t<section class=\"elementor-section elementor-top-section elementor-element elementor-element-5257c4b elementor-section-full_width elementor-section-height-default elementor-section-height-default\" data-id=\"5257c4b\" data-element_type=\"section\" data-e-type=\"section\">\n\t\t\t\t\t\t<div class=\"elementor-container elementor-column-gap-default\">\n\t\t\t\t\t<div class=\"elementor-column elementor-col-100 elementor-top-column elementor-element elementor-element-929ce8f\" data-id=\"929ce8f\" data-element_type=\"column\" data-e-type=\"column\" data-settings=\"{&quot;background_background&quot;:&quot;classic&quot;}\">\n\t\t\t<div class=\"elementor-widget-wrap elementor-element-populated\">\n\t\t\t\t\t\t<div class=\"elementor-element elementor-element-de78d44 elementor-widget elementor-widget-heading\" data-id=\"de78d44\" data-element_type=\"widget\" data-e-type=\"widget\" data-widget_type=\"heading.default\">\n\t\t\t\t<div class=\"elementor-widget-container\">\n\t\t\t\t\t<h2 class=\"elementor-heading-title elementor-size-large\">Sport<\/h2>\t\t\t\t<\/div>\n\t\t\t\t<\/div>\n\t\t\t\t\t<\/div>\n\t\t<\/div>\n\t\t\t\t\t<\/div>\n\t\t<\/section>\n\t\t\t\t<section class=\"elementor-section elementor-top-section elementor-element elementor-element-9215942 elementor-section-full_width elementor-section-height-default elementor-section-height-default\" data-id=\"9215942\" data-element_type=\"section\" data-e-type=\"section\">\n\t\t\t\t\t\t<div class=\"elementor-container elementor-column-gap-default\">\n\t\t\t\t\t<div class=\"elementor-column elementor-col-66 elementor-top-column elementor-element elementor-element-bc4bb8e\" data-id=\"bc4bb8e\" data-element_type=\"column\" data-e-type=\"column\">\n\t\t\t<div class=\"elementor-widget-wrap elementor-element-populated\">\n\t\t\t\t\t\t<div class=\"elementor-element elementor-element-0bced0f elementor-widget elementor-widget-text-editor\" data-id=\"0bced0f\" data-element_type=\"widget\" data-e-type=\"widget\" data-widget_type=\"text-editor.default\">\n\t\t\t\t<div class=\"elementor-widget-container\">\n\t\t\t\t\t\t\t\t\t<p style=\"text-align: justify;\"><span style=\"font-size: 12pt; font-family: georgia, palatino, serif;\">Die Leistungsfeststellung erfolgt gem\u00e4\u00df den Kerncurricula in den Bereichen der Sachnorm (Erf\u00fcllung der im KC genannten inhaltsbezogenen und prozessbezogenen Kompetenzen), der Individualnorm (Differenz zwischen der pers\u00f6nlichen Anfangs- und Endleistung unter Ber\u00fccksichtigung pers\u00f6nlicher Ausgangsbedingungen) und der Sozialnorm (Verh\u00e4ltnis der festgestellten Leistung im Vergleich zur gesamten Lerngruppe) (vgl. Nieders\u00e4chsisches Kultusministerium, 2018, S. 50).<\/span><\/p><p style=\"text-align: justify;\"><span style=\"font-size: 12pt; font-family: georgia, palatino, serif;\">In den Schuljahrg\u00e4ngen 5 \u2013 10 sowie in den sportpraktischen Kursen der Einf\u00fchrungsphase (Klasse 11) werden keine schriftlichen Leistungs\u00fcberpr\u00fcfungen (Klassenarbeiten) gefordert; es k\u00f6nnen aber sehr wohl schriftliche Ausarbeitungen, Stundenprotokolle oder Regel\u00fcberpr\u00fcfungen verlangt werden.<\/span><\/p><p style=\"text-align: justify;\"><span style=\"font-size: 12pt; font-family: georgia, palatino, serif;\">Im Fach Sporttheorie in Klasse 11 wird eine Klausur geschrieben.<\/span><\/p><p style=\"text-align: justify;\"><span style=\"font-size: 12pt; font-family: georgia, palatino, serif;\">In den sportpraktischen Kursen der Gymnasialen Oberstufe (Erg\u00e4nzungsfach) wird keine Klausur geschrieben, jedoch k\u00f6nnen schriftliche \u00dcberpr\u00fcfungen (Pr\u00e4sentationen von Erarbeitungen, Regel\u00fcberpr\u00fcfungen, Stundenprotokolle) zur Notenfindung herangezogen werden.<\/span><\/p><p style=\"text-align: justify;\"><span style=\"font-size: 12pt; font-family: georgia, palatino, serif;\">Im Kurs des Pr\u00fcfungsfachs Sport (P5) in der Qualifikationsphase liegen der theoretische und der sportpraktische Teil in der Hand einer Lehrkraft. Es wird pro Schulhalbjahr eine Klausur geschrieben. Die theoretischen und die sportpraktischen Leistungen werden im Verh\u00e4ltnis 1:1 gewichtet, wobei die Klausur 50% der theoretischen Teilnote ausmacht.<\/span><\/p>\t\t\t\t\t\t\t\t<\/div>\n\t\t\t\t<\/div>\n\t\t\t\t\t<\/div>\n\t\t<\/div>\n\t\t\t\t<div class=\"elementor-column elementor-col-33 elementor-top-column elementor-element elementor-element-c25fcbf\" data-id=\"c25fcbf\" data-element_type=\"column\" data-e-type=\"column\">\n\t\t\t<div class=\"elementor-widget-wrap elementor-element-populated\">\n\t\t\t\t\t\t<div class=\"elementor-element elementor-element-497df0a elementor-invisible elementor-widget elementor-widget-wp-widget-nav_menu\" data-id=\"497df0a\" data-element_type=\"widget\" data-e-type=\"widget\" data-settings=\"{&quot;_animation&quot;:&quot;fadeInUp&quot;}\" data-widget_type=\"wp-widget-nav_menu.default\">\n\t\t\t\t<div class=\"elementor-widget-container\">\n\t\t\t\t\t<div class=\"menu-fachmenue-sport-container\"><ul id=\"menu-fachmenue-sport\" class=\"menu\"><li id=\"menu-item-1151\" class=\"menu-item menu-item-type-post_type menu-item-object-page menu-item-1151\"><a href=\"https:\/\/gymnasium-nordenham.de\/en\/fach-x-sport\">Sport am GN<\/a><\/li>\n<li id=\"menu-item-1238\" class=\"menu-item menu-item-type-post_type menu-item-object-page menu-item-1238\"><a href=\"https:\/\/gymnasium-nordenham.de\/en\/fach-x-sport-lehrwerke\">Lehrwerke<\/a><\/li>\n<li id=\"menu-item-1237\" class=\"menu-item menu-item-type-post_type menu-item-object-page menu-item-1237\"><a href=\"https:\/\/gymnasium-nordenham.de\/en\/fach-x-sport-curricula\">Curricula<\/a><\/li>\n<li id=\"menu-item-1236\" class=\"menu-item menu-item-type-post_type menu-item-object-page menu-item-1236\"><a href=\"https:\/\/gymnasium-nordenham.de\/en\/fach-x-sport-klassenarbeiten-und-klausuren\">Leistungsfeststellung und Klausuren<\/a><\/li>\n<li id=\"menu-item-1235\" class=\"menu-item menu-item-type-post_type menu-item-object-page menu-item-1235\"><a href=\"https:\/\/gymnasium-nordenham.de\/en\/fach-x-sport-weitere-angebote\">Weitere Angebote<\/a><\/li>\n<\/ul><\/div>\t\t\t\t<\/div>\n\t\t\t\t<\/div>\n\t\t\t\t\t<\/div>\n\t\t<\/div>\n\t\t\t\t\t<\/div>\n\t\t<\/section>\n\t\t\t\t<\/div>","protected":false},"excerpt":{"rendered":"<p>Sport Die Leistungsfeststellung erfolgt gem\u00e4\u00df den Kerncurricula in den Bereichen der Sachnorm (Erf\u00fcllung der im KC genannten inhaltsbezogenen und prozessbezogenen Kompetenzen), der Individualnorm (Differenz zwischen der pers\u00f6nlichen Anfangs- und Endleistung unter Ber\u00fccksichtigung pers\u00f6nlicher Ausgangsbedingungen) und der Sozialnorm (Verh\u00e4ltnis der festgestellten &hellip; <a href=\"https:\/\/gymnasium-nordenham.de\/en\/fach-x-sport-klassenarbeiten-und-klausuren\">Continue reading <span class=\"meta-nav\">&rarr;<\/span><\/a><\/p>","protected":false},"author":4,"featured_media":0,"parent":0,"menu_order":0,"comment_status":"closed","ping_status":"closed","template":"elementor_header_footer","meta":{"_crdt_document":"","footnotes":""},"class_list":["post-1230","page","type-page","status-publish","hentry"],"yoast_head":"<!-- This site is optimized with the Yoast SEO plugin v27.3 - https:\/\/yoast.com\/product\/yoast-seo-wordpress\/ -->\n<title>Sport - Leistungsfeststellung und Klausuren - Gymnasium Nordenham<\/title>\n<meta name=\"robots\" content=\"index, follow, max-snippet:-1, max-image-preview:large, max-video-preview:-1\" \/>\n<link rel=\"canonical\" href=\"https:\/\/gymnasium-nordenham.de\/en\/fach-x-sport-klassenarbeiten-und-klausuren\/\" \/>\n<meta property=\"og:locale\" content=\"en_GB\" \/>\n<meta property=\"og:type\" content=\"article\" \/>\n<meta property=\"og:title\" content=\"Sport - Leistungsfeststellung und Klausuren - Gymnasium Nordenham\" \/>\n<meta property=\"og:description\" content=\"Sport Die Leistungsfeststellung erfolgt gem\u00e4\u00df den Kerncurricula in den Bereichen der Sachnorm (Erf\u00fcllung der im KC genannten inhaltsbezogenen und prozessbezogenen Kompetenzen), der Individualnorm (Differenz zwischen der pers\u00f6nlichen Anfangs- und Endleistung unter Ber\u00fccksichtigung pers\u00f6nlicher Ausgangsbedingungen) und der Sozialnorm (Verh\u00e4ltnis der festgestellten &hellip; Continue reading &rarr;\" \/>\n<meta property=\"og:url\" content=\"https:\/\/gymnasium-nordenham.de\/en\/fach-x-sport-klassenarbeiten-und-klausuren\/\" \/>\n<meta property=\"og:site_name\" content=\"Gymnasium Nordenham\" \/>\n<meta property=\"article:modified_time\" content=\"2020-12-22T06:13:12+00:00\" \/>\n<meta name=\"twitter:card\" content=\"summary_large_image\" \/>\n<meta name=\"twitter:label1\" content=\"Estimated reading time\" \/>\n\t<meta name=\"twitter:data1\" content=\"1 minute\" \/>\n<script type=\"application\/ld+json\" class=\"yoast-schema-graph\">{\"@context\":\"https:\\\/\\\/schema.org\",\"@graph\":[{\"@type\":\"WebPage\",\"@id\":\"https:\\\/\\\/gymnasium-nordenham.de\\\/fach-x-sport-klassenarbeiten-und-klausuren\",\"url\":\"https:\\\/\\\/gymnasium-nordenham.de\\\/fach-x-sport-klassenarbeiten-und-klausuren\",\"name\":\"Sport - Leistungsfeststellung und Klausuren - Gymnasium Nordenham\",\"isPartOf\":{\"@id\":\"https:\\\/\\\/gymnasium-nordenham.de\\\/#website\"},\"datePublished\":\"2020-04-16T13:10:20+00:00\",\"dateModified\":\"2020-12-22T06:13:12+00:00\",\"breadcrumb\":{\"@id\":\"https:\\\/\\\/gymnasium-nordenham.de\\\/fach-x-sport-klassenarbeiten-und-klausuren#breadcrumb\"},\"inLanguage\":\"en-GB\",\"potentialAction\":[{\"@type\":\"ReadAction\",\"target\":[\"https:\\\/\\\/gymnasium-nordenham.de\\\/fach-x-sport-klassenarbeiten-und-klausuren\"]}]},{\"@type\":\"BreadcrumbList\",\"@id\":\"https:\\\/\\\/gymnasium-nordenham.de\\\/fach-x-sport-klassenarbeiten-und-klausuren#breadcrumb\",\"itemListElement\":[{\"@type\":\"ListItem\",\"position\":1,\"name\":\"Startseite\",\"item\":\"https:\\\/\\\/gymnasium-nordenham.de\\\/\"},{\"@type\":\"ListItem\",\"position\":2,\"name\":\"Sport &#8211; Leistungsfeststellung und Klausuren\"}]},{\"@type\":\"WebSite\",\"@id\":\"https:\\\/\\\/gymnasium-nordenham.de\\\/#website\",\"url\":\"https:\\\/\\\/gymnasium-nordenham.de\\\/\",\"name\":\"Gymnasium Nordenham\",\"description\":\"Miteinander, voneinander und f\u00fcreinander lernen\",\"potentialAction\":[{\"@type\":\"SearchAction\",\"target\":{\"@type\":\"EntryPoint\",\"urlTemplate\":\"https:\\\/\\\/gymnasium-nordenham.de\\\/?s={search_term_string}\"},\"query-input\":{\"@type\":\"PropertyValueSpecification\",\"valueRequired\":true,\"valueName\":\"search_term_string\"}}],\"inLanguage\":\"en-GB\"}]}<\/script>\n<!-- \/ Yoast SEO plugin. -->","yoast_head_json":{"title":"Sport - Leistungsfeststellung und Klausuren - Gymnasium Nordenham","robots":{"index":"index","follow":"follow","max-snippet":"max-snippet:-1","max-image-preview":"max-image-preview:large","max-video-preview":"max-video-preview:-1"},"canonical":"https:\/\/gymnasium-nordenham.de\/en\/fach-x-sport-klassenarbeiten-und-klausuren\/","og_locale":"en_GB","og_type":"article","og_title":"Sport - Leistungsfeststellung und Klausuren - Gymnasium Nordenham","og_description":"Sport Die Leistungsfeststellung erfolgt gem\u00e4\u00df den Kerncurricula in den Bereichen der Sachnorm (Erf\u00fcllung der im KC genannten inhaltsbezogenen und prozessbezogenen Kompetenzen), der Individualnorm (Differenz zwischen der pers\u00f6nlichen Anfangs- und Endleistung unter Ber\u00fccksichtigung pers\u00f6nlicher Ausgangsbedingungen) und der Sozialnorm (Verh\u00e4ltnis der festgestellten &hellip; Continue reading &rarr;","og_url":"https:\/\/gymnasium-nordenham.de\/en\/fach-x-sport-klassenarbeiten-und-klausuren\/","og_site_name":"Gymnasium Nordenham","article_modified_time":"2020-12-22T06:13:12+00:00","twitter_card":"summary_large_image","twitter_misc":{"Estimated reading time":"1 minute"},"schema":{"@context":"https:\/\/schema.org","@graph":[{"@type":"WebPage","@id":"https:\/\/gymnasium-nordenham.de\/fach-x-sport-klassenarbeiten-und-klausuren","url":"https:\/\/gymnasium-nordenham.de\/fach-x-sport-klassenarbeiten-und-klausuren","name":"Sport - Leistungsfeststellung und Klausuren - Gymnasium Nordenham","isPartOf":{"@id":"https:\/\/gymnasium-nordenham.de\/#website"},"datePublished":"2020-04-16T13:10:20+00:00","dateModified":"2020-12-22T06:13:12+00:00","breadcrumb":{"@id":"https:\/\/gymnasium-nordenham.de\/fach-x-sport-klassenarbeiten-und-klausuren#breadcrumb"},"inLanguage":"en-GB","potentialAction":[{"@type":"ReadAction","target":["https:\/\/gymnasium-nordenham.de\/fach-x-sport-klassenarbeiten-und-klausuren"]}]},{"@type":"BreadcrumbList","@id":"https:\/\/gymnasium-nordenham.de\/fach-x-sport-klassenarbeiten-und-klausuren#breadcrumb","itemListElement":[{"@type":"ListItem","position":1,"name":"Startseite","item":"https:\/\/gymnasium-nordenham.de\/"},{"@type":"ListItem","position":2,"name":"Sport &#8211; Leistungsfeststellung und Klausuren"}]},{"@type":"WebSite","@id":"https:\/\/gymnasium-nordenham.de\/#website","url":"https:\/\/gymnasium-nordenham.de\/","name":"Gymnasium Nordenham","description":"Miteinander, voneinander und f\u00fcreinander lernen","potentialAction":[{"@type":"SearchAction","target":{"@type":"EntryPoint","urlTemplate":"https:\/\/gymnasium-nordenham.de\/?s={search_term_string}"},"query-input":{"@type":"PropertyValueSpecification","valueRequired":true,"valueName":"search_term_string"}}],"inLanguage":"en-GB"}]}},"_links":{"self":[{"href":"https:\/\/gymnasium-nordenham.de\/en\/wp-json\/wp\/v2\/pages\/1230","targetHints":{"allow":["GET"]}}],"collection":[{"href":"https:\/\/gymnasium-nordenham.de\/en\/wp-json\/wp\/v2\/pages"}],"about":[{"href":"https:\/\/gymnasium-nordenham.de\/en\/wp-json\/wp\/v2\/types\/page"}],"author":[{"embeddable":true,"href":"https:\/\/gymnasium-nordenham.de\/en\/wp-json\/wp\/v2\/users\/4"}],"replies":[{"embeddable":true,"href":"https:\/\/gymnasium-nordenham.de\/en\/wp-json\/wp\/v2\/comments?post=1230"}],"version-history":[{"count":0,"href":"https:\/\/gymnasium-nordenham.de\/en\/wp-json\/wp\/v2\/pages\/1230\/revisions"}],"wp:attachment":[{"href":"https:\/\/gymnasium-nordenham.de\/en\/wp-json\/wp\/v2\/media?parent=1230"}],"curies":[{"name":"wp","href":"https:\/\/api.w.org\/{rel}","templated":true}]}}