{"id":1224,"date":"2020-04-16T15:08:42","date_gmt":"2020-04-16T13:08:42","guid":{"rendered":"https:\/\/gymnasiumnordenhamtest.live-website.com\/?page_id=1224"},"modified":"2021-10-13T13:46:05","modified_gmt":"2021-10-13T11:46:05","slug":"fach-x-sport-curricula","status":"publish","type":"page","link":"https:\/\/gymnasium-nordenham.de\/en\/fach-x-sport-curricula","title":{"rendered":"Sport &#8211; Curricula"},"content":{"rendered":"<div data-elementor-type=\"wp-page\" data-elementor-id=\"1224\" class=\"elementor elementor-1224\" data-elementor-post-type=\"page\">\n\t\t\t\t\t\t<section class=\"elementor-section elementor-top-section elementor-element elementor-element-5257c4b elementor-section-full_width elementor-section-height-default elementor-section-height-default\" data-id=\"5257c4b\" data-element_type=\"section\" data-e-type=\"section\">\n\t\t\t\t\t\t<div class=\"elementor-container elementor-column-gap-default\">\n\t\t\t\t\t<div class=\"elementor-column elementor-col-100 elementor-top-column elementor-element elementor-element-929ce8f\" data-id=\"929ce8f\" data-element_type=\"column\" data-e-type=\"column\" data-settings=\"{&quot;background_background&quot;:&quot;classic&quot;}\">\n\t\t\t<div class=\"elementor-widget-wrap elementor-element-populated\">\n\t\t\t\t\t\t<div class=\"elementor-element elementor-element-de78d44 elementor-widget elementor-widget-heading\" data-id=\"de78d44\" data-element_type=\"widget\" data-e-type=\"widget\" data-widget_type=\"heading.default\">\n\t\t\t\t<div class=\"elementor-widget-container\">\n\t\t\t\t\t<h2 class=\"elementor-heading-title elementor-size-large\">Sport<\/h2>\t\t\t\t<\/div>\n\t\t\t\t<\/div>\n\t\t\t\t\t<\/div>\n\t\t<\/div>\n\t\t\t\t\t<\/div>\n\t\t<\/section>\n\t\t\t\t<section class=\"elementor-section elementor-top-section elementor-element elementor-element-9215942 elementor-section-full_width elementor-section-height-default elementor-section-height-default\" data-id=\"9215942\" data-element_type=\"section\" data-e-type=\"section\">\n\t\t\t\t\t\t<div class=\"elementor-container elementor-column-gap-default\">\n\t\t\t\t\t<div class=\"elementor-column elementor-col-66 elementor-top-column elementor-element elementor-element-bc4bb8e\" data-id=\"bc4bb8e\" data-element_type=\"column\" data-e-type=\"column\">\n\t\t\t<div class=\"elementor-widget-wrap elementor-element-populated\">\n\t\t\t\t\t\t<div class=\"elementor-element elementor-element-0bced0f elementor-widget elementor-widget-text-editor\" data-id=\"0bced0f\" data-element_type=\"widget\" data-e-type=\"widget\" data-widget_type=\"text-editor.default\">\n\t\t\t\t<div class=\"elementor-widget-container\">\n\t\t\t\t\t\t\t\t\t<p style=\"text-align: justify;\"><span style=\"font-size: 12pt; font-family: georgia, palatino, serif;\"><strong>Curricula<\/strong><\/span><\/p><p style=\"text-align: justify;\"><span style=\"font-size: 12pt; font-family: georgia, palatino, serif;\">Dem Sportunterricht in der Sekundarstufe I (Sek I) sowie in der Gymnasialen Oberstufe (GyO) liegen die Kerncurricula (KC) in der jeweils g\u00fcltigen Form zugrunde:<\/span><\/p><p style=\"text-align: justify;\"><span style=\"font-family: georgia, palatino, serif; font-size: 12pt;\"><a href=\"https:\/\/gymnasium-nordenham.de\/wp-content\/uploads\/2021\/10\/sp_Sek_I_kc_prio.pdf\" target=\"_blank\" rel=\"noopener\">KC Sekundarstufe I mit pandemiebedingten Hinweisen und Priorisierungen,<\/a> <br \/><\/span><\/p><p style=\"text-align: justify;\"><span style=\"font-family: georgia, palatino, serif; font-size: 12pt;\"><a href=\"https:\/\/gymnasium-nordenham.de\/wp-content\/uploads\/2021\/10\/sp_go_kc_druck_2018.pdf\" target=\"_blank\" rel=\"noopener\">KC Gymnasiale Oberstufe<\/a>. \u00a0 <\/span><\/p><p style=\"text-align: justify;\"><span style=\"font-family: georgia, palatino, serif; font-size: 12pt;\">Dar\u00fcber hinaus greifen die Regelungen in den Verordnungen &#8220;Einheitliche Pr\u00fcfungsanforderungen in der Abiturpr\u00fcfung Sport&#8221; sowie die &#8220;Erg\u00e4nzende Bestimmungen f\u00fcr die Abiturpr\u00fcfung&#8221; in Niedersachsen (Sport):<\/span><\/p><p><a href=\"https:\/\/gymnasium-nordenham.de\/wp-content\/uploads\/2021\/10\/1989_12_01-EPA-Sport.pdf\" target=\"_blank\" rel=\"noopener\">EPA Sport Sek II,<\/a><\/p><p><a href=\"https:\/\/gymnasium-nordenham.de\/wp-content\/uploads\/2021\/10\/EPA_EB_Sport_2019_neu.pdf\" target=\"_blank\" rel=\"noopener\">Erg\u00e4nzende Bestimmungen f\u00fcr die Abiturpr\u00fcfung<\/a>.<\/p><p style=\"text-align: justify;\"><span style=\"font-family: georgia, palatino, serif; font-size: 12pt;\">Grunds\u00e4tzliche Regelungen sind ferner in den <a href=\"https:\/\/gymnasium-nordenham.de\/wp-content\/uploads\/2021\/10\/Bestimmungen_fr_den_Schulsport_2020-03-01.pdf\" target=\"_blank\" rel=\"noopener\">Bestimmungen f\u00fcr den Schulsport<\/a> zu finden.<\/span><\/p><p style=\"text-align: justify;\"><span style=\"font-size: 12pt; font-family: georgia, palatino, serif;\">Die Fachgruppe Sport am Gymnasium Nordenham hat f\u00fcr die Klassen 5 bis 10 und die Einf\u00fchrungsphase zur Gymnasialen Oberstufe (Klasse 11) schulinterne Arbeitspl\u00e4ne erstellt, aus denen die jahrgangsbezogenen Bewegungsfelder gem\u00e4\u00df KC sowie die zugeordneten Sportarten erkenntlich sind:<\/span><\/p><p style=\"text-align: justify;\"><span style=\"font-family: georgia, palatino, serif; font-size: 12pt;\"><a href=\"https:\/\/gymnasium-nordenham.de\/wp-content\/uploads\/2020\/04\/Schulinterner-Arbeitsplan-Sp-5-10.pdf\" target=\"_blank\" rel=\"noopener\">Klassen 5 \u2013 10<\/a>,\u00a0 <\/span><\/p><p style=\"text-align: justify;\"><span style=\"font-family: georgia, palatino, serif; font-size: 12pt;\"><a href=\"https:\/\/gymnasium-nordenham.de\/wp-content\/uploads\/2020\/04\/Schulinterner-Arbeitsplan-Sp-11.pdf\" target=\"_blank\" rel=\"noopener\">Klasse 11<\/a>. \u00a0\u00a0\u00a0 \u00a0 \u00a0 \u00a0 <br \/><\/span><\/p>\t\t\t\t\t\t\t\t<\/div>\n\t\t\t\t<\/div>\n\t\t\t\t\t<\/div>\n\t\t<\/div>\n\t\t\t\t<div class=\"elementor-column elementor-col-33 elementor-top-column elementor-element elementor-element-c25fcbf\" data-id=\"c25fcbf\" data-element_type=\"column\" data-e-type=\"column\">\n\t\t\t<div class=\"elementor-widget-wrap elementor-element-populated\">\n\t\t\t\t\t\t<div class=\"elementor-element elementor-element-497df0a elementor-invisible elementor-widget elementor-widget-wp-widget-nav_menu\" data-id=\"497df0a\" data-element_type=\"widget\" data-e-type=\"widget\" data-settings=\"{&quot;_animation&quot;:&quot;fadeInUp&quot;}\" data-widget_type=\"wp-widget-nav_menu.default\">\n\t\t\t\t<div class=\"elementor-widget-container\">\n\t\t\t\t\t<div class=\"menu-fachmenue-sport-container\"><ul id=\"menu-fachmenue-sport\" class=\"menu\"><li id=\"menu-item-1151\" class=\"menu-item menu-item-type-post_type menu-item-object-page menu-item-1151\"><a href=\"https:\/\/gymnasium-nordenham.de\/en\/fach-x-sport\">Sport am GN<\/a><\/li>\n<li id=\"menu-item-1238\" class=\"menu-item menu-item-type-post_type menu-item-object-page menu-item-1238\"><a href=\"https:\/\/gymnasium-nordenham.de\/en\/fach-x-sport-lehrwerke\">Lehrwerke<\/a><\/li>\n<li id=\"menu-item-1237\" class=\"menu-item menu-item-type-post_type menu-item-object-page menu-item-1237\"><a href=\"https:\/\/gymnasium-nordenham.de\/en\/fach-x-sport-curricula\">Curricula<\/a><\/li>\n<li id=\"menu-item-1236\" class=\"menu-item menu-item-type-post_type menu-item-object-page menu-item-1236\"><a href=\"https:\/\/gymnasium-nordenham.de\/en\/fach-x-sport-klassenarbeiten-und-klausuren\">Leistungsfeststellung und Klausuren<\/a><\/li>\n<li id=\"menu-item-1235\" class=\"menu-item menu-item-type-post_type menu-item-object-page menu-item-1235\"><a href=\"https:\/\/gymnasium-nordenham.de\/en\/fach-x-sport-weitere-angebote\">Weitere Angebote<\/a><\/li>\n<\/ul><\/div>\t\t\t\t<\/div>\n\t\t\t\t<\/div>\n\t\t\t\t\t<\/div>\n\t\t<\/div>\n\t\t\t\t\t<\/div>\n\t\t<\/section>\n\t\t\t\t<\/div>","protected":false},"excerpt":{"rendered":"<p>Sport Curricula Dem Sportunterricht in der Sekundarstufe I (Sek I) sowie in der Gymnasialen Oberstufe (GyO) liegen die Kerncurricula (KC) in der jeweils g\u00fcltigen Form zugrunde: KC Sekundarstufe I mit pandemiebedingten Hinweisen und Priorisierungen, KC Gymnasiale Oberstufe. \u00a0 Dar\u00fcber hinaus &hellip; <a href=\"https:\/\/gymnasium-nordenham.de\/en\/fach-x-sport-curricula\">Continue reading <span class=\"meta-nav\">&rarr;<\/span><\/a><\/p>","protected":false},"author":4,"featured_media":0,"parent":0,"menu_order":0,"comment_status":"closed","ping_status":"closed","template":"elementor_header_footer","meta":{"_crdt_document":"","footnotes":""},"class_list":["post-1224","page","type-page","status-publish","hentry"],"yoast_head":"<!-- This site is optimized with the Yoast SEO plugin v27.3 - https:\/\/yoast.com\/product\/yoast-seo-wordpress\/ -->\n<title>Sport - Curricula - Gymnasium Nordenham<\/title>\n<meta name=\"robots\" content=\"index, follow, max-snippet:-1, max-image-preview:large, max-video-preview:-1\" \/>\n<link rel=\"canonical\" href=\"https:\/\/gymnasium-nordenham.de\/en\/fach-x-sport-curricula\/\" \/>\n<meta property=\"og:locale\" content=\"en_GB\" \/>\n<meta property=\"og:type\" content=\"article\" \/>\n<meta property=\"og:title\" content=\"Sport - Curricula - Gymnasium Nordenham\" \/>\n<meta property=\"og:description\" content=\"Sport Curricula Dem Sportunterricht in der Sekundarstufe I (Sek I) sowie in der Gymnasialen Oberstufe (GyO) liegen die Kerncurricula (KC) in der jeweils g\u00fcltigen Form zugrunde: KC Sekundarstufe I mit pandemiebedingten Hinweisen und Priorisierungen, KC Gymnasiale Oberstufe. \u00a0 Dar\u00fcber hinaus &hellip; Continue reading &rarr;\" \/>\n<meta property=\"og:url\" content=\"https:\/\/gymnasium-nordenham.de\/en\/fach-x-sport-curricula\/\" \/>\n<meta property=\"og:site_name\" content=\"Gymnasium Nordenham\" \/>\n<meta property=\"article:modified_time\" content=\"2021-10-13T11:46:05+00:00\" \/>\n<meta name=\"twitter:card\" content=\"summary_large_image\" \/>\n<meta name=\"twitter:label1\" content=\"Estimated reading time\" \/>\n\t<meta name=\"twitter:data1\" content=\"1 minute\" \/>\n<script type=\"application\/ld+json\" class=\"yoast-schema-graph\">{\"@context\":\"https:\\\/\\\/schema.org\",\"@graph\":[{\"@type\":\"WebPage\",\"@id\":\"https:\\\/\\\/gymnasium-nordenham.de\\\/fach-x-sport-curricula\",\"url\":\"https:\\\/\\\/gymnasium-nordenham.de\\\/fach-x-sport-curricula\",\"name\":\"Sport - Curricula - Gymnasium Nordenham\",\"isPartOf\":{\"@id\":\"https:\\\/\\\/gymnasium-nordenham.de\\\/#website\"},\"datePublished\":\"2020-04-16T13:08:42+00:00\",\"dateModified\":\"2021-10-13T11:46:05+00:00\",\"breadcrumb\":{\"@id\":\"https:\\\/\\\/gymnasium-nordenham.de\\\/fach-x-sport-curricula#breadcrumb\"},\"inLanguage\":\"en-GB\",\"potentialAction\":[{\"@type\":\"ReadAction\",\"target\":[\"https:\\\/\\\/gymnasium-nordenham.de\\\/fach-x-sport-curricula\"]}]},{\"@type\":\"BreadcrumbList\",\"@id\":\"https:\\\/\\\/gymnasium-nordenham.de\\\/fach-x-sport-curricula#breadcrumb\",\"itemListElement\":[{\"@type\":\"ListItem\",\"position\":1,\"name\":\"Startseite\",\"item\":\"https:\\\/\\\/gymnasium-nordenham.de\\\/\"},{\"@type\":\"ListItem\",\"position\":2,\"name\":\"Sport &#8211; Curricula\"}]},{\"@type\":\"WebSite\",\"@id\":\"https:\\\/\\\/gymnasium-nordenham.de\\\/#website\",\"url\":\"https:\\\/\\\/gymnasium-nordenham.de\\\/\",\"name\":\"Gymnasium Nordenham\",\"description\":\"Miteinander, voneinander und f\u00fcreinander lernen\",\"potentialAction\":[{\"@type\":\"SearchAction\",\"target\":{\"@type\":\"EntryPoint\",\"urlTemplate\":\"https:\\\/\\\/gymnasium-nordenham.de\\\/?s={search_term_string}\"},\"query-input\":{\"@type\":\"PropertyValueSpecification\",\"valueRequired\":true,\"valueName\":\"search_term_string\"}}],\"inLanguage\":\"en-GB\"}]}<\/script>\n<!-- \/ Yoast SEO plugin. -->","yoast_head_json":{"title":"Sport - Curricula - Gymnasium Nordenham","robots":{"index":"index","follow":"follow","max-snippet":"max-snippet:-1","max-image-preview":"max-image-preview:large","max-video-preview":"max-video-preview:-1"},"canonical":"https:\/\/gymnasium-nordenham.de\/en\/fach-x-sport-curricula\/","og_locale":"en_GB","og_type":"article","og_title":"Sport - Curricula - Gymnasium Nordenham","og_description":"Sport Curricula Dem Sportunterricht in der Sekundarstufe I (Sek I) sowie in der Gymnasialen Oberstufe (GyO) liegen die Kerncurricula (KC) in der jeweils g\u00fcltigen Form zugrunde: KC Sekundarstufe I mit pandemiebedingten Hinweisen und Priorisierungen, KC Gymnasiale Oberstufe. \u00a0 Dar\u00fcber hinaus &hellip; Continue reading &rarr;","og_url":"https:\/\/gymnasium-nordenham.de\/en\/fach-x-sport-curricula\/","og_site_name":"Gymnasium Nordenham","article_modified_time":"2021-10-13T11:46:05+00:00","twitter_card":"summary_large_image","twitter_misc":{"Estimated reading time":"1 minute"},"schema":{"@context":"https:\/\/schema.org","@graph":[{"@type":"WebPage","@id":"https:\/\/gymnasium-nordenham.de\/fach-x-sport-curricula","url":"https:\/\/gymnasium-nordenham.de\/fach-x-sport-curricula","name":"Sport - Curricula - Gymnasium Nordenham","isPartOf":{"@id":"https:\/\/gymnasium-nordenham.de\/#website"},"datePublished":"2020-04-16T13:08:42+00:00","dateModified":"2021-10-13T11:46:05+00:00","breadcrumb":{"@id":"https:\/\/gymnasium-nordenham.de\/fach-x-sport-curricula#breadcrumb"},"inLanguage":"en-GB","potentialAction":[{"@type":"ReadAction","target":["https:\/\/gymnasium-nordenham.de\/fach-x-sport-curricula"]}]},{"@type":"BreadcrumbList","@id":"https:\/\/gymnasium-nordenham.de\/fach-x-sport-curricula#breadcrumb","itemListElement":[{"@type":"ListItem","position":1,"name":"Startseite","item":"https:\/\/gymnasium-nordenham.de\/"},{"@type":"ListItem","position":2,"name":"Sport &#8211; Curricula"}]},{"@type":"WebSite","@id":"https:\/\/gymnasium-nordenham.de\/#website","url":"https:\/\/gymnasium-nordenham.de\/","name":"Gymnasium Nordenham","description":"Miteinander, voneinander und f\u00fcreinander lernen","potentialAction":[{"@type":"SearchAction","target":{"@type":"EntryPoint","urlTemplate":"https:\/\/gymnasium-nordenham.de\/?s={search_term_string}"},"query-input":{"@type":"PropertyValueSpecification","valueRequired":true,"valueName":"search_term_string"}}],"inLanguage":"en-GB"}]}},"_links":{"self":[{"href":"https:\/\/gymnasium-nordenham.de\/en\/wp-json\/wp\/v2\/pages\/1224","targetHints":{"allow":["GET"]}}],"collection":[{"href":"https:\/\/gymnasium-nordenham.de\/en\/wp-json\/wp\/v2\/pages"}],"about":[{"href":"https:\/\/gymnasium-nordenham.de\/en\/wp-json\/wp\/v2\/types\/page"}],"author":[{"embeddable":true,"href":"https:\/\/gymnasium-nordenham.de\/en\/wp-json\/wp\/v2\/users\/4"}],"replies":[{"embeddable":true,"href":"https:\/\/gymnasium-nordenham.de\/en\/wp-json\/wp\/v2\/comments?post=1224"}],"version-history":[{"count":0,"href":"https:\/\/gymnasium-nordenham.de\/en\/wp-json\/wp\/v2\/pages\/1224\/revisions"}],"wp:attachment":[{"href":"https:\/\/gymnasium-nordenham.de\/en\/wp-json\/wp\/v2\/media?parent=1224"}],"curies":[{"name":"wp","href":"https:\/\/api.w.org\/{rel}","templated":true}]}}