{"id":1149,"date":"2020-04-16T10:55:41","date_gmt":"2020-04-16T08:55:41","guid":{"rendered":"https:\/\/gymnasiumnordenhamtest.live-website.com\/?page_id=1149"},"modified":"2021-01-12T19:43:13","modified_gmt":"2021-01-12T18:43:13","slug":"fach-x-sport","status":"publish","type":"page","link":"https:\/\/gymnasium-nordenham.de\/en\/fach-x-sport","title":{"rendered":"Sport am GN"},"content":{"rendered":"\t\t<div data-elementor-type=\"wp-page\" data-elementor-id=\"1149\" class=\"elementor elementor-1149\" data-elementor-post-type=\"page\">\n\t\t\t\t\t\t<section class=\"elementor-section elementor-top-section elementor-element elementor-element-5257c4b elementor-section-full_width elementor-section-height-default elementor-section-height-default\" data-id=\"5257c4b\" data-element_type=\"section\" data-e-type=\"section\">\n\t\t\t\t\t\t<div class=\"elementor-container elementor-column-gap-default\">\n\t\t\t\t\t<div class=\"elementor-column elementor-col-100 elementor-top-column elementor-element elementor-element-929ce8f\" data-id=\"929ce8f\" data-element_type=\"column\" data-e-type=\"column\" data-settings=\"{&quot;background_background&quot;:&quot;classic&quot;}\">\n\t\t\t<div class=\"elementor-widget-wrap elementor-element-populated\">\n\t\t\t\t\t\t<div class=\"elementor-element elementor-element-de78d44 elementor-widget elementor-widget-heading\" data-id=\"de78d44\" data-element_type=\"widget\" data-e-type=\"widget\" data-widget_type=\"heading.default\">\n\t\t\t\t<div class=\"elementor-widget-container\">\n\t\t\t\t\t<h2 class=\"elementor-heading-title elementor-size-large\">Sport<\/h2>\t\t\t\t<\/div>\n\t\t\t\t<\/div>\n\t\t\t\t\t<\/div>\n\t\t<\/div>\n\t\t\t\t\t<\/div>\n\t\t<\/section>\n\t\t\t\t<section class=\"elementor-section elementor-top-section elementor-element elementor-element-9215942 elementor-section-full_width elementor-section-height-default elementor-section-height-default\" data-id=\"9215942\" data-element_type=\"section\" data-e-type=\"section\">\n\t\t\t\t\t\t<div class=\"elementor-container elementor-column-gap-default\">\n\t\t\t\t\t<div class=\"elementor-column elementor-col-66 elementor-top-column elementor-element elementor-element-bc4bb8e\" data-id=\"bc4bb8e\" data-element_type=\"column\" data-e-type=\"column\">\n\t\t\t<div class=\"elementor-widget-wrap elementor-element-populated\">\n\t\t\t\t\t\t<div class=\"elementor-element elementor-element-b021368 elementor-widget elementor-widget-image\" data-id=\"b021368\" data-element_type=\"widget\" data-e-type=\"widget\" data-widget_type=\"image.default\">\n\t\t\t\t<div class=\"elementor-widget-container\">\n\t\t\t\t\t\t\t\t\t\t\t\t\t\t\t<img fetchpriority=\"high\" decoding=\"async\" width=\"640\" height=\"335\" src=\"https:\/\/gymnasium-nordenham.de\/wp-content\/uploads\/2021\/01\/Titel-Sport.jpg\" class=\"attachment-large size-large wp-image-5405\" alt=\"\" srcset=\"https:\/\/gymnasium-nordenham.de\/wp-content\/uploads\/2021\/01\/Titel-Sport.jpg 914w, https:\/\/gymnasium-nordenham.de\/wp-content\/uploads\/2021\/01\/Titel-Sport-300x157.jpg 300w, https:\/\/gymnasium-nordenham.de\/wp-content\/uploads\/2021\/01\/Titel-Sport-768x402.jpg 768w\" sizes=\"(max-width: 640px) 100vw, 640px\" \/>\t\t\t\t\t\t\t\t\t\t\t\t\t\t\t<\/div>\n\t\t\t\t<\/div>\n\t\t\t\t<div class=\"elementor-element elementor-element-0bced0f elementor-widget elementor-widget-text-editor\" data-id=\"0bced0f\" data-element_type=\"widget\" data-e-type=\"widget\" data-widget_type=\"text-editor.default\">\n\t\t\t\t<div class=\"elementor-widget-container\">\n\t\t\t\t\t\t\t\t\t<p style=\"text-align: justify;\"><span style=\"font-size: 12pt; font-family: georgia, palatino, serif;\"><b>Grunds\u00e4tzliches<\/b><\/span><\/p><p style=\"text-align: justify;\"><span style=\"font-size: 12pt; font-family: georgia, palatino, serif;\">Es gelten f\u00fcr alle sportlichen Unterrichte und Unternehmungen am Gymnasium Nordenham die Ausf\u00fchrungen zum \u201eBildungsbeitrag des Faches Sport\u201c im Kerncurriculum f\u00fcr die Schulformen des Sekundarbereichs I, Schuljahrg\u00e4nge 5 \u2013 10 (Nieders\u00e4chsisches Kultusministerium, 2017, S. 5 \u2013 6) und des Kerncurriculum f\u00fcr das Gymnasium [\u2026] (Nieders\u00e4chsisches Kultusministerium, 2018, S. 5 \u2013 6) sowie die Kerncurricula, Erg\u00e4nzende Bestimmungen und Verordnungen im jeweils aktuellen Wortlaut.<\/span><\/p><p style=\"text-align: justify;\"><span style=\"font-size: 12pt; font-family: georgia, palatino, serif;\">Insbesondere weisen wir darauf hin, dass \u201eder Schulsport [\u2026] nicht nur aus dem Unterrichtsfach Sport [besteht], sondern auch aus dem au\u00dferunterrichtlichen Bewegungs-, Spiel- und Sportangebot der Schule [\u2026]\u201c (ebd., 2017, S. 6.). Hierzu geh\u00f6rt zum Beispiel \u201edie Kooperation mit Sportvereinen, Sportfachverb\u00e4nden sowie die Talentsichtung und -f\u00f6rderung\u201c (ebd.).<\/span><\/p><p style=\"text-align: justify;\"><span style=\"font-size: 12pt; font-family: georgia, palatino, serif;\"><b>Sportanlagen<\/b><\/span><\/p><p style=\"text-align: justify;\"><span style=\"font-size: 12pt; font-family: georgia, palatino, serif;\">Die \u00e4u\u00dferen Bedingungen f\u00fcr das Fach Sport am Gymnasium Nordenham sind umfassend. Neben schuleigenen Turn- und Gymnastikhallen auf dem Schulgel\u00e4nde nutzen wir die \u201eSporthalle Mitte\u201c (eine dreiteilig teilbare Halle mit Trib\u00fcnenbereich), die daran befindlichen Au\u00dfenanlagen des \u201eStadions am Plaatweg\u201c (Fu\u00dfballfeld mit 400 m Laufbahn, Sprung- und Wurfgruben, Streetball-Court, Outdoor-Handballfeld und Kunstrasenplatz in Fu\u00dfballfeldgr\u00f6\u00dfe), die \u201eSporthalle S\u00fcd\u201c (zweiteilige Halle) sowie das \u201eSt\u00f6rtebeker-Bad\u201c in zugeteilten Zeitfenstern.<\/span><\/p><p style=\"text-align: justify;\"><span style=\"font-size: 12pt; font-family: georgia, palatino, serif;\">Im Winter steht allen Nordenhamer Schulen auf Antrag die \u00f6ffentliche Eislaufbahn zur Verf\u00fcgung.<\/span><\/p><p style=\"text-align: justify;\"><span style=\"font-size: 12pt; font-family: georgia, palatino, serif;\">F\u00fcr das allgemeine Bewegungsangebot finden sich auf dem Schulgel\u00e4nde ein Bolzplatz, zahlreiche Tischtennistische au\u00dfen und innen, Kleinfeld-Fu\u00dfballtore, Streetball-K\u00f6rbe und eine Kletterpyramide.<\/span><\/p><p style=\"text-align: justify;\"><span style=\"font-size: 12pt; font-family: georgia, palatino, serif;\"><b>Turniere und Sportspiele<\/b><\/span><\/p><p style=\"text-align: justify;\"><span style=\"font-size: 12pt; font-family: georgia, palatino, serif;\">In jedem Schuljahr finden neben dem regul\u00e4ren Sportunterricht f\u00fcr die einzelnen Klassenstufen spezielle Sporttage statt. Das k\u00f6nnen Turniere in den Ballsportarten sein, oder es finden Spielefeste statt.<\/span><\/p><p style=\"text-align: justify;\"><span style=\"font-size: 12pt; font-family: georgia, palatino, serif;\">F\u00fcr die 5. Klassen gibt es bereits am zweiten Schultag ein V\u00f6lkerball-Turnier, um auch das Kennenlernen und Zusammenwachsen in den neuen Klassengemeinschaften zu f\u00f6rdern, und es findet gegen Ende des 5. Schuljahres ein Schwimmfest statt. Die 6.\u00a0Klassen haben ein \u201eRosenmontagsturnier\u201c, an dem im Floorball, V\u00f6lkerball und in einer Jux-Staffel gek\u00e4mpft wird und wo es abschlie\u00dfend bei der Siegerehrung auch einen Preis f\u00fcr die kreativste Kost\u00fcmierung gibt. Die 7.\u00a0Klassen spielen ein Tchoukball-Turnier und die 8.\u00a0Klassen ermitteln den Jahrgangssieger im Basketball. F\u00fcr die 9.\u00a0und 10.\u00a0Klassen richtet unsere Sch\u00fclervertretung (SV) ein \u201eBeach-Turnier\u201c am Nordenhamer Weserstrand in den Disziplinen \u201eBeach-Volleyball\u201c, \u201eBeach-Fu\u00dfball\u201c und \u201eBeach-V\u00f6lkerball\u201c aus. <\/span><\/p><p style=\"text-align: justify;\"><span style=\"font-size: 12pt; font-family: georgia, palatino, serif;\"><b>Sportabzeichentage<\/b><\/span><\/p><p style=\"text-align: justify;\"><span style=\"font-size: 12pt; font-family: georgia, palatino, serif;\">In regelm\u00e4\u00dfigen Abst\u00e4nden (angestrebt ist einmal pro Schuljahr) finden Sportabzeichentage des Gymnasiums im \u201eStadion am Plaatweg\u201c und im \u201eSt\u00f6rtebeker-Bad\u201c statt. F\u00fcr die 5. bis 10. Klassen ist das Sportabzeichen eine sportliche Herausforderung, die gerne angenommen wird. Gemeinsam mit Pr\u00fcfern und freiwilligen Helfern des Sportvereins Nordenham (SVN) werden die Wettk\u00e4mpfe von den Sportlehrkr\u00e4ften des Gymnasiums, zusammen mit Vertretern der Schulelternschaft, organisiert. Die vier geforderten sportmotorischen F\u00e4higkeiten und Fertigkeiten (Ausdauer, Schnelligkeit, Kraft, Koordination) werden in der Regel unter optimalen Bedingungen gepr\u00fcft und attestiert.<\/span><\/p><p style=\"text-align: justify;\"><span style=\"font-size: 12pt; font-family: georgia, palatino, serif;\">Im Sportunterricht besteht dar\u00fcber hinaus die M\u00f6glichkeit, noch nicht absolvierte Disziplinen erfolgreich zu erg\u00e4nzen.<\/span><\/p><p style=\"text-align: justify;\"><span style=\"font-size: 12pt; font-family: georgia, palatino, serif;\">\u201e<b>Jugend trainiert f\u00fcr Olympia\u201c und andere \u00fcberregionale Wettbewerbe<\/b><\/span><\/p><p style=\"text-align: justify;\"><span style=\"font-size: 12pt; font-family: georgia, palatino, serif;\">Im Volleyball, Fu\u00dfball, Tennis und Turnen nehmen unsere Schulmannschaften an den Wettbewerben im Rahmen von \u201eJugend trainiert f\u00fcr Olympia\u201c (JtfO) seit Jahren erfolgreich teil. <\/span><\/p><p style=\"text-align: justify;\"><span style=\"font-size: 12pt; font-family: georgia, palatino, serif;\">Unsere Floorball-Schulmannschaften haben in den vergangenen Jahren immer an der Bezirkentscheiden im Floorball-Schulcup teilgenommen. Im Jahr 2019 ist es unserer Mannschaft in der Wertungsklasse 2 (Geburtsjahrg\u00e4nge 2002 bis 2004) erstmals gelungen, die Landesmeisterschaft zu erringen, was die Qualifikation f\u00fcr das Bundesfinale in Berlin bedeutete. Dort hat unser Team den 7. Platz unter 11 qualifizierten Mannschaften erreicht.<\/span><\/p>\t\t\t\t\t\t\t\t<\/div>\n\t\t\t\t<\/div>\n\t\t\t\t\t<\/div>\n\t\t<\/div>\n\t\t\t\t<div class=\"elementor-column elementor-col-33 elementor-top-column elementor-element elementor-element-c25fcbf\" data-id=\"c25fcbf\" data-element_type=\"column\" data-e-type=\"column\">\n\t\t\t<div class=\"elementor-widget-wrap elementor-element-populated\">\n\t\t\t\t\t\t<div class=\"elementor-element elementor-element-497df0a elementor-invisible elementor-widget elementor-widget-wp-widget-nav_menu\" data-id=\"497df0a\" data-element_type=\"widget\" data-e-type=\"widget\" data-settings=\"{&quot;_animation&quot;:&quot;fadeInUp&quot;}\" data-widget_type=\"wp-widget-nav_menu.default\">\n\t\t\t\t<div class=\"elementor-widget-container\">\n\t\t\t\t\t<div class=\"menu-fachmenue-sport-container\"><ul id=\"menu-fachmenue-sport\" class=\"menu\"><li id=\"menu-item-1151\" class=\"menu-item menu-item-type-post_type menu-item-object-page menu-item-1151\"><a href=\"https:\/\/gymnasium-nordenham.de\/en\/fach-x-sport\">Sport am GN<\/a><\/li>\n<li id=\"menu-item-1238\" class=\"menu-item menu-item-type-post_type menu-item-object-page menu-item-1238\"><a href=\"https:\/\/gymnasium-nordenham.de\/en\/fach-x-sport-lehrwerke\">Lehrwerke<\/a><\/li>\n<li id=\"menu-item-1237\" class=\"menu-item menu-item-type-post_type menu-item-object-page menu-item-1237\"><a href=\"https:\/\/gymnasium-nordenham.de\/en\/fach-x-sport-curricula\">Curricula<\/a><\/li>\n<li id=\"menu-item-1236\" class=\"menu-item menu-item-type-post_type menu-item-object-page menu-item-1236\"><a href=\"https:\/\/gymnasium-nordenham.de\/en\/fach-x-sport-klassenarbeiten-und-klausuren\">Leistungsfeststellung und Klausuren<\/a><\/li>\n<li id=\"menu-item-1235\" class=\"menu-item menu-item-type-post_type menu-item-object-page menu-item-1235\"><a href=\"https:\/\/gymnasium-nordenham.de\/en\/fach-x-sport-weitere-angebote\">Weitere Angebote<\/a><\/li>\n<\/ul><\/div>\t\t\t\t<\/div>\n\t\t\t\t<\/div>\n\t\t\t\t\t<\/div>\n\t\t<\/div>\n\t\t\t\t\t<\/div>\n\t\t<\/section>\n\t\t\t\t<\/div>\n\t\t","protected":false},"excerpt":{"rendered":"<p>Sport Grunds\u00e4tzliches Es gelten f\u00fcr alle sportlichen Unterrichte und Unternehmungen am Gymnasium Nordenham die Ausf\u00fchrungen zum \u201eBildungsbeitrag des Faches Sport\u201c im Kerncurriculum f\u00fcr die Schulformen des Sekundarbereichs I, Schuljahrg\u00e4nge 5 \u2013 10 (Nieders\u00e4chsisches Kultusministerium, 2017, S. 5 \u2013 6) und &hellip; <a href=\"https:\/\/gymnasium-nordenham.de\/en\/fach-x-sport\">Continue reading <span class=\"meta-nav\">&rarr;<\/span><\/a><\/p>","protected":false},"author":4,"featured_media":0,"parent":0,"menu_order":0,"comment_status":"closed","ping_status":"closed","template":"elementor_header_footer","meta":{"_crdt_document":"","footnotes":""},"class_list":["post-1149","page","type-page","status-publish","hentry"],"yoast_head":"<!-- This site is optimized with the Yoast SEO plugin v27.3 - https:\/\/yoast.com\/product\/yoast-seo-wordpress\/ -->\n<title>Sport am GN - Gymnasium Nordenham<\/title>\n<meta name=\"robots\" content=\"index, follow, max-snippet:-1, max-image-preview:large, max-video-preview:-1\" \/>\n<link rel=\"canonical\" href=\"https:\/\/gymnasium-nordenham.de\/en\/fach-x-sport\/\" \/>\n<meta property=\"og:locale\" content=\"en_GB\" \/>\n<meta property=\"og:type\" content=\"article\" \/>\n<meta property=\"og:title\" content=\"Sport am GN - Gymnasium Nordenham\" \/>\n<meta property=\"og:description\" content=\"Sport Grunds\u00e4tzliches Es gelten f\u00fcr alle sportlichen Unterrichte und Unternehmungen am Gymnasium Nordenham die Ausf\u00fchrungen zum \u201eBildungsbeitrag des Faches Sport\u201c im Kerncurriculum f\u00fcr die Schulformen des Sekundarbereichs I, Schuljahrg\u00e4nge 5 \u2013 10 (Nieders\u00e4chsisches Kultusministerium, 2017, S. 5 \u2013 6) und &hellip; Continue reading &rarr;\" \/>\n<meta property=\"og:url\" content=\"https:\/\/gymnasium-nordenham.de\/en\/fach-x-sport\/\" \/>\n<meta property=\"og:site_name\" content=\"Gymnasium Nordenham\" \/>\n<meta property=\"article:modified_time\" content=\"2021-01-12T18:43:13+00:00\" \/>\n<meta property=\"og:image\" content=\"https:\/\/gymnasium-nordenham.de\/wp-content\/uploads\/2021\/01\/Titel-Sport.jpg\" \/>\n<meta name=\"twitter:card\" content=\"summary_large_image\" \/>\n<meta name=\"twitter:label1\" content=\"Estimated reading time\" \/>\n\t<meta name=\"twitter:data1\" content=\"3 minutes\" \/>\n<script type=\"application\/ld+json\" class=\"yoast-schema-graph\">{\"@context\":\"https:\\\/\\\/schema.org\",\"@graph\":[{\"@type\":\"WebPage\",\"@id\":\"https:\\\/\\\/gymnasium-nordenham.de\\\/fach-x-sport\",\"url\":\"https:\\\/\\\/gymnasium-nordenham.de\\\/fach-x-sport\",\"name\":\"Sport am GN - Gymnasium Nordenham\",\"isPartOf\":{\"@id\":\"https:\\\/\\\/gymnasium-nordenham.de\\\/#website\"},\"primaryImageOfPage\":{\"@id\":\"https:\\\/\\\/gymnasium-nordenham.de\\\/fach-x-sport#primaryimage\"},\"image\":{\"@id\":\"https:\\\/\\\/gymnasium-nordenham.de\\\/fach-x-sport#primaryimage\"},\"thumbnailUrl\":\"https:\\\/\\\/gymnasium-nordenham.de\\\/wp-content\\\/uploads\\\/2021\\\/01\\\/Titel-Sport.jpg\",\"datePublished\":\"2020-04-16T08:55:41+00:00\",\"dateModified\":\"2021-01-12T18:43:13+00:00\",\"breadcrumb\":{\"@id\":\"https:\\\/\\\/gymnasium-nordenham.de\\\/fach-x-sport#breadcrumb\"},\"inLanguage\":\"en-GB\",\"potentialAction\":[{\"@type\":\"ReadAction\",\"target\":[\"https:\\\/\\\/gymnasium-nordenham.de\\\/fach-x-sport\"]}]},{\"@type\":\"ImageObject\",\"inLanguage\":\"en-GB\",\"@id\":\"https:\\\/\\\/gymnasium-nordenham.de\\\/fach-x-sport#primaryimage\",\"url\":\"https:\\\/\\\/gymnasium-nordenham.de\\\/wp-content\\\/uploads\\\/2021\\\/01\\\/Titel-Sport.jpg\",\"contentUrl\":\"https:\\\/\\\/gymnasium-nordenham.de\\\/wp-content\\\/uploads\\\/2021\\\/01\\\/Titel-Sport.jpg\"},{\"@type\":\"BreadcrumbList\",\"@id\":\"https:\\\/\\\/gymnasium-nordenham.de\\\/fach-x-sport#breadcrumb\",\"itemListElement\":[{\"@type\":\"ListItem\",\"position\":1,\"name\":\"Startseite\",\"item\":\"https:\\\/\\\/gymnasium-nordenham.de\\\/\"},{\"@type\":\"ListItem\",\"position\":2,\"name\":\"Sport am GN\"}]},{\"@type\":\"WebSite\",\"@id\":\"https:\\\/\\\/gymnasium-nordenham.de\\\/#website\",\"url\":\"https:\\\/\\\/gymnasium-nordenham.de\\\/\",\"name\":\"Gymnasium Nordenham\",\"description\":\"Miteinander, voneinander und f\u00fcreinander lernen\",\"potentialAction\":[{\"@type\":\"SearchAction\",\"target\":{\"@type\":\"EntryPoint\",\"urlTemplate\":\"https:\\\/\\\/gymnasium-nordenham.de\\\/?s={search_term_string}\"},\"query-input\":{\"@type\":\"PropertyValueSpecification\",\"valueRequired\":true,\"valueName\":\"search_term_string\"}}],\"inLanguage\":\"en-GB\"}]}<\/script>\n<!-- \/ Yoast SEO plugin. -->","yoast_head_json":{"title":"Sport am GN - Gymnasium Nordenham","robots":{"index":"index","follow":"follow","max-snippet":"max-snippet:-1","max-image-preview":"max-image-preview:large","max-video-preview":"max-video-preview:-1"},"canonical":"https:\/\/gymnasium-nordenham.de\/en\/fach-x-sport\/","og_locale":"en_GB","og_type":"article","og_title":"Sport am GN - Gymnasium Nordenham","og_description":"Sport Grunds\u00e4tzliches Es gelten f\u00fcr alle sportlichen Unterrichte und Unternehmungen am Gymnasium Nordenham die Ausf\u00fchrungen zum \u201eBildungsbeitrag des Faches Sport\u201c im Kerncurriculum f\u00fcr die Schulformen des Sekundarbereichs I, Schuljahrg\u00e4nge 5 \u2013 10 (Nieders\u00e4chsisches Kultusministerium, 2017, S. 5 \u2013 6) und &hellip; Continue reading &rarr;","og_url":"https:\/\/gymnasium-nordenham.de\/en\/fach-x-sport\/","og_site_name":"Gymnasium Nordenham","article_modified_time":"2021-01-12T18:43:13+00:00","og_image":[{"url":"https:\/\/gymnasium-nordenham.de\/wp-content\/uploads\/2021\/01\/Titel-Sport.jpg","type":"","width":"","height":""}],"twitter_card":"summary_large_image","twitter_misc":{"Estimated reading time":"3 minutes"},"schema":{"@context":"https:\/\/schema.org","@graph":[{"@type":"WebPage","@id":"https:\/\/gymnasium-nordenham.de\/fach-x-sport","url":"https:\/\/gymnasium-nordenham.de\/fach-x-sport","name":"Sport am GN - Gymnasium Nordenham","isPartOf":{"@id":"https:\/\/gymnasium-nordenham.de\/#website"},"primaryImageOfPage":{"@id":"https:\/\/gymnasium-nordenham.de\/fach-x-sport#primaryimage"},"image":{"@id":"https:\/\/gymnasium-nordenham.de\/fach-x-sport#primaryimage"},"thumbnailUrl":"https:\/\/gymnasium-nordenham.de\/wp-content\/uploads\/2021\/01\/Titel-Sport.jpg","datePublished":"2020-04-16T08:55:41+00:00","dateModified":"2021-01-12T18:43:13+00:00","breadcrumb":{"@id":"https:\/\/gymnasium-nordenham.de\/fach-x-sport#breadcrumb"},"inLanguage":"en-GB","potentialAction":[{"@type":"ReadAction","target":["https:\/\/gymnasium-nordenham.de\/fach-x-sport"]}]},{"@type":"ImageObject","inLanguage":"en-GB","@id":"https:\/\/gymnasium-nordenham.de\/fach-x-sport#primaryimage","url":"https:\/\/gymnasium-nordenham.de\/wp-content\/uploads\/2021\/01\/Titel-Sport.jpg","contentUrl":"https:\/\/gymnasium-nordenham.de\/wp-content\/uploads\/2021\/01\/Titel-Sport.jpg"},{"@type":"BreadcrumbList","@id":"https:\/\/gymnasium-nordenham.de\/fach-x-sport#breadcrumb","itemListElement":[{"@type":"ListItem","position":1,"name":"Startseite","item":"https:\/\/gymnasium-nordenham.de\/"},{"@type":"ListItem","position":2,"name":"Sport am GN"}]},{"@type":"WebSite","@id":"https:\/\/gymnasium-nordenham.de\/#website","url":"https:\/\/gymnasium-nordenham.de\/","name":"Gymnasium Nordenham","description":"Miteinander, voneinander und f\u00fcreinander lernen","potentialAction":[{"@type":"SearchAction","target":{"@type":"EntryPoint","urlTemplate":"https:\/\/gymnasium-nordenham.de\/?s={search_term_string}"},"query-input":{"@type":"PropertyValueSpecification","valueRequired":true,"valueName":"search_term_string"}}],"inLanguage":"en-GB"}]}},"_links":{"self":[{"href":"https:\/\/gymnasium-nordenham.de\/en\/wp-json\/wp\/v2\/pages\/1149","targetHints":{"allow":["GET"]}}],"collection":[{"href":"https:\/\/gymnasium-nordenham.de\/en\/wp-json\/wp\/v2\/pages"}],"about":[{"href":"https:\/\/gymnasium-nordenham.de\/en\/wp-json\/wp\/v2\/types\/page"}],"author":[{"embeddable":true,"href":"https:\/\/gymnasium-nordenham.de\/en\/wp-json\/wp\/v2\/users\/4"}],"replies":[{"embeddable":true,"href":"https:\/\/gymnasium-nordenham.de\/en\/wp-json\/wp\/v2\/comments?post=1149"}],"version-history":[{"count":0,"href":"https:\/\/gymnasium-nordenham.de\/en\/wp-json\/wp\/v2\/pages\/1149\/revisions"}],"wp:attachment":[{"href":"https:\/\/gymnasium-nordenham.de\/en\/wp-json\/wp\/v2\/media?parent=1149"}],"curies":[{"name":"wp","href":"https:\/\/api.w.org\/{rel}","templated":true}]}}