{"id":1098,"date":"2020-04-16T08:45:41","date_gmt":"2020-04-16T06:45:41","guid":{"rendered":"https:\/\/gymnasiumnordenhamtest.live-website.com\/?page_id=1098"},"modified":"2020-12-23T00:44:40","modified_gmt":"2020-12-22T23:44:40","slug":"fach-x-biologie","status":"publish","type":"page","link":"https:\/\/gymnasium-nordenham.de\/en\/fach-x-biologie","title":{"rendered":"Biologie am GN"},"content":{"rendered":"<div data-elementor-type=\"wp-page\" data-elementor-id=\"1098\" class=\"elementor elementor-1098\" data-elementor-post-type=\"page\">\n\t\t\t\t\t\t<section class=\"elementor-section elementor-top-section elementor-element elementor-element-5257c4b elementor-section-full_width elementor-section-height-default elementor-section-height-default\" data-id=\"5257c4b\" data-element_type=\"section\" data-e-type=\"section\">\n\t\t\t\t\t\t<div class=\"elementor-container elementor-column-gap-default\">\n\t\t\t\t\t<div class=\"elementor-column elementor-col-100 elementor-top-column elementor-element elementor-element-929ce8f\" data-id=\"929ce8f\" data-element_type=\"column\" data-e-type=\"column\" data-settings=\"{&quot;background_background&quot;:&quot;classic&quot;}\">\n\t\t\t<div class=\"elementor-widget-wrap elementor-element-populated\">\n\t\t\t\t\t\t<div class=\"elementor-element elementor-element-de78d44 elementor-widget elementor-widget-heading\" data-id=\"de78d44\" data-element_type=\"widget\" data-e-type=\"widget\" data-widget_type=\"heading.default\">\n\t\t\t\t<div class=\"elementor-widget-container\">\n\t\t\t\t\t<h2 class=\"elementor-heading-title elementor-size-large\">Biologie<\/h2>\t\t\t\t<\/div>\n\t\t\t\t<\/div>\n\t\t\t\t\t<\/div>\n\t\t<\/div>\n\t\t\t\t\t<\/div>\n\t\t<\/section>\n\t\t\t\t<section class=\"elementor-section elementor-top-section elementor-element elementor-element-9215942 elementor-section-full_width elementor-section-height-default elementor-section-height-default\" data-id=\"9215942\" data-element_type=\"section\" data-e-type=\"section\">\n\t\t\t\t\t\t<div class=\"elementor-container elementor-column-gap-default\">\n\t\t\t\t\t<div class=\"elementor-column elementor-col-66 elementor-top-column elementor-element elementor-element-bc4bb8e\" data-id=\"bc4bb8e\" data-element_type=\"column\" data-e-type=\"column\">\n\t\t\t<div class=\"elementor-widget-wrap elementor-element-populated\">\n\t\t\t\t\t\t<div class=\"elementor-element elementor-element-abd80e7 elementor-widget elementor-widget-image\" data-id=\"abd80e7\" data-element_type=\"widget\" data-e-type=\"widget\" data-widget_type=\"image.default\">\n\t\t\t\t<div class=\"elementor-widget-container\">\n\t\t\t\t\t\t\t\t\t\t\t\t\t\t\t<img decoding=\"async\" src=\"https:\/\/gymnasium-nordenham.de\/wp-content\/uploads\/elementor\/thumbs\/P1020661-scaled-p09hv70usbwwsoq4aumpkr6vn67hjb6zmvr8rx2ilc.jpeg\" title=\"P1020661\" alt=\"P1020661\" loading=\"lazy\" \/>\t\t\t\t\t\t\t\t\t\t\t\t\t\t\t<\/div>\n\t\t\t\t<\/div>\n\t\t\t\t<div class=\"elementor-element elementor-element-0bced0f elementor-widget elementor-widget-text-editor\" data-id=\"0bced0f\" data-element_type=\"widget\" data-e-type=\"widget\" data-widget_type=\"text-editor.default\">\n\t\t\t\t<div class=\"elementor-widget-container\">\n\t\t\t\t\t\t\t\t\t<p><span style=\"font-size: 12pt; font-family: georgia, palatino, serif;\">Der Beitrag der Biologie zur Welterschlie\u00dfung geht \u00fcber die f\u00fcr alle Naturwissenschaften g\u00fcltigen Aspekte der <em>Scientific Literacy <\/em>hinaus. Die Ann\u00e4herung an das Ph\u00e4nomen des Lebendigen tr\u00e4gt wesentlich zum Selbstverst\u00e4ndnis des Menschen als lebendiges Wesen und als Teil der lebendigen Natur bei. Das Verst\u00e4ndnis der Vielfalt genetischer und modifikatorischer Faktoren, die individuelles Leben kennzeichnen, f\u00f6rdert die Wahrnehmung der eigenen Einmaligkeit wie auch die Achtung von anderen Lebewesen. Biologische Ph\u00e4nomene k\u00f6nnen in verschiedenen Systemebenen (z. B. Zelle, Organismus, Population, \u00d6kosystem, Biosph\u00e4re) und im Hinblick auf deren Wechselwirkungen sowie ihrer Evolutionsgeschichte betrachtet werden.<\/span><\/p><p><span style=\"font-size: 12pt; font-family: georgia, palatino, serif;\"> Ein Verst\u00e4ndnis von biologischen Systemen erfordert zwischen den verschiedenen Systemen gedanklich zu wechseln und unterschiedliche Perspektiven einzunehmen. Damit gelingt es, im Biologieunterricht in besonderem Ma\u00dfe multiperspektivisches und systemisches Denken gleicherma\u00dfen zu entwickeln. Mit dem zunehmenden Einsatz molekularbiologischer, biochemischer, physikalischer und informationstechnischer Methoden sind die Erkenntnisse in der Biologie erheblich angestiegen. Der Biologieunterricht muss dem Rechnung tragen, indem er den Sch\u00fclerinnen und Sch\u00fclern auf der Basis eines soliden Grundwissens gezielt Einblicke in Teildisziplinen verschafft. Zum einen ist Wissen notwendig, welches f\u00fcr den verantwortungsvollen Umgang mit sich, dem sozialen Umfeld und zur aktiven Teilnahme an der Gesellschaft von Bedeutung ist. So er\u00f6ffnet der Biologieunterricht den Sch\u00fclerinnen und Sch\u00fclern u. a. faszinierende Einblicke in Bau und Funktion des eigenen K\u00f6rpers und leistet damit einen wichtigen Beitrag zur Gesundheitserziehung. Zum anderen ist auch Wissen unerl\u00e4sslich, das den Aufbau eines strukturierten Verst\u00e4ndnisses f\u00fcr biologische Ph\u00e4nomene erlaubt und im Wesentlichen auf grundlegenden biologischen Prinzipien sowie auf Kenntnissen und Methoden der Biologie und der anderen Naturwissenschaften fu\u00dft. <\/span><\/p><p><span style=\"font-size: 12pt; font-family: georgia, palatino, serif;\">Der Biologieunterricht erm\u00f6glicht den Sch\u00fclerinnen und Sch\u00fclern die originale Begegnung mit der Natur. Sie verstehen die wechselseitige Abh\u00e4ngigkeit von Mensch und Umwelt und werden f\u00fcr einen verant-wortungsvollen Umgang mit der Natur sensibilisiert. Prim\u00e4re Naturerfahrungen k\u00f6nnen einen wesentli-chen Beitrag zur Wertsch\u00e4tzung und Erhaltung der biologischen Vielfalt leisten und die Bewertungskompetenz f\u00fcr \u00f6kologische, \u00f6konomische und sozial tragf\u00e4hige Entscheidungen anbahnen. Das Entstehen negativer Vorurteile kann korrigiert und \u00e4sthetisches Empfinden geweckt werden. Die Erkenntnisse der Biowissenschaften f\u00fchren zu Perspektiven und Anwendungen, die uns Menschen als Teil und als Gestalter der Natur betreffen. <\/span><\/p><p><span style=\"font-size: 12pt; font-family: georgia, palatino, serif;\">Zunehmend beeinflussen sie auch politische Entscheidungen und ber\u00fchren und ver\u00e4ndern damit die Fundamente des Wertesystems der Gesellschaft. Ein wesentliches Ziel des Biologieunterrichts ist es, den Sch\u00fclerinnen und Sch\u00fclern diese Erkenntnisse und Entwicklungen durchschaubar und verst\u00e4ndlich zu machen und sie zur Teilhabe zu bef\u00e4higen. Der Unterricht im Fach Biologie tr\u00e4gt dar\u00fcber hinaus dazu bei, den im Nieders\u00e4chsischen Schulgesetz formulierten Bildungsauftrag umzusetzen, und thematisiert auch die Vielfalt sexueller Identit\u00e4ten.<\/span><\/p>\t\t\t\t\t\t\t\t<\/div>\n\t\t\t\t<\/div>\n\t\t\t\t\t<\/div>\n\t\t<\/div>\n\t\t\t\t<div class=\"elementor-column elementor-col-33 elementor-top-column elementor-element elementor-element-c25fcbf\" data-id=\"c25fcbf\" data-element_type=\"column\" data-e-type=\"column\">\n\t\t\t<div class=\"elementor-widget-wrap elementor-element-populated\">\n\t\t\t\t\t\t<div class=\"elementor-element elementor-element-497df0a elementor-invisible elementor-widget elementor-widget-wp-widget-nav_menu\" data-id=\"497df0a\" data-element_type=\"widget\" data-e-type=\"widget\" data-settings=\"{&quot;_animation&quot;:&quot;fadeInUp&quot;}\" data-widget_type=\"wp-widget-nav_menu.default\">\n\t\t\t\t<div class=\"elementor-widget-container\">\n\t\t\t\t\t<div class=\"menu-fachmenue-biologie-container\"><ul id=\"menu-fachmenue-biologie\" class=\"menu\"><li id=\"menu-item-1115\" class=\"menu-item menu-item-type-post_type menu-item-object-page menu-item-1115\"><a href=\"https:\/\/gymnasium-nordenham.de\/en\/fach-x-biologie\">Biologie am GN<\/a><\/li>\n<li id=\"menu-item-1111\" class=\"menu-item menu-item-type-post_type menu-item-object-page menu-item-1111\"><a href=\"https:\/\/gymnasium-nordenham.de\/en\/fach-x-biologie-lehrwerke\">Lehrwerke<\/a><\/li>\n<li id=\"menu-item-1113\" class=\"menu-item menu-item-type-post_type menu-item-object-page menu-item-1113\"><a href=\"https:\/\/gymnasium-nordenham.de\/en\/fach-x-biologie-curricula\">Curricula<\/a><\/li>\n<li id=\"menu-item-1112\" class=\"menu-item menu-item-type-post_type menu-item-object-page menu-item-1112\"><a href=\"https:\/\/gymnasium-nordenham.de\/en\/fach-x-biologie-klassenarbeiten-und-klausuren\">Klassenarbeiten und Klausuren<\/a><\/li>\n<li id=\"menu-item-1110\" class=\"menu-item menu-item-type-post_type menu-item-object-page menu-item-1110\"><a href=\"https:\/\/gymnasium-nordenham.de\/en\/fach-x-biologie-weitere-angebote\">Weitere Angebote<\/a><\/li>\n<\/ul><\/div>\t\t\t\t<\/div>\n\t\t\t\t<\/div>\n\t\t\t\t\t<\/div>\n\t\t<\/div>\n\t\t\t\t\t<\/div>\n\t\t<\/section>\n\t\t\t\t<\/div>","protected":false},"excerpt":{"rendered":"<p>Biologie Der Beitrag der Biologie zur Welterschlie\u00dfung geht \u00fcber die f\u00fcr alle Naturwissenschaften g\u00fcltigen Aspekte der Scientific Literacy hinaus. Die Ann\u00e4herung an das Ph\u00e4nomen des Lebendigen tr\u00e4gt wesentlich zum Selbstverst\u00e4ndnis des Menschen als lebendiges Wesen und als Teil der lebendigen &hellip; <a href=\"https:\/\/gymnasium-nordenham.de\/en\/fach-x-biologie\">Continue reading <span class=\"meta-nav\">&rarr;<\/span><\/a><\/p>","protected":false},"author":4,"featured_media":0,"parent":0,"menu_order":0,"comment_status":"closed","ping_status":"closed","template":"elementor_header_footer","meta":{"_crdt_document":"","footnotes":""},"class_list":["post-1098","page","type-page","status-publish","hentry"],"yoast_head":"<!-- This site is optimized with the Yoast SEO plugin v27.3 - https:\/\/yoast.com\/product\/yoast-seo-wordpress\/ -->\n<title>Biologie am GN - Gymnasium Nordenham<\/title>\n<meta name=\"robots\" content=\"index, follow, max-snippet:-1, max-image-preview:large, max-video-preview:-1\" \/>\n<link rel=\"canonical\" href=\"https:\/\/gymnasium-nordenham.de\/en\/fach-x-biologie\/\" \/>\n<meta property=\"og:locale\" content=\"en_GB\" \/>\n<meta property=\"og:type\" content=\"article\" \/>\n<meta property=\"og:title\" content=\"Biologie am GN - Gymnasium Nordenham\" \/>\n<meta property=\"og:description\" content=\"Biologie Der Beitrag der Biologie zur Welterschlie\u00dfung geht \u00fcber die f\u00fcr alle Naturwissenschaften g\u00fcltigen Aspekte der Scientific Literacy hinaus. Die Ann\u00e4herung an das Ph\u00e4nomen des Lebendigen tr\u00e4gt wesentlich zum Selbstverst\u00e4ndnis des Menschen als lebendiges Wesen und als Teil der lebendigen &hellip; Continue reading &rarr;\" \/>\n<meta property=\"og:url\" content=\"https:\/\/gymnasium-nordenham.de\/en\/fach-x-biologie\/\" \/>\n<meta property=\"og:site_name\" content=\"Gymnasium Nordenham\" \/>\n<meta property=\"article:modified_time\" content=\"2020-12-22T23:44:40+00:00\" \/>\n<meta property=\"og:image\" content=\"https:\/\/gymnasium-nordenham.de\/wp-content\/uploads\/elementor\/thumbs\/P1020661-scaled-p09hv70usbwwsoq4aumpkr6vn67hjb6zmvr8rx2ilc.jpeg\" \/>\n<meta name=\"twitter:card\" content=\"summary_large_image\" \/>\n<meta name=\"twitter:label1\" content=\"Estimated reading time\" \/>\n\t<meta name=\"twitter:data1\" content=\"2 minutes\" \/>\n<script type=\"application\/ld+json\" class=\"yoast-schema-graph\">{\"@context\":\"https:\\\/\\\/schema.org\",\"@graph\":[{\"@type\":\"WebPage\",\"@id\":\"https:\\\/\\\/gymnasium-nordenham.de\\\/fach-x-biologie\",\"url\":\"https:\\\/\\\/gymnasium-nordenham.de\\\/fach-x-biologie\",\"name\":\"Biologie am GN - Gymnasium Nordenham\",\"isPartOf\":{\"@id\":\"https:\\\/\\\/gymnasium-nordenham.de\\\/#website\"},\"primaryImageOfPage\":{\"@id\":\"https:\\\/\\\/gymnasium-nordenham.de\\\/fach-x-biologie#primaryimage\"},\"image\":{\"@id\":\"https:\\\/\\\/gymnasium-nordenham.de\\\/fach-x-biologie#primaryimage\"},\"thumbnailUrl\":\"https:\\\/\\\/gymnasium-nordenham.de\\\/wp-content\\\/uploads\\\/elementor\\\/thumbs\\\/P1020661-scaled-p09hv70usbwwsoq4aumpkr6vn67hjb6zmvr8rx2ilc.jpeg\",\"datePublished\":\"2020-04-16T06:45:41+00:00\",\"dateModified\":\"2020-12-22T23:44:40+00:00\",\"breadcrumb\":{\"@id\":\"https:\\\/\\\/gymnasium-nordenham.de\\\/fach-x-biologie#breadcrumb\"},\"inLanguage\":\"en-GB\",\"potentialAction\":[{\"@type\":\"ReadAction\",\"target\":[\"https:\\\/\\\/gymnasium-nordenham.de\\\/fach-x-biologie\"]}]},{\"@type\":\"ImageObject\",\"inLanguage\":\"en-GB\",\"@id\":\"https:\\\/\\\/gymnasium-nordenham.de\\\/fach-x-biologie#primaryimage\",\"url\":\"https:\\\/\\\/gymnasium-nordenham.de\\\/wp-content\\\/uploads\\\/elementor\\\/thumbs\\\/P1020661-scaled-p09hv70usbwwsoq4aumpkr6vn67hjb6zmvr8rx2ilc.jpeg\",\"contentUrl\":\"https:\\\/\\\/gymnasium-nordenham.de\\\/wp-content\\\/uploads\\\/elementor\\\/thumbs\\\/P1020661-scaled-p09hv70usbwwsoq4aumpkr6vn67hjb6zmvr8rx2ilc.jpeg\"},{\"@type\":\"BreadcrumbList\",\"@id\":\"https:\\\/\\\/gymnasium-nordenham.de\\\/fach-x-biologie#breadcrumb\",\"itemListElement\":[{\"@type\":\"ListItem\",\"position\":1,\"name\":\"Startseite\",\"item\":\"https:\\\/\\\/gymnasium-nordenham.de\\\/\"},{\"@type\":\"ListItem\",\"position\":2,\"name\":\"Biologie am GN\"}]},{\"@type\":\"WebSite\",\"@id\":\"https:\\\/\\\/gymnasium-nordenham.de\\\/#website\",\"url\":\"https:\\\/\\\/gymnasium-nordenham.de\\\/\",\"name\":\"Gymnasium Nordenham\",\"description\":\"Miteinander, voneinander und f\u00fcreinander lernen\",\"potentialAction\":[{\"@type\":\"SearchAction\",\"target\":{\"@type\":\"EntryPoint\",\"urlTemplate\":\"https:\\\/\\\/gymnasium-nordenham.de\\\/?s={search_term_string}\"},\"query-input\":{\"@type\":\"PropertyValueSpecification\",\"valueRequired\":true,\"valueName\":\"search_term_string\"}}],\"inLanguage\":\"en-GB\"}]}<\/script>\n<!-- \/ Yoast SEO plugin. -->","yoast_head_json":{"title":"Biologie am GN - Gymnasium Nordenham","robots":{"index":"index","follow":"follow","max-snippet":"max-snippet:-1","max-image-preview":"max-image-preview:large","max-video-preview":"max-video-preview:-1"},"canonical":"https:\/\/gymnasium-nordenham.de\/en\/fach-x-biologie\/","og_locale":"en_GB","og_type":"article","og_title":"Biologie am GN - Gymnasium Nordenham","og_description":"Biologie Der Beitrag der Biologie zur Welterschlie\u00dfung geht \u00fcber die f\u00fcr alle Naturwissenschaften g\u00fcltigen Aspekte der Scientific Literacy hinaus. Die Ann\u00e4herung an das Ph\u00e4nomen des Lebendigen tr\u00e4gt wesentlich zum Selbstverst\u00e4ndnis des Menschen als lebendiges Wesen und als Teil der lebendigen &hellip; Continue reading &rarr;","og_url":"https:\/\/gymnasium-nordenham.de\/en\/fach-x-biologie\/","og_site_name":"Gymnasium Nordenham","article_modified_time":"2020-12-22T23:44:40+00:00","og_image":[{"url":"https:\/\/gymnasium-nordenham.de\/wp-content\/uploads\/elementor\/thumbs\/P1020661-scaled-p09hv70usbwwsoq4aumpkr6vn67hjb6zmvr8rx2ilc.jpeg","type":"","width":"","height":""}],"twitter_card":"summary_large_image","twitter_misc":{"Estimated reading time":"2 minutes"},"schema":{"@context":"https:\/\/schema.org","@graph":[{"@type":"WebPage","@id":"https:\/\/gymnasium-nordenham.de\/fach-x-biologie","url":"https:\/\/gymnasium-nordenham.de\/fach-x-biologie","name":"Biologie am GN - Gymnasium Nordenham","isPartOf":{"@id":"https:\/\/gymnasium-nordenham.de\/#website"},"primaryImageOfPage":{"@id":"https:\/\/gymnasium-nordenham.de\/fach-x-biologie#primaryimage"},"image":{"@id":"https:\/\/gymnasium-nordenham.de\/fach-x-biologie#primaryimage"},"thumbnailUrl":"https:\/\/gymnasium-nordenham.de\/wp-content\/uploads\/elementor\/thumbs\/P1020661-scaled-p09hv70usbwwsoq4aumpkr6vn67hjb6zmvr8rx2ilc.jpeg","datePublished":"2020-04-16T06:45:41+00:00","dateModified":"2020-12-22T23:44:40+00:00","breadcrumb":{"@id":"https:\/\/gymnasium-nordenham.de\/fach-x-biologie#breadcrumb"},"inLanguage":"en-GB","potentialAction":[{"@type":"ReadAction","target":["https:\/\/gymnasium-nordenham.de\/fach-x-biologie"]}]},{"@type":"ImageObject","inLanguage":"en-GB","@id":"https:\/\/gymnasium-nordenham.de\/fach-x-biologie#primaryimage","url":"https:\/\/gymnasium-nordenham.de\/wp-content\/uploads\/elementor\/thumbs\/P1020661-scaled-p09hv70usbwwsoq4aumpkr6vn67hjb6zmvr8rx2ilc.jpeg","contentUrl":"https:\/\/gymnasium-nordenham.de\/wp-content\/uploads\/elementor\/thumbs\/P1020661-scaled-p09hv70usbwwsoq4aumpkr6vn67hjb6zmvr8rx2ilc.jpeg"},{"@type":"BreadcrumbList","@id":"https:\/\/gymnasium-nordenham.de\/fach-x-biologie#breadcrumb","itemListElement":[{"@type":"ListItem","position":1,"name":"Startseite","item":"https:\/\/gymnasium-nordenham.de\/"},{"@type":"ListItem","position":2,"name":"Biologie am GN"}]},{"@type":"WebSite","@id":"https:\/\/gymnasium-nordenham.de\/#website","url":"https:\/\/gymnasium-nordenham.de\/","name":"Gymnasium Nordenham","description":"Miteinander, voneinander und f\u00fcreinander lernen","potentialAction":[{"@type":"SearchAction","target":{"@type":"EntryPoint","urlTemplate":"https:\/\/gymnasium-nordenham.de\/?s={search_term_string}"},"query-input":{"@type":"PropertyValueSpecification","valueRequired":true,"valueName":"search_term_string"}}],"inLanguage":"en-GB"}]}},"_links":{"self":[{"href":"https:\/\/gymnasium-nordenham.de\/en\/wp-json\/wp\/v2\/pages\/1098","targetHints":{"allow":["GET"]}}],"collection":[{"href":"https:\/\/gymnasium-nordenham.de\/en\/wp-json\/wp\/v2\/pages"}],"about":[{"href":"https:\/\/gymnasium-nordenham.de\/en\/wp-json\/wp\/v2\/types\/page"}],"author":[{"embeddable":true,"href":"https:\/\/gymnasium-nordenham.de\/en\/wp-json\/wp\/v2\/users\/4"}],"replies":[{"embeddable":true,"href":"https:\/\/gymnasium-nordenham.de\/en\/wp-json\/wp\/v2\/comments?post=1098"}],"version-history":[{"count":0,"href":"https:\/\/gymnasium-nordenham.de\/en\/wp-json\/wp\/v2\/pages\/1098\/revisions"}],"wp:attachment":[{"href":"https:\/\/gymnasium-nordenham.de\/en\/wp-json\/wp\/v2\/media?parent=1098"}],"curies":[{"name":"wp","href":"https:\/\/api.w.org\/{rel}","templated":true}]}}