{"id":1044,"date":"2020-02-02T19:28:21","date_gmt":"2020-02-02T18:28:21","guid":{"rendered":"https:\/\/gymnasiumnordenhamtest.live-website.com\/?page_id=1044"},"modified":"2025-11-19T14:28:06","modified_gmt":"2025-11-19T13:28:06","slug":"schuelervertretung-ersatz","status":"publish","type":"page","link":"https:\/\/gymnasium-nordenham.de\/en\/schuelervertretung-ersatz","title":{"rendered":"Sch\u00fclervertretung"},"content":{"rendered":"<div data-elementor-type=\"wp-page\" data-elementor-id=\"1044\" class=\"elementor elementor-1044\" data-elementor-post-type=\"page\">\n\t\t\t\t\t\t<section class=\"elementor-section elementor-top-section elementor-element elementor-element-5257c4b elementor-section-full_width elementor-section-height-default elementor-section-height-default\" data-id=\"5257c4b\" data-element_type=\"section\" data-e-type=\"section\">\n\t\t\t\t\t\t<div class=\"elementor-container elementor-column-gap-default\">\n\t\t\t\t\t<div class=\"elementor-column elementor-col-100 elementor-top-column elementor-element elementor-element-929ce8f\" data-id=\"929ce8f\" data-element_type=\"column\" data-e-type=\"column\" data-settings=\"{&quot;background_background&quot;:&quot;classic&quot;}\">\n\t\t\t<div class=\"elementor-widget-wrap elementor-element-populated\">\n\t\t\t\t\t\t<div class=\"elementor-element elementor-element-de78d44 elementor-widget elementor-widget-heading\" data-id=\"de78d44\" data-element_type=\"widget\" data-e-type=\"widget\" data-widget_type=\"heading.default\">\n\t\t\t\t<div class=\"elementor-widget-container\">\n\t\t\t\t\t<h2 class=\"elementor-heading-title elementor-size-large\">Die Sch\u00fclervertretung<\/h2>\t\t\t\t<\/div>\n\t\t\t\t<\/div>\n\t\t\t\t\t<\/div>\n\t\t<\/div>\n\t\t\t\t\t<\/div>\n\t\t<\/section>\n\t\t\t\t<section class=\"elementor-section elementor-top-section elementor-element elementor-element-9215942 elementor-section-full_width elementor-section-height-default elementor-section-height-default\" data-id=\"9215942\" data-element_type=\"section\" data-e-type=\"section\">\n\t\t\t\t\t\t<div class=\"elementor-container elementor-column-gap-default\">\n\t\t\t\t\t<div class=\"elementor-column elementor-col-66 elementor-top-column elementor-element elementor-element-bc4bb8e\" data-id=\"bc4bb8e\" data-element_type=\"column\" data-e-type=\"column\">\n\t\t\t<div class=\"elementor-widget-wrap elementor-element-populated\">\n\t\t\t\t\t\t<div class=\"elementor-element elementor-element-5d5a36b elementor-widget elementor-widget-heading\" data-id=\"5d5a36b\" data-element_type=\"widget\" data-e-type=\"widget\" data-widget_type=\"heading.default\">\n\t\t\t\t<div class=\"elementor-widget-container\">\n\t\t\t\t\t<h2 class=\"elementor-heading-title elementor-size-default\">Unsere Sch\u00fclervertretung<\/h2>\t\t\t\t<\/div>\n\t\t\t\t<\/div>\n\t\t\t\t<section class=\"elementor-section elementor-inner-section elementor-element elementor-element-b4d81a6 elementor-section-full_width elementor-section-height-default elementor-section-height-default\" data-id=\"b4d81a6\" data-element_type=\"section\" data-e-type=\"section\">\n\t\t\t\t\t\t<div class=\"elementor-container elementor-column-gap-default\">\n\t\t\t\t\t<div class=\"elementor-column elementor-col-50 elementor-inner-column elementor-element elementor-element-abb5ded\" data-id=\"abb5ded\" data-element_type=\"column\" data-e-type=\"column\">\n\t\t\t<div class=\"elementor-widget-wrap elementor-element-populated\">\n\t\t\t\t\t\t<div class=\"elementor-element elementor-element-7411698 elementor-widget__width-initial elementor-widget elementor-widget-image\" data-id=\"7411698\" data-element_type=\"widget\" data-e-type=\"widget\" data-widget_type=\"image.default\">\n\t\t\t\t<div class=\"elementor-widget-container\">\n\t\t\t\t\t\t\t\t\t\t\t\t\t\t\t<img fetchpriority=\"high\" decoding=\"async\" width=\"724\" height=\"1024\" src=\"https:\/\/gymnasium-nordenham.de\/wp-content\/uploads\/2025\/11\/Organigramm-SV2025-1-1-724x1024.jpg\" class=\"attachment-large size-large wp-image-14206\" alt=\"\" srcset=\"https:\/\/gymnasium-nordenham.de\/wp-content\/uploads\/2025\/11\/Organigramm-SV2025-1-1-724x1024.jpg 724w, https:\/\/gymnasium-nordenham.de\/wp-content\/uploads\/2025\/11\/Organigramm-SV2025-1-1-212x300.jpg 212w, https:\/\/gymnasium-nordenham.de\/wp-content\/uploads\/2025\/11\/Organigramm-SV2025-1-1-768x1086.jpg 768w, https:\/\/gymnasium-nordenham.de\/wp-content\/uploads\/2025\/11\/Organigramm-SV2025-1-1-1086x1536.jpg 1086w, https:\/\/gymnasium-nordenham.de\/wp-content\/uploads\/2025\/11\/Organigramm-SV2025-1-1-1448x2048.jpg 1448w, https:\/\/gymnasium-nordenham.de\/wp-content\/uploads\/2025\/11\/Organigramm-SV2025-1-1-8x12.jpg 8w, https:\/\/gymnasium-nordenham.de\/wp-content\/uploads\/2025\/11\/Organigramm-SV2025-1-1-scaled.jpg 1811w\" sizes=\"(max-width: 724px) 100vw, 724px\" \/>\t\t\t\t\t\t\t\t\t\t\t\t\t\t\t<\/div>\n\t\t\t\t<\/div>\n\t\t\t\t\t<\/div>\n\t\t<\/div>\n\t\t\t\t<div class=\"elementor-column elementor-col-50 elementor-inner-column elementor-element elementor-element-9ef2d8d\" data-id=\"9ef2d8d\" data-element_type=\"column\" data-e-type=\"column\">\n\t\t\t<div class=\"elementor-widget-wrap elementor-element-populated\">\n\t\t\t\t\t\t<div class=\"elementor-element elementor-element-e11cdeb elementor-widget__width-initial elementor-widget elementor-widget-image\" data-id=\"e11cdeb\" data-element_type=\"widget\" data-e-type=\"widget\" data-widget_type=\"image.default\">\n\t\t\t\t<div class=\"elementor-widget-container\">\n\t\t\t\t\t\t\t\t\t\t\t\t\t\t\t<img decoding=\"async\" width=\"724\" height=\"1024\" src=\"https:\/\/gymnasium-nordenham.de\/wp-content\/uploads\/2025\/11\/Organigramm-SV2025-1-0-724x1024.jpg\" class=\"attachment-large size-large wp-image-14205\" alt=\"\" srcset=\"https:\/\/gymnasium-nordenham.de\/wp-content\/uploads\/2025\/11\/Organigramm-SV2025-1-0-724x1024.jpg 724w, https:\/\/gymnasium-nordenham.de\/wp-content\/uploads\/2025\/11\/Organigramm-SV2025-1-0-212x300.jpg 212w, https:\/\/gymnasium-nordenham.de\/wp-content\/uploads\/2025\/11\/Organigramm-SV2025-1-0-768x1086.jpg 768w, https:\/\/gymnasium-nordenham.de\/wp-content\/uploads\/2025\/11\/Organigramm-SV2025-1-0-1086x1536.jpg 1086w, https:\/\/gymnasium-nordenham.de\/wp-content\/uploads\/2025\/11\/Organigramm-SV2025-1-0-1448x2048.jpg 1448w, https:\/\/gymnasium-nordenham.de\/wp-content\/uploads\/2025\/11\/Organigramm-SV2025-1-0-8x12.jpg 8w, https:\/\/gymnasium-nordenham.de\/wp-content\/uploads\/2025\/11\/Organigramm-SV2025-1-0-scaled.jpg 1811w\" sizes=\"(max-width: 724px) 100vw, 724px\" \/>\t\t\t\t\t\t\t\t\t\t\t\t\t\t\t<\/div>\n\t\t\t\t<\/div>\n\t\t\t\t\t<\/div>\n\t\t<\/div>\n\t\t\t\t\t<\/div>\n\t\t<\/section>\n\t\t\t\t<div class=\"elementor-element elementor-element-4865638 elementor-widget elementor-widget-heading\" data-id=\"4865638\" data-element_type=\"widget\" data-e-type=\"widget\" data-widget_type=\"heading.default\">\n\t\t\t\t<div class=\"elementor-widget-container\">\n\t\t\t\t\t<h2 class=\"elementor-heading-title elementor-size-default\">Die Klassensprecherwahl<\/h2>\t\t\t\t<\/div>\n\t\t\t\t<\/div>\n\t\t\t\t<div class=\"elementor-element elementor-element-5ed69dd elementor-widget elementor-widget-video\" data-id=\"5ed69dd\" data-element_type=\"widget\" data-e-type=\"widget\" data-settings=\"{&quot;video_type&quot;:&quot;hosted&quot;,&quot;controls&quot;:&quot;yes&quot;}\" data-widget_type=\"video.default\">\n\t\t\t\t<div class=\"elementor-widget-container\">\n\t\t\t\t\t\t\t<div class=\"e-hosted-video elementor-wrapper elementor-open-inline\">\n\t\t\t\t\t<video class=\"elementor-video\" src=\"https:\/\/gymnasium-nordenham.de\/wp-content\/uploads\/2023\/08\/VID-20220712-WA0018.mp4\" controls=\"\" preload=\"metadata\" controlslist=\"nodownload\"><\/video>\n\t\t\t\t<\/div>\n\t\t\t\t\t\t<\/div>\n\t\t\t\t<\/div>\n\t\t\t\t\t<\/div>\n\t\t<\/div>\n\t\t\t\t<div class=\"elementor-column elementor-col-33 elementor-top-column elementor-element elementor-element-c25fcbf\" data-id=\"c25fcbf\" data-element_type=\"column\" data-e-type=\"column\">\n\t\t\t<div class=\"elementor-widget-wrap elementor-element-populated\">\n\t\t\t\t\t\t<div class=\"elementor-element elementor-element-497df0a elementor-invisible elementor-widget elementor-widget-wp-widget-nav_menu\" data-id=\"497df0a\" data-element_type=\"widget\" data-e-type=\"widget\" data-settings=\"{&quot;_animation&quot;:&quot;fadeInUp&quot;}\" data-widget_type=\"wp-widget-nav_menu.default\">\n\t\t\t\t<div class=\"elementor-widget-container\">\n\t\t\t\t\t<div class=\"menu-untermenue-wir-am-gn-container\"><ul id=\"menu-untermenue-wir-am-gn\" class=\"menu\"><li id=\"menu-item-1553\" class=\"menu-item menu-item-type-post_type menu-item-object-page menu-item-1553\"><a href=\"https:\/\/gymnasium-nordenham.de\/en\/die\">Schulleitungsteam<\/a><\/li>\n<li id=\"menu-item-1555\" class=\"menu-item menu-item-type-post_type menu-item-object-page menu-item-1555\"><a href=\"https:\/\/gymnasium-nordenham.de\/en\/kollegium\">Kollegium<\/a><\/li>\n<li id=\"menu-item-1560\" class=\"menu-item menu-item-type-post_type menu-item-object-page menu-item-1560\"><a href=\"https:\/\/gymnasium-nordenham.de\/en\/verwaltung\">Verwaltung<\/a><\/li>\n<li id=\"menu-item-2785\" class=\"menu-item menu-item-type-post_type menu-item-object-page menu-item-2785\"><a href=\"https:\/\/gymnasium-nordenham.de\/en\/schulelternrat\">Schulelternrat<\/a><\/li>\n<li id=\"menu-item-1558\" class=\"menu-item menu-item-type-post_type menu-item-object-page menu-item-1558\"><a href=\"https:\/\/gymnasium-nordenham.de\/en\/schuelervertretung-ersatz\">Sch\u00fclervertretung<\/a><\/li>\n<li id=\"menu-item-1556\" class=\"menu-item menu-item-type-post_type menu-item-object-page menu-item-1556\"><a href=\"https:\/\/gymnasium-nordenham.de\/en\/personalrat\">Personalrat<\/a><\/li>\n<li id=\"menu-item-1552\" class=\"menu-item menu-item-type-post_type menu-item-object-page menu-item-1552\"><a href=\"https:\/\/gymnasium-nordenham.de\/en\/beratungslehrer\">Beratungslehrer<\/a><\/li>\n<li id=\"menu-item-2808\" class=\"menu-item menu-item-type-post_type menu-item-object-page menu-item-2808\"><a href=\"https:\/\/gymnasium-nordenham.de\/en\/streitschlichter-wir-am-gn\">Streitschlichter<\/a><\/li>\n<li id=\"menu-item-4271\" class=\"menu-item menu-item-type-post_type menu-item-object-page menu-item-4271\"><a href=\"https:\/\/gymnasium-nordenham.de\/en\/medienscouts\">Medienscouts<\/a><\/li>\n<li id=\"menu-item-2901\" class=\"menu-item menu-item-type-post_type menu-item-object-page menu-item-2901\"><a href=\"https:\/\/gymnasium-nordenham.de\/en\/foerderverein-2\">F\u00f6rderverein<\/a><\/li>\n<\/ul><\/div>\t\t\t\t<\/div>\n\t\t\t\t<\/div>\n\t\t\t\t\t<\/div>\n\t\t<\/div>\n\t\t\t\t\t<\/div>\n\t\t<\/section>\n\t\t\t\t<section class=\"elementor-section elementor-top-section elementor-element elementor-element-3a16e34 elementor-section-full_width elementor-section-height-default elementor-section-height-default\" data-id=\"3a16e34\" data-element_type=\"section\" data-e-type=\"section\">\n\t\t\t\t\t\t<div class=\"elementor-container elementor-column-gap-default\">\n\t\t\t\t\t<div class=\"elementor-column elementor-col-100 elementor-top-column elementor-element elementor-element-6b51f63\" data-id=\"6b51f63\" data-element_type=\"column\" data-e-type=\"column\">\n\t\t\t<div class=\"elementor-widget-wrap elementor-element-populated\">\n\t\t\t\t\t\t\t<\/div>\n\t\t<\/div>\n\t\t\t\t\t<\/div>\n\t\t<\/section>\n\t\t\t\t<\/div>","protected":false},"excerpt":{"rendered":"<p>Die Sch\u00fclervertretung Unsere Sch\u00fclervertretung Die Klassensprecherwahl https:\/\/gymnasium-nordenham.de\/wp-content\/uploads\/2023\/08\/VID-20220712-WA0018.mp4<\/p>","protected":false},"author":4,"featured_media":0,"parent":0,"menu_order":0,"comment_status":"closed","ping_status":"closed","template":"elementor_header_footer","meta":{"_crdt_document":"","footnotes":""},"class_list":["post-1044","page","type-page","status-publish","hentry"],"yoast_head":"<!-- This site is optimized with the Yoast SEO plugin v27.3 - https:\/\/yoast.com\/product\/yoast-seo-wordpress\/ -->\n<title>Sch\u00fclervertretung - Gymnasium Nordenham<\/title>\n<meta name=\"robots\" content=\"index, follow, max-snippet:-1, max-image-preview:large, max-video-preview:-1\" \/>\n<link rel=\"canonical\" href=\"https:\/\/gymnasium-nordenham.de\/en\/schuelervertretung-ersatz\/\" \/>\n<meta property=\"og:locale\" content=\"en_GB\" \/>\n<meta property=\"og:type\" content=\"article\" \/>\n<meta property=\"og:title\" content=\"Sch\u00fclervertretung - Gymnasium Nordenham\" \/>\n<meta property=\"og:description\" content=\"Die Sch\u00fclervertretung Unsere Sch\u00fclervertretung Die Klassensprecherwahl https:\/\/gymnasium-nordenham.de\/wp-content\/uploads\/2023\/08\/VID-20220712-WA0018.mp4\" \/>\n<meta property=\"og:url\" content=\"https:\/\/gymnasium-nordenham.de\/en\/schuelervertretung-ersatz\/\" \/>\n<meta property=\"og:site_name\" content=\"Gymnasium Nordenham\" \/>\n<meta property=\"article:modified_time\" content=\"2025-11-19T13:28:06+00:00\" \/>\n<meta property=\"og:image\" content=\"https:\/\/gymnasium-nordenham.de\/wp-content\/uploads\/2025\/11\/Organigramm-SV2025-1-1-724x1024.jpg\" \/>\n<meta name=\"twitter:card\" content=\"summary_large_image\" \/>\n<meta name=\"twitter:label1\" content=\"Estimated reading time\" \/>\n\t<meta name=\"twitter:data1\" content=\"1 minute\" \/>\n<script type=\"application\/ld+json\" class=\"yoast-schema-graph\">{\"@context\":\"https:\\\/\\\/schema.org\",\"@graph\":[{\"@type\":\"WebPage\",\"@id\":\"https:\\\/\\\/gymnasium-nordenham.de\\\/schuelervertretung-ersatz\",\"url\":\"https:\\\/\\\/gymnasium-nordenham.de\\\/schuelervertretung-ersatz\",\"name\":\"Sch\u00fclervertretung - Gymnasium Nordenham\",\"isPartOf\":{\"@id\":\"https:\\\/\\\/gymnasium-nordenham.de\\\/#website\"},\"primaryImageOfPage\":{\"@id\":\"https:\\\/\\\/gymnasium-nordenham.de\\\/schuelervertretung-ersatz#primaryimage\"},\"image\":{\"@id\":\"https:\\\/\\\/gymnasium-nordenham.de\\\/schuelervertretung-ersatz#primaryimage\"},\"thumbnailUrl\":\"https:\\\/\\\/gymnasium-nordenham.de\\\/wp-content\\\/uploads\\\/2025\\\/11\\\/Organigramm-SV2025-1-1-724x1024.jpg\",\"datePublished\":\"2020-02-02T18:28:21+00:00\",\"dateModified\":\"2025-11-19T13:28:06+00:00\",\"breadcrumb\":{\"@id\":\"https:\\\/\\\/gymnasium-nordenham.de\\\/schuelervertretung-ersatz#breadcrumb\"},\"inLanguage\":\"en-GB\",\"potentialAction\":[{\"@type\":\"ReadAction\",\"target\":[\"https:\\\/\\\/gymnasium-nordenham.de\\\/schuelervertretung-ersatz\"]}]},{\"@type\":\"ImageObject\",\"inLanguage\":\"en-GB\",\"@id\":\"https:\\\/\\\/gymnasium-nordenham.de\\\/schuelervertretung-ersatz#primaryimage\",\"url\":\"https:\\\/\\\/gymnasium-nordenham.de\\\/wp-content\\\/uploads\\\/2025\\\/11\\\/Organigramm-SV2025-1-1-724x1024.jpg\",\"contentUrl\":\"https:\\\/\\\/gymnasium-nordenham.de\\\/wp-content\\\/uploads\\\/2025\\\/11\\\/Organigramm-SV2025-1-1-724x1024.jpg\"},{\"@type\":\"BreadcrumbList\",\"@id\":\"https:\\\/\\\/gymnasium-nordenham.de\\\/schuelervertretung-ersatz#breadcrumb\",\"itemListElement\":[{\"@type\":\"ListItem\",\"position\":1,\"name\":\"Startseite\",\"item\":\"https:\\\/\\\/gymnasium-nordenham.de\\\/\"},{\"@type\":\"ListItem\",\"position\":2,\"name\":\"Sch\u00fclervertretung\"}]},{\"@type\":\"WebSite\",\"@id\":\"https:\\\/\\\/gymnasium-nordenham.de\\\/#website\",\"url\":\"https:\\\/\\\/gymnasium-nordenham.de\\\/\",\"name\":\"Gymnasium Nordenham\",\"description\":\"Miteinander, voneinander und f\u00fcreinander lernen\",\"potentialAction\":[{\"@type\":\"SearchAction\",\"target\":{\"@type\":\"EntryPoint\",\"urlTemplate\":\"https:\\\/\\\/gymnasium-nordenham.de\\\/?s={search_term_string}\"},\"query-input\":{\"@type\":\"PropertyValueSpecification\",\"valueRequired\":true,\"valueName\":\"search_term_string\"}}],\"inLanguage\":\"en-GB\"}]}<\/script>\n<!-- \/ Yoast SEO plugin. -->","yoast_head_json":{"title":"Sch\u00fclervertretung - Gymnasium Nordenham","robots":{"index":"index","follow":"follow","max-snippet":"max-snippet:-1","max-image-preview":"max-image-preview:large","max-video-preview":"max-video-preview:-1"},"canonical":"https:\/\/gymnasium-nordenham.de\/en\/schuelervertretung-ersatz\/","og_locale":"en_GB","og_type":"article","og_title":"Sch\u00fclervertretung - Gymnasium Nordenham","og_description":"Die Sch\u00fclervertretung Unsere Sch\u00fclervertretung Die Klassensprecherwahl https:\/\/gymnasium-nordenham.de\/wp-content\/uploads\/2023\/08\/VID-20220712-WA0018.mp4","og_url":"https:\/\/gymnasium-nordenham.de\/en\/schuelervertretung-ersatz\/","og_site_name":"Gymnasium Nordenham","article_modified_time":"2025-11-19T13:28:06+00:00","og_image":[{"url":"https:\/\/gymnasium-nordenham.de\/wp-content\/uploads\/2025\/11\/Organigramm-SV2025-1-1-724x1024.jpg","type":"","width":"","height":""}],"twitter_card":"summary_large_image","twitter_misc":{"Estimated reading time":"1 minute"},"schema":{"@context":"https:\/\/schema.org","@graph":[{"@type":"WebPage","@id":"https:\/\/gymnasium-nordenham.de\/schuelervertretung-ersatz","url":"https:\/\/gymnasium-nordenham.de\/schuelervertretung-ersatz","name":"Sch\u00fclervertretung - Gymnasium Nordenham","isPartOf":{"@id":"https:\/\/gymnasium-nordenham.de\/#website"},"primaryImageOfPage":{"@id":"https:\/\/gymnasium-nordenham.de\/schuelervertretung-ersatz#primaryimage"},"image":{"@id":"https:\/\/gymnasium-nordenham.de\/schuelervertretung-ersatz#primaryimage"},"thumbnailUrl":"https:\/\/gymnasium-nordenham.de\/wp-content\/uploads\/2025\/11\/Organigramm-SV2025-1-1-724x1024.jpg","datePublished":"2020-02-02T18:28:21+00:00","dateModified":"2025-11-19T13:28:06+00:00","breadcrumb":{"@id":"https:\/\/gymnasium-nordenham.de\/schuelervertretung-ersatz#breadcrumb"},"inLanguage":"en-GB","potentialAction":[{"@type":"ReadAction","target":["https:\/\/gymnasium-nordenham.de\/schuelervertretung-ersatz"]}]},{"@type":"ImageObject","inLanguage":"en-GB","@id":"https:\/\/gymnasium-nordenham.de\/schuelervertretung-ersatz#primaryimage","url":"https:\/\/gymnasium-nordenham.de\/wp-content\/uploads\/2025\/11\/Organigramm-SV2025-1-1-724x1024.jpg","contentUrl":"https:\/\/gymnasium-nordenham.de\/wp-content\/uploads\/2025\/11\/Organigramm-SV2025-1-1-724x1024.jpg"},{"@type":"BreadcrumbList","@id":"https:\/\/gymnasium-nordenham.de\/schuelervertretung-ersatz#breadcrumb","itemListElement":[{"@type":"ListItem","position":1,"name":"Startseite","item":"https:\/\/gymnasium-nordenham.de\/"},{"@type":"ListItem","position":2,"name":"Sch\u00fclervertretung"}]},{"@type":"WebSite","@id":"https:\/\/gymnasium-nordenham.de\/#website","url":"https:\/\/gymnasium-nordenham.de\/","name":"Gymnasium Nordenham","description":"Miteinander, voneinander und f\u00fcreinander lernen","potentialAction":[{"@type":"SearchAction","target":{"@type":"EntryPoint","urlTemplate":"https:\/\/gymnasium-nordenham.de\/?s={search_term_string}"},"query-input":{"@type":"PropertyValueSpecification","valueRequired":true,"valueName":"search_term_string"}}],"inLanguage":"en-GB"}]}},"_links":{"self":[{"href":"https:\/\/gymnasium-nordenham.de\/en\/wp-json\/wp\/v2\/pages\/1044","targetHints":{"allow":["GET"]}}],"collection":[{"href":"https:\/\/gymnasium-nordenham.de\/en\/wp-json\/wp\/v2\/pages"}],"about":[{"href":"https:\/\/gymnasium-nordenham.de\/en\/wp-json\/wp\/v2\/types\/page"}],"author":[{"embeddable":true,"href":"https:\/\/gymnasium-nordenham.de\/en\/wp-json\/wp\/v2\/users\/4"}],"replies":[{"embeddable":true,"href":"https:\/\/gymnasium-nordenham.de\/en\/wp-json\/wp\/v2\/comments?post=1044"}],"version-history":[{"count":3,"href":"https:\/\/gymnasium-nordenham.de\/en\/wp-json\/wp\/v2\/pages\/1044\/revisions"}],"predecessor-version":[{"id":14213,"href":"https:\/\/gymnasium-nordenham.de\/en\/wp-json\/wp\/v2\/pages\/1044\/revisions\/14213"}],"wp:attachment":[{"href":"https:\/\/gymnasium-nordenham.de\/en\/wp-json\/wp\/v2\/media?parent=1044"}],"curies":[{"name":"wp","href":"https:\/\/api.w.org\/{rel}","templated":true}]}}